{"id":5158,"date":"2023-04-17T23:05:15","date_gmt":"2023-04-17T21:05:15","guid":{"rendered":"https:\/\/serafinozani.it\/product\/padella-manico-acciao-antiaderente-vickers-24\/"},"modified":"2023-05-23T00:23:02","modified_gmt":"2023-05-22T22:23:02","slug":"vickers-padella-o-24-cm-1-manico-serafino-zani","status":"publish","type":"product","link":"https:\/\/serafinozani.it\/en\/catalogo\/vickers-padella-o-24-cm-1-manico-serafino-zani\/","title":{"rendered":"VICKERS PADELLA \u00f8 24 cm \u2022 1 manico &#8211; SERAFINO ZANI"},"content":{"rendered":"<p>Vickers \u00e8 la serie antiaderente di altissima qualit\u00e0 che risolve il problema della durata e della funzionalit\u00e0 del rivestimento interno. Le padelle, i tegami,  le casseruole, le pentole e le bistecchiere Vickers sono strumenti per la cottura specializzata realizzati grazie a tecnologie avanzate, utensili che durano negli anni mantenendo inalterate le loro fondamentali caratteristiche di antiaderenza e assoluta igienicit\u00e0 nel tempo. Vickers \u00e8 costituita da un corpo in acciaio, su cui vengono depositati uno strato di titanio e due strati di antiaderente. Le molecole di questi due materiali, unendosi, danno origine ad una superficie durissima, molto difficile da intaccare. Soluzione assolutamente unica nel panorama degli antiaderenti. La presenza dell\u2019acciaio, con cui sono realizzati il corpo, le maniglie e i manici lunghi di tutti i pezzi, conferisce una maggiore eleganza e preziosit\u00e0 a questa linea, facilitandone nel contempo la pulizia.<br \/>\nIl rivestimento interno di Vickers \u00e8 costituito da uno strato di Titanio (Titancoat\u00ae) e un doppio strato di materiale antiaderente. La combinazione di questi due elementi d\u00e0 origine ad una superficie durissima, altamente resistente all\u2019uso e alle abrasioni da contatto. Un\u2019innovativa soluzione tecnica che aumenta notevolmente la durata del rivestimento interno e ne rallenta la consunzione. Il Titancoat\u00ae allo stato liquido viene spruzzato ad altissima velocit\u00e0 sul corpo di acciaio dell\u2019utensile, tramite apparecchiature al plasma ad alta tecnologia, utilizzate anche per l\u2019industria aerospaziale.<br \/>\nI corpi di tutti i pezzi Vickers sono realizzati in acciaio Inox 18\/10 di alta qualit\u00e0, e possono essere utilizzati su gas, piastra elettrica, vetroceramica e induzione, grazie al fondo termodiffusore incapsulato, brevettato da Tarcisio Zani, che assicura una distribuzione uniforme del calore.<br \/>\nLe maniglie e i manici di Vickers sono realizzati in acciaio inox 18\/10 di alta qualit\u00e0 e progettati per assicurare maneggevolezza e sicurezza nella presa: vengono infatti riempiti di perlite (roccia lavica espansa), materiale inerte particolarmente leggero, che ostacola la trasmissione del calore proveniente dal corpo dell\u2019utensile.<\/p>\n<p><b>Non surriscaldare. Forno fino a 180\u00b0, no micro-onde<\/b><\/p>\n<p><b>La confezione include<\/b><br \/>\n1 paella antiaderente \u00f8 24 cm, senza coperchio<\/p>\n","protected":false},"excerpt":{"rendered":"<p>Padella ad un manico diametro 24 cm in acciaio ad alto spessore, rivestimento con doppio strato antiaderente di altissima qualit\u00e0 e titanio. L\u2019Acciaio Inox 18\/10 lucidato a specchio conferisce a Vickers eleganza e preziosit\u00e0, facilitandone anche la pulizia. Progettati per assicurare maneggevolezza e sicurezza nella presa, i manici sono realizzati in Acciaio Inox e riempiti di perlite, materiale refrattario che ostacola la trasmissione del calore proveniente dal corpo dell\u2019utensile. Il triplofondo termo-diffusore brevettato Zani assicura un\u2019ottimale distribuzione del calore, evitando gli sprechi di energia e permettendone l\u2019uso su gas, piastra elettrica, vetro-ceramica e piani ad Induzione. PFOA free, PFOS free.<\/p>\n","protected":false},"featured_media":18749,"template":"","meta":[],"product_cat":[71,467,602],"product_tag":[715,655],"class_list":["post-5158","product","type-product","status-publish","has-post-thumbnail","hentry","product_cat-pentole","product_cat-vickers-pentole","product_cat-serafino-zani","product_tag-serafino-zanikitchenwarevickerssteel","product_tag-acciaio","pa_designer-tarcisio-zani","pa_linea-vickers","pa_materiale-antiaderente-e-acciaio-inox-18-10"],"yoast_head":"<!-- This site is optimized with the Yoast SEO plugin v26.3 - https:\/\/yoast.com\/wordpress\/plugins\/seo\/ -->\n<title>VICKERS PADELLA \u00f8 24 cm \u2022 1 manico - SERAFINO ZANI - SerafinoZani<\/title>\n<meta name=\"robots\" content=\"index, follow, max-snippet:-1, max-image-preview:large, max-video-preview:-1\" \/>\n<link rel=\"canonical\" href=\"https:\/\/serafinozani.it\/en\/catalogo\/vickers-padella-o-24-cm-1-manico-serafino-zani\/\" \/>\n<meta property=\"og:locale\" content=\"en_US\" \/>\n<meta property=\"og:type\" content=\"article\" \/>\n<meta property=\"og:title\" content=\"VICKERS PADELLA \u00f8 24 cm \u2022 1 manico - SERAFINO ZANI - SerafinoZani\" \/>\n<meta property=\"og:description\" content=\"Padella ad un manico diametro 24 cm in acciaio ad alto spessore, rivestimento con doppio strato antiaderente di altissima qualit\u00e0 e titanio. L\u2019Acciaio Inox 18\/10 lucidato a specchio conferisce a Vickers eleganza e preziosit\u00e0, facilitandone anche la pulizia. Progettati per assicurare maneggevolezza e sicurezza nella presa, i manici sono realizzati in Acciaio Inox e riempiti di perlite, materiale refrattario che ostacola la trasmissione del calore proveniente dal corpo dell\u2019utensile. Il triplofondo termo-diffusore brevettato Zani assicura un\u2019ottimale distribuzione del calore, evitando gli sprechi di energia e permettendone l\u2019uso su gas, piastra elettrica, vetro-ceramica e piani ad Induzione. PFOA free, PFOS free.\" \/>\n<meta property=\"og:url\" content=\"https:\/\/serafinozani.it\/en\/catalogo\/vickers-padella-o-24-cm-1-manico-serafino-zani\/\" \/>\n<meta property=\"og:site_name\" content=\"SerafinoZani\" \/>\n<meta property=\"article:publisher\" content=\"https:\/\/www.facebook.com\/SerafinoZani.Italy\" \/>\n<meta property=\"article:modified_time\" content=\"2023-05-22T22:23:02+00:00\" \/>\n<meta property=\"og:image\" content=\"https:\/\/serafinozani.it\/wp-content\/uploads\/2023\/05\/KA7VM24A_1.jpg\" \/>\n\t<meta property=\"og:image:width\" content=\"1200\" \/>\n\t<meta property=\"og:image:height\" content=\"1200\" \/>\n\t<meta property=\"og:image:type\" content=\"image\/jpeg\" \/>\n<meta name=\"twitter:card\" content=\"summary_large_image\" \/>\n<meta name=\"twitter:label1\" content=\"Est. reading time\" \/>\n\t<meta name=\"twitter:data1\" content=\"2 minutes\" \/>\n<script type=\"application\/ld+json\" class=\"yoast-schema-graph\">{\"@context\":\"https:\/\/schema.org\",\"@graph\":[{\"@type\":\"WebPage\",\"@id\":\"https:\/\/serafinozani.it\/en\/catalogo\/vickers-padella-o-24-cm-1-manico-serafino-zani\/\",\"url\":\"https:\/\/serafinozani.it\/en\/catalogo\/vickers-padella-o-24-cm-1-manico-serafino-zani\/\",\"name\":\"VICKERS PADELLA \u00f8 24 cm \u2022 1 manico - SERAFINO ZANI - SerafinoZani\",\"isPartOf\":{\"@id\":\"https:\/\/serafinozani.it\/en\/#website\"},\"primaryImageOfPage\":{\"@id\":\"https:\/\/serafinozani.it\/en\/catalogo\/vickers-padella-o-24-cm-1-manico-serafino-zani\/#primaryimage\"},\"image\":{\"@id\":\"https:\/\/serafinozani.it\/en\/catalogo\/vickers-padella-o-24-cm-1-manico-serafino-zani\/#primaryimage\"},\"thumbnailUrl\":\"https:\/\/serafinozani.it\/wp-content\/uploads\/2023\/05\/KA7VM24A_1.jpg\",\"datePublished\":\"2023-04-17T21:05:15+00:00\",\"dateModified\":\"2023-05-22T22:23:02+00:00\",\"breadcrumb\":{\"@id\":\"https:\/\/serafinozani.it\/en\/catalogo\/vickers-padella-o-24-cm-1-manico-serafino-zani\/#breadcrumb\"},\"inLanguage\":\"en-US\",\"potentialAction\":[{\"@type\":\"ReadAction\",\"target\":[\"https:\/\/serafinozani.it\/en\/catalogo\/vickers-padella-o-24-cm-1-manico-serafino-zani\/\"]}]},{\"@type\":\"ImageObject\",\"inLanguage\":\"en-US\",\"@id\":\"https:\/\/serafinozani.it\/en\/catalogo\/vickers-padella-o-24-cm-1-manico-serafino-zani\/#primaryimage\",\"url\":\"https:\/\/serafinozani.it\/wp-content\/uploads\/2023\/05\/KA7VM24A_1.jpg\",\"contentUrl\":\"https:\/\/serafinozani.it\/wp-content\/uploads\/2023\/05\/KA7VM24A_1.jpg\",\"width\":1200,\"height\":1200},{\"@type\":\"BreadcrumbList\",\"@id\":\"https:\/\/serafinozani.it\/en\/catalogo\/vickers-padella-o-24-cm-1-manico-serafino-zani\/#breadcrumb\",\"itemListElement\":[{\"@type\":\"ListItem\",\"position\":1,\"name\":\"Home\",\"item\":\"https:\/\/serafinozani.it\/shop\/\"},{\"@type\":\"ListItem\",\"position\":2,\"name\":\"VICKERS PADELLA \u00f8 24 cm \u2022 1 manico &#8211; SERAFINO ZANI\"}]},{\"@type\":\"WebSite\",\"@id\":\"https:\/\/serafinozani.it\/en\/#website\",\"url\":\"https:\/\/serafinozani.it\/en\/\",\"name\":\"SerafinoZani\",\"description\":\"Le pentole fabbricate in Italia\",\"publisher\":{\"@id\":\"https:\/\/serafinozani.it\/en\/#organization\"},\"alternateName\":\"Le pentole fabbricate in Italia\",\"potentialAction\":[{\"@type\":\"SearchAction\",\"target\":{\"@type\":\"EntryPoint\",\"urlTemplate\":\"https:\/\/serafinozani.it\/en\/?s={search_term_string}\"},\"query-input\":{\"@type\":\"PropertyValueSpecification\",\"valueRequired\":true,\"valueName\":\"search_term_string\"}}],\"inLanguage\":\"en-US\"},{\"@type\":\"Organization\",\"@id\":\"https:\/\/serafinozani.it\/en\/#organization\",\"name\":\"SerafinoZani\",\"url\":\"https:\/\/serafinozani.it\/en\/\",\"logo\":{\"@type\":\"ImageObject\",\"inLanguage\":\"en-US\",\"@id\":\"https:\/\/serafinozani.it\/en\/#\/schema\/logo\/image\/\",\"url\":\"https:\/\/serafinozani.it\/wp-content\/uploads\/2021\/03\/KA7VMPE20A.jpg\",\"contentUrl\":\"https:\/\/serafinozani.it\/wp-content\/uploads\/2021\/03\/KA7VMPE20A.jpg\",\"width\":1,\"height\":1,\"caption\":\"SerafinoZani\"},\"image\":{\"@id\":\"https:\/\/serafinozani.it\/en\/#\/schema\/logo\/image\/\"},\"sameAs\":[\"https:\/\/www.facebook.com\/SerafinoZani.Italy\"]}]}<\/script>\n<!-- \/ Yoast SEO plugin. -->","yoast_head_json":{"title":"VICKERS PADELLA \u00f8 24 cm \u2022 1 manico - SERAFINO ZANI - SerafinoZani","robots":{"index":"index","follow":"follow","max-snippet":"max-snippet:-1","max-image-preview":"max-image-preview:large","max-video-preview":"max-video-preview:-1"},"canonical":"https:\/\/serafinozani.it\/en\/catalogo\/vickers-padella-o-24-cm-1-manico-serafino-zani\/","og_locale":"en_US","og_type":"article","og_title":"VICKERS PADELLA \u00f8 24 cm \u2022 1 manico - SERAFINO ZANI - SerafinoZani","og_description":"Padella ad un manico diametro 24 cm in acciaio ad alto spessore, rivestimento con doppio strato antiaderente di altissima qualit\u00e0 e titanio. L\u2019Acciaio Inox 18\/10 lucidato a specchio conferisce a Vickers eleganza e preziosit\u00e0, facilitandone anche la pulizia. Progettati per assicurare maneggevolezza e sicurezza nella presa, i manici sono realizzati in Acciaio Inox e riempiti di perlite, materiale refrattario che ostacola la trasmissione del calore proveniente dal corpo dell\u2019utensile. Il triplofondo termo-diffusore brevettato Zani assicura un\u2019ottimale distribuzione del calore, evitando gli sprechi di energia e permettendone l\u2019uso su gas, piastra elettrica, vetro-ceramica e piani ad Induzione. PFOA free, PFOS free.","og_url":"https:\/\/serafinozani.it\/en\/catalogo\/vickers-padella-o-24-cm-1-manico-serafino-zani\/","og_site_name":"SerafinoZani","article_publisher":"https:\/\/www.facebook.com\/SerafinoZani.Italy","article_modified_time":"2023-05-22T22:23:02+00:00","og_image":[{"width":1200,"height":1200,"url":"https:\/\/serafinozani.it\/wp-content\/uploads\/2023\/05\/KA7VM24A_1.jpg","type":"image\/jpeg"}],"twitter_card":"summary_large_image","twitter_misc":{"Est. reading time":"2 minutes"},"schema":{"@context":"https:\/\/schema.org","@graph":[{"@type":"WebPage","@id":"https:\/\/serafinozani.it\/en\/catalogo\/vickers-padella-o-24-cm-1-manico-serafino-zani\/","url":"https:\/\/serafinozani.it\/en\/catalogo\/vickers-padella-o-24-cm-1-manico-serafino-zani\/","name":"VICKERS PADELLA \u00f8 24 cm \u2022 1 manico - SERAFINO ZANI - SerafinoZani","isPartOf":{"@id":"https:\/\/serafinozani.it\/en\/#website"},"primaryImageOfPage":{"@id":"https:\/\/serafinozani.it\/en\/catalogo\/vickers-padella-o-24-cm-1-manico-serafino-zani\/#primaryimage"},"image":{"@id":"https:\/\/serafinozani.it\/en\/catalogo\/vickers-padella-o-24-cm-1-manico-serafino-zani\/#primaryimage"},"thumbnailUrl":"https:\/\/serafinozani.it\/wp-content\/uploads\/2023\/05\/KA7VM24A_1.jpg","datePublished":"2023-04-17T21:05:15+00:00","dateModified":"2023-05-22T22:23:02+00:00","breadcrumb":{"@id":"https:\/\/serafinozani.it\/en\/catalogo\/vickers-padella-o-24-cm-1-manico-serafino-zani\/#breadcrumb"},"inLanguage":"en-US","potentialAction":[{"@type":"ReadAction","target":["https:\/\/serafinozani.it\/en\/catalogo\/vickers-padella-o-24-cm-1-manico-serafino-zani\/"]}]},{"@type":"ImageObject","inLanguage":"en-US","@id":"https:\/\/serafinozani.it\/en\/catalogo\/vickers-padella-o-24-cm-1-manico-serafino-zani\/#primaryimage","url":"https:\/\/serafinozani.it\/wp-content\/uploads\/2023\/05\/KA7VM24A_1.jpg","contentUrl":"https:\/\/serafinozani.it\/wp-content\/uploads\/2023\/05\/KA7VM24A_1.jpg","width":1200,"height":1200},{"@type":"BreadcrumbList","@id":"https:\/\/serafinozani.it\/en\/catalogo\/vickers-padella-o-24-cm-1-manico-serafino-zani\/#breadcrumb","itemListElement":[{"@type":"ListItem","position":1,"name":"Home","item":"https:\/\/serafinozani.it\/shop\/"},{"@type":"ListItem","position":2,"name":"VICKERS PADELLA \u00f8 24 cm \u2022 1 manico &#8211; SERAFINO ZANI"}]},{"@type":"WebSite","@id":"https:\/\/serafinozani.it\/en\/#website","url":"https:\/\/serafinozani.it\/en\/","name":"SerafinoZani","description":"Le pentole fabbricate in Italia","publisher":{"@id":"https:\/\/serafinozani.it\/en\/#organization"},"alternateName":"Le pentole fabbricate in Italia","potentialAction":[{"@type":"SearchAction","target":{"@type":"EntryPoint","urlTemplate":"https:\/\/serafinozani.it\/en\/?s={search_term_string}"},"query-input":{"@type":"PropertyValueSpecification","valueRequired":true,"valueName":"search_term_string"}}],"inLanguage":"en-US"},{"@type":"Organization","@id":"https:\/\/serafinozani.it\/en\/#organization","name":"SerafinoZani","url":"https:\/\/serafinozani.it\/en\/","logo":{"@type":"ImageObject","inLanguage":"en-US","@id":"https:\/\/serafinozani.it\/en\/#\/schema\/logo\/image\/","url":"https:\/\/serafinozani.it\/wp-content\/uploads\/2021\/03\/KA7VMPE20A.jpg","contentUrl":"https:\/\/serafinozani.it\/wp-content\/uploads\/2021\/03\/KA7VMPE20A.jpg","width":1,"height":1,"caption":"SerafinoZani"},"image":{"@id":"https:\/\/serafinozani.it\/en\/#\/schema\/logo\/image\/"},"sameAs":["https:\/\/www.facebook.com\/SerafinoZani.Italy"]}]}},"_links":{"self":[{"href":"https:\/\/serafinozani.it\/en\/wp-json\/wp\/v2\/product\/5158","targetHints":{"allow":["GET"]}}],"collection":[{"href":"https:\/\/serafinozani.it\/en\/wp-json\/wp\/v2\/product"}],"about":[{"href":"https:\/\/serafinozani.it\/en\/wp-json\/wp\/v2\/types\/product"}],"wp:featuredmedia":[{"embeddable":true,"href":"https:\/\/serafinozani.it\/en\/wp-json\/wp\/v2\/media\/18749"}],"wp:attachment":[{"href":"https:\/\/serafinozani.it\/en\/wp-json\/wp\/v2\/media?parent=5158"}],"wp:term":[{"taxonomy":"product_cat","embeddable":true,"href":"https:\/\/serafinozani.it\/en\/wp-json\/wp\/v2\/product_cat?post=5158"},{"taxonomy":"product_tag","embeddable":true,"href":"https:\/\/serafinozani.it\/en\/wp-json\/wp\/v2\/product_tag?post=5158"}],"curies":[{"name":"wp","href":"https:\/\/api.w.org\/{rel}","templated":true}]}}