{"id":490,"date":"2023-04-17T23:34:58","date_gmt":"2023-04-17T21:34:58","guid":{"rendered":"http:\/\/serafinozani.facchinim.it\/?post_type=product&#038;p=490"},"modified":"2023-05-22T23:39:01","modified_gmt":"2023-05-22T21:39:01","slug":"rapa-nui-blu-serafino-zani","status":"publish","type":"product","link":"https:\/\/serafinozani.it\/en\/catalogo\/rapa-nui-blu-serafino-zani\/","title":{"rendered":"RAPA NUI &#8211; Blu &#8211; SERAFINO ZANI"},"content":{"rendered":"<p>Nata per celebrare i primi dieci anni del XXI secolo, la collezione Zero&#8217;s ha le sue caratteristiche principali nel design estremamente innovativo, i colori vivaci ed anche un ottimo rapporto qualit\u00e0\/prezzo. Serafino Zani, con la linea Zero&#8217;s, propone infatti oggetti adatti anche alle apparecchiature pi\u00f9 semplici delle tavole di tutti i giorni. Oggetti che coniugano in s\u00e9 praticit\u00e0 d&#8217;uso, bellezza delle linee, qualit\u00e0 e finitura dei materiali; oggetti che riflettono la filosofia dell&#8217;azienda, volta a realizzare cose semplici e autentiche, disegnate e costruite bene, destinate a durare nel tempo<\/p>\n<p><b><\/b><\/p>\n<p><b>La confezione include<\/b><br \/>\n1 grattugia<\/p>\n","protected":false},"excerpt":{"rendered":"<p>Grattugia in acciaio armonico e policarbonato blu. Ideale per Formaggio a Pasta Dura, Pane,  Agrumi, Zenzero e Cioccolato<\/p>\n","protected":false},"featured_media":3211,"template":"","meta":[],"product_cat":[749,605,602],"product_tag":[1167,755],"class_list":["post-490","product","type-product","status-publish","has-post-thumbnail","hentry","product_cat-zeros-serafino-zani","product_cat-utensili-da-cucina","product_cat-serafino-zani","product_tag-serafino-zanikitchen-toolszerosblue","product_tag-blu","pa_designer-paolo-romiti-massimo-mandelli","pa_linea-zeros","pa_materiale-acciaio-armonico-policarbonato"],"yoast_head":"<!-- This site is optimized with the Yoast SEO plugin v26.3 - https:\/\/yoast.com\/wordpress\/plugins\/seo\/ -->\n<title>RAPA NUI - Blu - SERAFINO ZANI - SerafinoZani<\/title>\n<meta name=\"robots\" content=\"index, follow, max-snippet:-1, max-image-preview:large, max-video-preview:-1\" \/>\n<link rel=\"canonical\" href=\"https:\/\/serafinozani.it\/en\/catalogo\/rapa-nui-blu-serafino-zani\/\" \/>\n<meta property=\"og:locale\" content=\"en_US\" \/>\n<meta property=\"og:type\" content=\"article\" \/>\n<meta property=\"og:title\" content=\"RAPA NUI - Blu - SERAFINO ZANI - SerafinoZani\" \/>\n<meta property=\"og:description\" content=\"Grattugia in acciaio armonico e policarbonato blu. Ideale per Formaggio a Pasta Dura, Pane, Agrumi, Zenzero e Cioccolato\" \/>\n<meta property=\"og:url\" content=\"https:\/\/serafinozani.it\/en\/catalogo\/rapa-nui-blu-serafino-zani\/\" \/>\n<meta property=\"og:site_name\" content=\"SerafinoZani\" \/>\n<meta property=\"article:publisher\" content=\"https:\/\/www.facebook.com\/SerafinoZani.Italy\" \/>\n<meta property=\"article:modified_time\" content=\"2023-05-22T21:39:01+00:00\" \/>\n<meta property=\"og:image\" content=\"https:\/\/serafinozani.it\/wp-content\/uploads\/2020\/02\/grattugia_grattugia_color_ghiaccio-3.jpg\" \/>\n\t<meta property=\"og:image:width\" content=\"420\" \/>\n\t<meta property=\"og:image:height\" content=\"238\" \/>\n\t<meta property=\"og:image:type\" content=\"image\/jpeg\" \/>\n<meta name=\"twitter:card\" content=\"summary_large_image\" \/>\n<script type=\"application\/ld+json\" class=\"yoast-schema-graph\">{\"@context\":\"https:\/\/schema.org\",\"@graph\":[{\"@type\":\"WebPage\",\"@id\":\"https:\/\/serafinozani.it\/en\/catalogo\/rapa-nui-blu-serafino-zani\/\",\"url\":\"https:\/\/serafinozani.it\/en\/catalogo\/rapa-nui-blu-serafino-zani\/\",\"name\":\"RAPA NUI - Blu - SERAFINO ZANI - SerafinoZani\",\"isPartOf\":{\"@id\":\"https:\/\/serafinozani.it\/en\/#website\"},\"primaryImageOfPage\":{\"@id\":\"https:\/\/serafinozani.it\/en\/catalogo\/rapa-nui-blu-serafino-zani\/#primaryimage\"},\"image\":{\"@id\":\"https:\/\/serafinozani.it\/en\/catalogo\/rapa-nui-blu-serafino-zani\/#primaryimage\"},\"thumbnailUrl\":\"https:\/\/serafinozani.it\/wp-content\/uploads\/2020\/02\/grattugia_grattugia_color_ghiaccio-3.jpg\",\"datePublished\":\"2023-04-17T21:34:58+00:00\",\"dateModified\":\"2023-05-22T21:39:01+00:00\",\"breadcrumb\":{\"@id\":\"https:\/\/serafinozani.it\/en\/catalogo\/rapa-nui-blu-serafino-zani\/#breadcrumb\"},\"inLanguage\":\"en-US\",\"potentialAction\":[{\"@type\":\"ReadAction\",\"target\":[\"https:\/\/serafinozani.it\/en\/catalogo\/rapa-nui-blu-serafino-zani\/\"]}]},{\"@type\":\"ImageObject\",\"inLanguage\":\"en-US\",\"@id\":\"https:\/\/serafinozani.it\/en\/catalogo\/rapa-nui-blu-serafino-zani\/#primaryimage\",\"url\":\"https:\/\/serafinozani.it\/wp-content\/uploads\/2020\/02\/grattugia_grattugia_color_ghiaccio-3.jpg\",\"contentUrl\":\"https:\/\/serafinozani.it\/wp-content\/uploads\/2020\/02\/grattugia_grattugia_color_ghiaccio-3.jpg\",\"width\":420,\"height\":238,\"caption\":\"Grattugia, color blu\"},{\"@type\":\"BreadcrumbList\",\"@id\":\"https:\/\/serafinozani.it\/en\/catalogo\/rapa-nui-blu-serafino-zani\/#breadcrumb\",\"itemListElement\":[{\"@type\":\"ListItem\",\"position\":1,\"name\":\"Home\",\"item\":\"https:\/\/serafinozani.it\/shop\/\"},{\"@type\":\"ListItem\",\"position\":2,\"name\":\"RAPA NUI &#8211; Blu &#8211; SERAFINO ZANI\"}]},{\"@type\":\"WebSite\",\"@id\":\"https:\/\/serafinozani.it\/en\/#website\",\"url\":\"https:\/\/serafinozani.it\/en\/\",\"name\":\"SerafinoZani\",\"description\":\"Le pentole fabbricate in Italia\",\"publisher\":{\"@id\":\"https:\/\/serafinozani.it\/en\/#organization\"},\"alternateName\":\"Le pentole fabbricate in Italia\",\"potentialAction\":[{\"@type\":\"SearchAction\",\"target\":{\"@type\":\"EntryPoint\",\"urlTemplate\":\"https:\/\/serafinozani.it\/en\/?s={search_term_string}\"},\"query-input\":{\"@type\":\"PropertyValueSpecification\",\"valueRequired\":true,\"valueName\":\"search_term_string\"}}],\"inLanguage\":\"en-US\"},{\"@type\":\"Organization\",\"@id\":\"https:\/\/serafinozani.it\/en\/#organization\",\"name\":\"SerafinoZani\",\"url\":\"https:\/\/serafinozani.it\/en\/\",\"logo\":{\"@type\":\"ImageObject\",\"inLanguage\":\"en-US\",\"@id\":\"https:\/\/serafinozani.it\/en\/#\/schema\/logo\/image\/\",\"url\":\"https:\/\/serafinozani.it\/wp-content\/uploads\/2021\/03\/KA7VMPE20A.jpg\",\"contentUrl\":\"https:\/\/serafinozani.it\/wp-content\/uploads\/2021\/03\/KA7VMPE20A.jpg\",\"width\":1,\"height\":1,\"caption\":\"SerafinoZani\"},\"image\":{\"@id\":\"https:\/\/serafinozani.it\/en\/#\/schema\/logo\/image\/\"},\"sameAs\":[\"https:\/\/www.facebook.com\/SerafinoZani.Italy\"]}]}<\/script>\n<!-- \/ Yoast SEO plugin. -->","yoast_head_json":{"title":"RAPA NUI - Blu - SERAFINO ZANI - SerafinoZani","robots":{"index":"index","follow":"follow","max-snippet":"max-snippet:-1","max-image-preview":"max-image-preview:large","max-video-preview":"max-video-preview:-1"},"canonical":"https:\/\/serafinozani.it\/en\/catalogo\/rapa-nui-blu-serafino-zani\/","og_locale":"en_US","og_type":"article","og_title":"RAPA NUI - Blu - SERAFINO ZANI - SerafinoZani","og_description":"Grattugia in acciaio armonico e policarbonato blu. Ideale per Formaggio a Pasta Dura, Pane, Agrumi, Zenzero e Cioccolato","og_url":"https:\/\/serafinozani.it\/en\/catalogo\/rapa-nui-blu-serafino-zani\/","og_site_name":"SerafinoZani","article_publisher":"https:\/\/www.facebook.com\/SerafinoZani.Italy","article_modified_time":"2023-05-22T21:39:01+00:00","og_image":[{"width":420,"height":238,"url":"https:\/\/serafinozani.it\/wp-content\/uploads\/2020\/02\/grattugia_grattugia_color_ghiaccio-3.jpg","type":"image\/jpeg"}],"twitter_card":"summary_large_image","schema":{"@context":"https:\/\/schema.org","@graph":[{"@type":"WebPage","@id":"https:\/\/serafinozani.it\/en\/catalogo\/rapa-nui-blu-serafino-zani\/","url":"https:\/\/serafinozani.it\/en\/catalogo\/rapa-nui-blu-serafino-zani\/","name":"RAPA NUI - Blu - SERAFINO ZANI - SerafinoZani","isPartOf":{"@id":"https:\/\/serafinozani.it\/en\/#website"},"primaryImageOfPage":{"@id":"https:\/\/serafinozani.it\/en\/catalogo\/rapa-nui-blu-serafino-zani\/#primaryimage"},"image":{"@id":"https:\/\/serafinozani.it\/en\/catalogo\/rapa-nui-blu-serafino-zani\/#primaryimage"},"thumbnailUrl":"https:\/\/serafinozani.it\/wp-content\/uploads\/2020\/02\/grattugia_grattugia_color_ghiaccio-3.jpg","datePublished":"2023-04-17T21:34:58+00:00","dateModified":"2023-05-22T21:39:01+00:00","breadcrumb":{"@id":"https:\/\/serafinozani.it\/en\/catalogo\/rapa-nui-blu-serafino-zani\/#breadcrumb"},"inLanguage":"en-US","potentialAction":[{"@type":"ReadAction","target":["https:\/\/serafinozani.it\/en\/catalogo\/rapa-nui-blu-serafino-zani\/"]}]},{"@type":"ImageObject","inLanguage":"en-US","@id":"https:\/\/serafinozani.it\/en\/catalogo\/rapa-nui-blu-serafino-zani\/#primaryimage","url":"https:\/\/serafinozani.it\/wp-content\/uploads\/2020\/02\/grattugia_grattugia_color_ghiaccio-3.jpg","contentUrl":"https:\/\/serafinozani.it\/wp-content\/uploads\/2020\/02\/grattugia_grattugia_color_ghiaccio-3.jpg","width":420,"height":238,"caption":"Grattugia, color blu"},{"@type":"BreadcrumbList","@id":"https:\/\/serafinozani.it\/en\/catalogo\/rapa-nui-blu-serafino-zani\/#breadcrumb","itemListElement":[{"@type":"ListItem","position":1,"name":"Home","item":"https:\/\/serafinozani.it\/shop\/"},{"@type":"ListItem","position":2,"name":"RAPA NUI &#8211; Blu &#8211; SERAFINO ZANI"}]},{"@type":"WebSite","@id":"https:\/\/serafinozani.it\/en\/#website","url":"https:\/\/serafinozani.it\/en\/","name":"SerafinoZani","description":"Le pentole fabbricate in Italia","publisher":{"@id":"https:\/\/serafinozani.it\/en\/#organization"},"alternateName":"Le pentole fabbricate in Italia","potentialAction":[{"@type":"SearchAction","target":{"@type":"EntryPoint","urlTemplate":"https:\/\/serafinozani.it\/en\/?s={search_term_string}"},"query-input":{"@type":"PropertyValueSpecification","valueRequired":true,"valueName":"search_term_string"}}],"inLanguage":"en-US"},{"@type":"Organization","@id":"https:\/\/serafinozani.it\/en\/#organization","name":"SerafinoZani","url":"https:\/\/serafinozani.it\/en\/","logo":{"@type":"ImageObject","inLanguage":"en-US","@id":"https:\/\/serafinozani.it\/en\/#\/schema\/logo\/image\/","url":"https:\/\/serafinozani.it\/wp-content\/uploads\/2021\/03\/KA7VMPE20A.jpg","contentUrl":"https:\/\/serafinozani.it\/wp-content\/uploads\/2021\/03\/KA7VMPE20A.jpg","width":1,"height":1,"caption":"SerafinoZani"},"image":{"@id":"https:\/\/serafinozani.it\/en\/#\/schema\/logo\/image\/"},"sameAs":["https:\/\/www.facebook.com\/SerafinoZani.Italy"]}]}},"_links":{"self":[{"href":"https:\/\/serafinozani.it\/en\/wp-json\/wp\/v2\/product\/490","targetHints":{"allow":["GET"]}}],"collection":[{"href":"https:\/\/serafinozani.it\/en\/wp-json\/wp\/v2\/product"}],"about":[{"href":"https:\/\/serafinozani.it\/en\/wp-json\/wp\/v2\/types\/product"}],"wp:featuredmedia":[{"embeddable":true,"href":"https:\/\/serafinozani.it\/en\/wp-json\/wp\/v2\/media\/3211"}],"wp:attachment":[{"href":"https:\/\/serafinozani.it\/en\/wp-json\/wp\/v2\/media?parent=490"}],"wp:term":[{"taxonomy":"product_cat","embeddable":true,"href":"https:\/\/serafinozani.it\/en\/wp-json\/wp\/v2\/product_cat?post=490"},{"taxonomy":"product_tag","embeddable":true,"href":"https:\/\/serafinozani.it\/en\/wp-json\/wp\/v2\/product_tag?post=490"}],"curies":[{"name":"wp","href":"https:\/\/api.w.org\/{rel}","templated":true}]}}