{"id":4820,"date":"2021-03-03T00:52:31","date_gmt":"2021-03-03T00:52:31","guid":{"rendered":"https:\/\/serafinozani.it\/product\/inglese-set-6-cucchiaini-moka\/"},"modified":"2023-05-30T13:59:26","modified_gmt":"2023-05-30T11:59:26","slug":"inglese-set-6-cucchiaini-moka","status":"publish","type":"product","link":"https:\/\/serafinozani.it\/en\/catalogo\/inglese-set-6-cucchiaini-moka\/","title":{"rendered":"INGLESE &#8211; Set 6 Cucchiaini Moka"},"content":{"rendered":"<p>Set sei cucchiaini piccoli da caff\u00e8 Inglese. Il servizio di posate in stile Inglese \u00e8 un grande classico, che si abbina perfettamente anche alla tavola pi\u00f9 moderna.<br \/>\nLo stile Inglese, sinonimo di praticit\u00e0 e semplicit\u00e0, permette di ottenere sempre un ottimo risultato su qualsiasi tavola; la sua linea elegante lo rende pratico e fruibile, adatto a tutte le circostanze.<\/p>\n<p>Caratteristiche:<br \/>\n&#8211; Contenuto:\u00a06 cucchiaini piccoli caff\u00e8<br \/>\n&#8211; Materiale:\u00a0Acciaio inox 18\/10 di alta qualit\u00e0 e grande spessore, finitura lucida<br \/>\n&#8211; Rifinitura realizzata a mano<br \/>\n&#8211; Lavabile in lavastoviglie<br \/>\n&#8211; Confezione regalo:\u00a0imballo serigrafato bianco e nero<br \/>\n&#8211; Linee perfettamente equilibrate e piacevoli al tatto<br \/>\n&#8211; Il design elegante e moderno si accompagna all&#8217;estrema funzionalit\u00e0<br \/>\n&#8211; Design: Serafino Zani Design Studio<br \/>\n&#8211; Collezione: Inglese<\/p>\n<p>Serafino Zani propone posate per tutti i modi e gli stili di vivere la tavola. Tutte le serie sono adatte sia all\u2019uso quotidiano che alla tavola elegante delle grandi occasioni: comprendono sia i coperti individuali (incluse le posate specializzate e le varie taglie di cucchiaini) che la serie da portata. Le posate mantengono la qualit\u00e0 di disegno e di produzione tipiche di tutti i prodotti Serafino Zani: sono perfettamente equilibrate e piacevoli al tatto, costruite con acciaio inox di qualit\u00e0 18\/10 di grande spessore, perfettamente lucidate e rifinite a mano.<\/p>\n","protected":false},"excerpt":{"rendered":"<p>Set sei cucchiaini piccoli da caff\u00e8 Inglese. Il servizio di posate in stile Inglese \u00e8 un grande classico, che si abbina perfettamente anche alla tavola pi\u00f9 moderna.<br \/>\nLo stile Inglese, sinonimo di praticit\u00e0 e semplicit\u00e0, permette di ottenere sempre un ottimo risultato su qualsiasi tavola; la sua linea elegante lo rende pratico e fruibile, adatto a tutte le circostanze.<\/p>\n","protected":false},"featured_media":4821,"template":"","meta":[],"product_cat":[301,1560],"product_tag":[],"class_list":["post-4820","product","type-product","status-publish","has-post-thumbnail","hentry","product_cat-posate","product_cat-inglese-2","pa_designer-serafino-zani-design-studio","pa_linea-inglese","pa_made-in-italy","pa_materiale-acciaio-inox"],"yoast_head":"<!-- This site is optimized with the Yoast SEO plugin v26.3 - https:\/\/yoast.com\/wordpress\/plugins\/seo\/ -->\n<title>INGLESE - Set 6 Cucchiaini Moka - SerafinoZani<\/title>\n<meta name=\"robots\" content=\"index, follow, max-snippet:-1, max-image-preview:large, max-video-preview:-1\" \/>\n<link rel=\"canonical\" href=\"https:\/\/serafinozani.it\/en\/catalogo\/inglese-set-6-cucchiaini-moka\/\" \/>\n<meta property=\"og:locale\" content=\"en_US\" \/>\n<meta property=\"og:type\" content=\"article\" \/>\n<meta property=\"og:title\" content=\"INGLESE - Set 6 Cucchiaini Moka - SerafinoZani\" \/>\n<meta property=\"og:description\" content=\"Set sei cucchiaini piccoli da caff\u00e8 Inglese. Il servizio di posate in stile Inglese \u00e8 un grande classico, che si abbina perfettamente anche alla tavola pi\u00f9 moderna. Lo stile Inglese, sinonimo di praticit\u00e0 e semplicit\u00e0, permette di ottenere sempre un ottimo risultato su qualsiasi tavola; la sua linea elegante lo rende pratico e fruibile, adatto a tutte le circostanze.\" \/>\n<meta property=\"og:url\" content=\"https:\/\/serafinozani.it\/en\/catalogo\/inglese-set-6-cucchiaini-moka\/\" \/>\n<meta property=\"og:site_name\" content=\"SerafinoZani\" \/>\n<meta property=\"article:publisher\" content=\"https:\/\/www.facebook.com\/SerafinoZani.Italy\" \/>\n<meta property=\"article:modified_time\" content=\"2023-05-30T11:59:26+00:00\" \/>\n<meta property=\"og:image\" content=\"https:\/\/serafinozani.it\/wp-content\/uploads\/2021\/03\/KA9ICUM6.jpg\" \/>\n\t<meta property=\"og:image:width\" content=\"1200\" \/>\n\t<meta property=\"og:image:height\" content=\"1200\" \/>\n\t<meta property=\"og:image:type\" content=\"image\/jpeg\" \/>\n<meta name=\"twitter:card\" content=\"summary_large_image\" \/>\n<meta name=\"twitter:label1\" content=\"Est. reading time\" \/>\n\t<meta name=\"twitter:data1\" content=\"1 minute\" \/>\n<script type=\"application\/ld+json\" class=\"yoast-schema-graph\">{\"@context\":\"https:\/\/schema.org\",\"@graph\":[{\"@type\":\"WebPage\",\"@id\":\"https:\/\/serafinozani.it\/en\/catalogo\/inglese-set-6-cucchiaini-moka\/\",\"url\":\"https:\/\/serafinozani.it\/en\/catalogo\/inglese-set-6-cucchiaini-moka\/\",\"name\":\"INGLESE - Set 6 Cucchiaini Moka - SerafinoZani\",\"isPartOf\":{\"@id\":\"https:\/\/serafinozani.it\/en\/#website\"},\"primaryImageOfPage\":{\"@id\":\"https:\/\/serafinozani.it\/en\/catalogo\/inglese-set-6-cucchiaini-moka\/#primaryimage\"},\"image\":{\"@id\":\"https:\/\/serafinozani.it\/en\/catalogo\/inglese-set-6-cucchiaini-moka\/#primaryimage\"},\"thumbnailUrl\":\"https:\/\/serafinozani.it\/wp-content\/uploads\/2021\/03\/KA9ICUM6.jpg\",\"datePublished\":\"2021-03-03T00:52:31+00:00\",\"dateModified\":\"2023-05-30T11:59:26+00:00\",\"breadcrumb\":{\"@id\":\"https:\/\/serafinozani.it\/en\/catalogo\/inglese-set-6-cucchiaini-moka\/#breadcrumb\"},\"inLanguage\":\"en-US\",\"potentialAction\":[{\"@type\":\"ReadAction\",\"target\":[\"https:\/\/serafinozani.it\/en\/catalogo\/inglese-set-6-cucchiaini-moka\/\"]}]},{\"@type\":\"ImageObject\",\"inLanguage\":\"en-US\",\"@id\":\"https:\/\/serafinozani.it\/en\/catalogo\/inglese-set-6-cucchiaini-moka\/#primaryimage\",\"url\":\"https:\/\/serafinozani.it\/wp-content\/uploads\/2021\/03\/KA9ICUM6.jpg\",\"contentUrl\":\"https:\/\/serafinozani.it\/wp-content\/uploads\/2021\/03\/KA9ICUM6.jpg\",\"width\":1200,\"height\":1200,\"caption\":\"INGLESE - Set 6 Cucchiaini Moka\"},{\"@type\":\"BreadcrumbList\",\"@id\":\"https:\/\/serafinozani.it\/en\/catalogo\/inglese-set-6-cucchiaini-moka\/#breadcrumb\",\"itemListElement\":[{\"@type\":\"ListItem\",\"position\":1,\"name\":\"Home\",\"item\":\"https:\/\/serafinozani.it\/shop\/\"},{\"@type\":\"ListItem\",\"position\":2,\"name\":\"INGLESE &#8211; Set 6 Cucchiaini Moka\"}]},{\"@type\":\"WebSite\",\"@id\":\"https:\/\/serafinozani.it\/en\/#website\",\"url\":\"https:\/\/serafinozani.it\/en\/\",\"name\":\"SerafinoZani\",\"description\":\"Le pentole fabbricate in Italia\",\"publisher\":{\"@id\":\"https:\/\/serafinozani.it\/en\/#organization\"},\"alternateName\":\"Le pentole fabbricate in Italia\",\"potentialAction\":[{\"@type\":\"SearchAction\",\"target\":{\"@type\":\"EntryPoint\",\"urlTemplate\":\"https:\/\/serafinozani.it\/en\/?s={search_term_string}\"},\"query-input\":{\"@type\":\"PropertyValueSpecification\",\"valueRequired\":true,\"valueName\":\"search_term_string\"}}],\"inLanguage\":\"en-US\"},{\"@type\":\"Organization\",\"@id\":\"https:\/\/serafinozani.it\/en\/#organization\",\"name\":\"SerafinoZani\",\"url\":\"https:\/\/serafinozani.it\/en\/\",\"logo\":{\"@type\":\"ImageObject\",\"inLanguage\":\"en-US\",\"@id\":\"https:\/\/serafinozani.it\/en\/#\/schema\/logo\/image\/\",\"url\":\"https:\/\/serafinozani.it\/wp-content\/uploads\/2021\/03\/KA7VMPE20A.jpg\",\"contentUrl\":\"https:\/\/serafinozani.it\/wp-content\/uploads\/2021\/03\/KA7VMPE20A.jpg\",\"width\":1,\"height\":1,\"caption\":\"SerafinoZani\"},\"image\":{\"@id\":\"https:\/\/serafinozani.it\/en\/#\/schema\/logo\/image\/\"},\"sameAs\":[\"https:\/\/www.facebook.com\/SerafinoZani.Italy\"]}]}<\/script>\n<!-- \/ Yoast SEO plugin. -->","yoast_head_json":{"title":"INGLESE - Set 6 Cucchiaini Moka - SerafinoZani","robots":{"index":"index","follow":"follow","max-snippet":"max-snippet:-1","max-image-preview":"max-image-preview:large","max-video-preview":"max-video-preview:-1"},"canonical":"https:\/\/serafinozani.it\/en\/catalogo\/inglese-set-6-cucchiaini-moka\/","og_locale":"en_US","og_type":"article","og_title":"INGLESE - Set 6 Cucchiaini Moka - SerafinoZani","og_description":"Set sei cucchiaini piccoli da caff\u00e8 Inglese. Il servizio di posate in stile Inglese \u00e8 un grande classico, che si abbina perfettamente anche alla tavola pi\u00f9 moderna. Lo stile Inglese, sinonimo di praticit\u00e0 e semplicit\u00e0, permette di ottenere sempre un ottimo risultato su qualsiasi tavola; la sua linea elegante lo rende pratico e fruibile, adatto a tutte le circostanze.","og_url":"https:\/\/serafinozani.it\/en\/catalogo\/inglese-set-6-cucchiaini-moka\/","og_site_name":"SerafinoZani","article_publisher":"https:\/\/www.facebook.com\/SerafinoZani.Italy","article_modified_time":"2023-05-30T11:59:26+00:00","og_image":[{"width":1200,"height":1200,"url":"https:\/\/serafinozani.it\/wp-content\/uploads\/2021\/03\/KA9ICUM6.jpg","type":"image\/jpeg"}],"twitter_card":"summary_large_image","twitter_misc":{"Est. reading time":"1 minute"},"schema":{"@context":"https:\/\/schema.org","@graph":[{"@type":"WebPage","@id":"https:\/\/serafinozani.it\/en\/catalogo\/inglese-set-6-cucchiaini-moka\/","url":"https:\/\/serafinozani.it\/en\/catalogo\/inglese-set-6-cucchiaini-moka\/","name":"INGLESE - Set 6 Cucchiaini Moka - SerafinoZani","isPartOf":{"@id":"https:\/\/serafinozani.it\/en\/#website"},"primaryImageOfPage":{"@id":"https:\/\/serafinozani.it\/en\/catalogo\/inglese-set-6-cucchiaini-moka\/#primaryimage"},"image":{"@id":"https:\/\/serafinozani.it\/en\/catalogo\/inglese-set-6-cucchiaini-moka\/#primaryimage"},"thumbnailUrl":"https:\/\/serafinozani.it\/wp-content\/uploads\/2021\/03\/KA9ICUM6.jpg","datePublished":"2021-03-03T00:52:31+00:00","dateModified":"2023-05-30T11:59:26+00:00","breadcrumb":{"@id":"https:\/\/serafinozani.it\/en\/catalogo\/inglese-set-6-cucchiaini-moka\/#breadcrumb"},"inLanguage":"en-US","potentialAction":[{"@type":"ReadAction","target":["https:\/\/serafinozani.it\/en\/catalogo\/inglese-set-6-cucchiaini-moka\/"]}]},{"@type":"ImageObject","inLanguage":"en-US","@id":"https:\/\/serafinozani.it\/en\/catalogo\/inglese-set-6-cucchiaini-moka\/#primaryimage","url":"https:\/\/serafinozani.it\/wp-content\/uploads\/2021\/03\/KA9ICUM6.jpg","contentUrl":"https:\/\/serafinozani.it\/wp-content\/uploads\/2021\/03\/KA9ICUM6.jpg","width":1200,"height":1200,"caption":"INGLESE - Set 6 Cucchiaini Moka"},{"@type":"BreadcrumbList","@id":"https:\/\/serafinozani.it\/en\/catalogo\/inglese-set-6-cucchiaini-moka\/#breadcrumb","itemListElement":[{"@type":"ListItem","position":1,"name":"Home","item":"https:\/\/serafinozani.it\/shop\/"},{"@type":"ListItem","position":2,"name":"INGLESE &#8211; Set 6 Cucchiaini Moka"}]},{"@type":"WebSite","@id":"https:\/\/serafinozani.it\/en\/#website","url":"https:\/\/serafinozani.it\/en\/","name":"SerafinoZani","description":"Le pentole fabbricate in Italia","publisher":{"@id":"https:\/\/serafinozani.it\/en\/#organization"},"alternateName":"Le pentole fabbricate in Italia","potentialAction":[{"@type":"SearchAction","target":{"@type":"EntryPoint","urlTemplate":"https:\/\/serafinozani.it\/en\/?s={search_term_string}"},"query-input":{"@type":"PropertyValueSpecification","valueRequired":true,"valueName":"search_term_string"}}],"inLanguage":"en-US"},{"@type":"Organization","@id":"https:\/\/serafinozani.it\/en\/#organization","name":"SerafinoZani","url":"https:\/\/serafinozani.it\/en\/","logo":{"@type":"ImageObject","inLanguage":"en-US","@id":"https:\/\/serafinozani.it\/en\/#\/schema\/logo\/image\/","url":"https:\/\/serafinozani.it\/wp-content\/uploads\/2021\/03\/KA7VMPE20A.jpg","contentUrl":"https:\/\/serafinozani.it\/wp-content\/uploads\/2021\/03\/KA7VMPE20A.jpg","width":1,"height":1,"caption":"SerafinoZani"},"image":{"@id":"https:\/\/serafinozani.it\/en\/#\/schema\/logo\/image\/"},"sameAs":["https:\/\/www.facebook.com\/SerafinoZani.Italy"]}]}},"_links":{"self":[{"href":"https:\/\/serafinozani.it\/en\/wp-json\/wp\/v2\/product\/4820","targetHints":{"allow":["GET"]}}],"collection":[{"href":"https:\/\/serafinozani.it\/en\/wp-json\/wp\/v2\/product"}],"about":[{"href":"https:\/\/serafinozani.it\/en\/wp-json\/wp\/v2\/types\/product"}],"wp:featuredmedia":[{"embeddable":true,"href":"https:\/\/serafinozani.it\/en\/wp-json\/wp\/v2\/media\/4821"}],"wp:attachment":[{"href":"https:\/\/serafinozani.it\/en\/wp-json\/wp\/v2\/media?parent=4820"}],"wp:term":[{"taxonomy":"product_cat","embeddable":true,"href":"https:\/\/serafinozani.it\/en\/wp-json\/wp\/v2\/product_cat?post=4820"},{"taxonomy":"product_tag","embeddable":true,"href":"https:\/\/serafinozani.it\/en\/wp-json\/wp\/v2\/product_tag?post=4820"}],"curies":[{"name":"wp","href":"https:\/\/api.w.org\/{rel}","templated":true}]}}