{"id":4603,"date":"2023-04-17T23:26:02","date_gmt":"2023-04-17T21:26:02","guid":{"rendered":"https:\/\/serafinozani.it\/product\/coltello-tavola-serafino-m-v\/"},"modified":"2023-05-23T00:26:12","modified_gmt":"2023-05-22T22:26:12","slug":"coltello-tavola-serafino-m-v-serafino-zani","status":"publish","type":"product","link":"https:\/\/serafinozani.it\/en\/catalogo\/coltello-tavola-serafino-m-v-serafino-zani\/","title":{"rendered":"COLTELLO TAVOLA SERAFINO M.V. &#8211; SERAFINO ZANI"},"content":{"rendered":"<p>Serafino Zani propone posate per tutti i modi e gli stili di vivere la tavola. Tutte le serie sono adatte sia all\u2019uso quotidiano che alla tavola elegante delle grandi occasioni: comprendono sia i coperti individuali (incluse le posate specializzate e le varie taglie di cucchiaini) che la serie da portata. Le posate mantengono la qualit\u00e0 di disegno e di produzione tipiche di tutti i prodotti Serafino Zani: sono perfettamente equilibrate e piacevoli al tatto, costruite con acciaio inox di qualit\u00e0 18\/10 di grande spessore, perfettamente lucidate e rifinite a mano. Le posate Serafino hanno uno spessore di 4 mm; tale spessore in genere \u00e8 stampato piatto, rivelandosi per\u00f2 non gradevole al tatto. Si \u00e8 cercato quindi di trovare quindi una soluzione a tutto tondo. Il coltello, forse il pezzo pi\u00f9 critico nella realizzazione i una posata, \u00e8 estremamente elegante e pulito; il manico vuoto \u00e8 unito senza traccia di lavorazione meccanica. Serafino non \u00e8 solo design; unisce, sottolineando la filosofia Serafino Zani, impegno tecnologico a canoni estetici. Infatti i due designers hanno lavorato sinergicamente con i tecnici interni dell\u2019azienda. Gli uni portando ispirazioni nella forma e nelle proporzioni, gli altri rendendo duttile ed ergonomica la materia.<br \/>\nAndries Van Onck, designer di origine olandese che vive a Milano fin dal 1959 e fonda il suo studio nel 1965, e Hiroko Takeda, di origine giapponese a Milano dal 1972, formano una coppia nella vita e nel lavoro che combina una profonda conoscenza del design (dalla scuola di Ulm alle collaborazioni con Ettore Sottsass e l\u2019Olivetti) a una visione internazionale. Questo set di posate \u00e8 un progetto di Hiroko Takeda in cui emerge la cultura orientale nella ricerca di forme ispirate ai pettini della geisha e alle foglie di ginko biloba. Il coltello del pesce ricorda l\u2019ascia dei samurai e la forma dei cucchiai simula la crescita delle piante, dal pi\u00f9 piccolo, il bocciolo, al mestolo, la casa matura del fiore quando sboccia.\u00a0 <\/p>\n<p>Caratteristiche:<br \/>\n \u2022 Materiale:\u00a0Acciaio inox 18\/10 di alta qualit\u00e0 e grande spessore, finitura lucida<br \/>\n \u2022 Rifinitura realizzata a mano<br \/>\n \u2022 Lavabile in lavastoviglie<br \/>\n \u2022 Coltelli con affilatura ondulata<br \/>\n \u2022 Confezione regalo:\u00a0elegante imballo serigrafato bianco e nero<br \/>\n \u2022 Linee perfettamente equilibrate e piacevoli al tatto<br \/>\n \u2022 Il design elegante e moderno si accompagna all&#8217;estrema funzionalit\u00e0<\/p>\n<p><b><\/b><\/p>\n<p><b>La confezione include<\/b><br \/>\n1 coltello tavola (lavorazione di pregio a manico vuoto)<\/p>\n","protected":false},"excerpt":{"rendered":"<p>Andries Van Onck e Hiroko Takeda con Serafino\u00a0hanno trasformato semplici posate in oggetti dalla forma esclusiva, la scelta perfetta per un regalo importante. Come la coppia insalata che si richiama alla forma della foglia del Ginko Biloba, pianta simbolica nella cultura orientale, a cui i nostri designers si sono ispirati per l\u2019intera serie Serafino. Nella coppia pesce il coltello ricorda l\u2019ascia dei Samurai, completato dalla particolare forchetta a tre rebbi.<br \/>\nLo studio per la realizzazione di questa serie di posate si \u00e8 basata su un\u2019armoniosa evoluzione morfologica molto simile a quella della natura. Tra il cucchiaino e il cucchiaio c\u2019\u00e8 la stessa differenza che c\u2019\u00e8 tra il bocciolo e la rosa. La forma del cucchiaino \u201csboccia\u201d in quella del cucchiaio.<\/p>\n","protected":false},"featured_media":5712,"template":"","meta":[],"product_cat":[301,482,602],"product_tag":[684,655],"class_list":["post-4603","product","type-product","status-publish","has-post-thumbnail","hentry","product_cat-posate","product_cat-serafino-posate","product_cat-serafino-zani","product_tag-serafino-zanicutleryserafinopolished-steel","product_tag-acciaio","pa_designer-andries-van-onck-hiroko-takeda","pa_linea-serafino","pa_made-in-italia","pa_materiale-acciaio-inox"],"yoast_head":"<!-- This site is optimized with the Yoast SEO plugin v26.3 - https:\/\/yoast.com\/wordpress\/plugins\/seo\/ -->\n<title>COLTELLO TAVOLA SERAFINO M.V. - SERAFINO ZANI - SerafinoZani<\/title>\n<meta name=\"robots\" content=\"index, follow, max-snippet:-1, max-image-preview:large, max-video-preview:-1\" \/>\n<link rel=\"canonical\" href=\"https:\/\/serafinozani.it\/en\/catalogo\/coltello-tavola-serafino-m-v-serafino-zani\/\" \/>\n<meta property=\"og:locale\" content=\"en_US\" \/>\n<meta property=\"og:type\" content=\"article\" \/>\n<meta property=\"og:title\" content=\"COLTELLO TAVOLA SERAFINO M.V. - SERAFINO ZANI - SerafinoZani\" \/>\n<meta property=\"og:description\" content=\"Andries Van Onck e Hiroko Takeda con Serafino\u00a0hanno trasformato semplici posate in oggetti dalla forma esclusiva, la scelta perfetta per un regalo importante. Come la coppia insalata che si richiama alla forma della foglia del Ginko Biloba, pianta simbolica nella cultura orientale, a cui i nostri designers si sono ispirati per l\u2019intera serie Serafino. Nella coppia pesce il coltello ricorda l\u2019ascia dei Samurai, completato dalla particolare forchetta a tre rebbi. Lo studio per la realizzazione di questa serie di posate si \u00e8 basata su un\u2019armoniosa evoluzione morfologica molto simile a quella della natura. Tra il cucchiaino e il cucchiaio c\u2019\u00e8 la stessa differenza che c\u2019\u00e8 tra il bocciolo e la rosa. La forma del cucchiaino \u201csboccia\u201d in quella del cucchiaio.\" \/>\n<meta property=\"og:url\" content=\"https:\/\/serafinozani.it\/en\/catalogo\/coltello-tavola-serafino-m-v-serafino-zani\/\" \/>\n<meta property=\"og:site_name\" content=\"SerafinoZani\" \/>\n<meta property=\"article:publisher\" content=\"https:\/\/www.facebook.com\/SerafinoZani.Italy\" \/>\n<meta property=\"article:modified_time\" content=\"2023-05-22T22:26:12+00:00\" \/>\n<meta property=\"og:image\" content=\"https:\/\/serafinozani.it\/wp-content\/uploads\/2023\/05\/PO9SE-COT.jpg\" \/>\n\t<meta property=\"og:image:width\" content=\"1200\" \/>\n\t<meta property=\"og:image:height\" content=\"1200\" \/>\n\t<meta property=\"og:image:type\" content=\"image\/jpeg\" \/>\n<meta name=\"twitter:card\" content=\"summary_large_image\" \/>\n<meta name=\"twitter:label1\" content=\"Est. reading time\" \/>\n\t<meta name=\"twitter:data1\" content=\"2 minutes\" \/>\n<script type=\"application\/ld+json\" class=\"yoast-schema-graph\">{\"@context\":\"https:\/\/schema.org\",\"@graph\":[{\"@type\":\"WebPage\",\"@id\":\"https:\/\/serafinozani.it\/en\/catalogo\/coltello-tavola-serafino-m-v-serafino-zani\/\",\"url\":\"https:\/\/serafinozani.it\/en\/catalogo\/coltello-tavola-serafino-m-v-serafino-zani\/\",\"name\":\"COLTELLO TAVOLA SERAFINO M.V. - SERAFINO ZANI - SerafinoZani\",\"isPartOf\":{\"@id\":\"https:\/\/serafinozani.it\/en\/#website\"},\"primaryImageOfPage\":{\"@id\":\"https:\/\/serafinozani.it\/en\/catalogo\/coltello-tavola-serafino-m-v-serafino-zani\/#primaryimage\"},\"image\":{\"@id\":\"https:\/\/serafinozani.it\/en\/catalogo\/coltello-tavola-serafino-m-v-serafino-zani\/#primaryimage\"},\"thumbnailUrl\":\"https:\/\/serafinozani.it\/wp-content\/uploads\/2023\/05\/PO9SE-COT.jpg\",\"datePublished\":\"2023-04-17T21:26:02+00:00\",\"dateModified\":\"2023-05-22T22:26:12+00:00\",\"breadcrumb\":{\"@id\":\"https:\/\/serafinozani.it\/en\/catalogo\/coltello-tavola-serafino-m-v-serafino-zani\/#breadcrumb\"},\"inLanguage\":\"en-US\",\"potentialAction\":[{\"@type\":\"ReadAction\",\"target\":[\"https:\/\/serafinozani.it\/en\/catalogo\/coltello-tavola-serafino-m-v-serafino-zani\/\"]}]},{\"@type\":\"ImageObject\",\"inLanguage\":\"en-US\",\"@id\":\"https:\/\/serafinozani.it\/en\/catalogo\/coltello-tavola-serafino-m-v-serafino-zani\/#primaryimage\",\"url\":\"https:\/\/serafinozani.it\/wp-content\/uploads\/2023\/05\/PO9SE-COT.jpg\",\"contentUrl\":\"https:\/\/serafinozani.it\/wp-content\/uploads\/2023\/05\/PO9SE-COT.jpg\",\"width\":1200,\"height\":1200},{\"@type\":\"BreadcrumbList\",\"@id\":\"https:\/\/serafinozani.it\/en\/catalogo\/coltello-tavola-serafino-m-v-serafino-zani\/#breadcrumb\",\"itemListElement\":[{\"@type\":\"ListItem\",\"position\":1,\"name\":\"Home\",\"item\":\"https:\/\/serafinozani.it\/shop\/\"},{\"@type\":\"ListItem\",\"position\":2,\"name\":\"COLTELLO TAVOLA SERAFINO M.V. &#8211; SERAFINO ZANI\"}]},{\"@type\":\"WebSite\",\"@id\":\"https:\/\/serafinozani.it\/en\/#website\",\"url\":\"https:\/\/serafinozani.it\/en\/\",\"name\":\"SerafinoZani\",\"description\":\"Le pentole fabbricate in Italia\",\"publisher\":{\"@id\":\"https:\/\/serafinozani.it\/en\/#organization\"},\"alternateName\":\"Le pentole fabbricate in Italia\",\"potentialAction\":[{\"@type\":\"SearchAction\",\"target\":{\"@type\":\"EntryPoint\",\"urlTemplate\":\"https:\/\/serafinozani.it\/en\/?s={search_term_string}\"},\"query-input\":{\"@type\":\"PropertyValueSpecification\",\"valueRequired\":true,\"valueName\":\"search_term_string\"}}],\"inLanguage\":\"en-US\"},{\"@type\":\"Organization\",\"@id\":\"https:\/\/serafinozani.it\/en\/#organization\",\"name\":\"SerafinoZani\",\"url\":\"https:\/\/serafinozani.it\/en\/\",\"logo\":{\"@type\":\"ImageObject\",\"inLanguage\":\"en-US\",\"@id\":\"https:\/\/serafinozani.it\/en\/#\/schema\/logo\/image\/\",\"url\":\"https:\/\/serafinozani.it\/wp-content\/uploads\/2021\/03\/KA7VMPE20A.jpg\",\"contentUrl\":\"https:\/\/serafinozani.it\/wp-content\/uploads\/2021\/03\/KA7VMPE20A.jpg\",\"width\":1,\"height\":1,\"caption\":\"SerafinoZani\"},\"image\":{\"@id\":\"https:\/\/serafinozani.it\/en\/#\/schema\/logo\/image\/\"},\"sameAs\":[\"https:\/\/www.facebook.com\/SerafinoZani.Italy\"]}]}<\/script>\n<!-- \/ Yoast SEO plugin. -->","yoast_head_json":{"title":"COLTELLO TAVOLA SERAFINO M.V. - SERAFINO ZANI - SerafinoZani","robots":{"index":"index","follow":"follow","max-snippet":"max-snippet:-1","max-image-preview":"max-image-preview:large","max-video-preview":"max-video-preview:-1"},"canonical":"https:\/\/serafinozani.it\/en\/catalogo\/coltello-tavola-serafino-m-v-serafino-zani\/","og_locale":"en_US","og_type":"article","og_title":"COLTELLO TAVOLA SERAFINO M.V. - SERAFINO ZANI - SerafinoZani","og_description":"Andries Van Onck e Hiroko Takeda con Serafino\u00a0hanno trasformato semplici posate in oggetti dalla forma esclusiva, la scelta perfetta per un regalo importante. Come la coppia insalata che si richiama alla forma della foglia del Ginko Biloba, pianta simbolica nella cultura orientale, a cui i nostri designers si sono ispirati per l\u2019intera serie Serafino. Nella coppia pesce il coltello ricorda l\u2019ascia dei Samurai, completato dalla particolare forchetta a tre rebbi. Lo studio per la realizzazione di questa serie di posate si \u00e8 basata su un\u2019armoniosa evoluzione morfologica molto simile a quella della natura. Tra il cucchiaino e il cucchiaio c\u2019\u00e8 la stessa differenza che c\u2019\u00e8 tra il bocciolo e la rosa. La forma del cucchiaino \u201csboccia\u201d in quella del cucchiaio.","og_url":"https:\/\/serafinozani.it\/en\/catalogo\/coltello-tavola-serafino-m-v-serafino-zani\/","og_site_name":"SerafinoZani","article_publisher":"https:\/\/www.facebook.com\/SerafinoZani.Italy","article_modified_time":"2023-05-22T22:26:12+00:00","og_image":[{"width":1200,"height":1200,"url":"https:\/\/serafinozani.it\/wp-content\/uploads\/2023\/05\/PO9SE-COT.jpg","type":"image\/jpeg"}],"twitter_card":"summary_large_image","twitter_misc":{"Est. reading time":"2 minutes"},"schema":{"@context":"https:\/\/schema.org","@graph":[{"@type":"WebPage","@id":"https:\/\/serafinozani.it\/en\/catalogo\/coltello-tavola-serafino-m-v-serafino-zani\/","url":"https:\/\/serafinozani.it\/en\/catalogo\/coltello-tavola-serafino-m-v-serafino-zani\/","name":"COLTELLO TAVOLA SERAFINO M.V. - SERAFINO ZANI - SerafinoZani","isPartOf":{"@id":"https:\/\/serafinozani.it\/en\/#website"},"primaryImageOfPage":{"@id":"https:\/\/serafinozani.it\/en\/catalogo\/coltello-tavola-serafino-m-v-serafino-zani\/#primaryimage"},"image":{"@id":"https:\/\/serafinozani.it\/en\/catalogo\/coltello-tavola-serafino-m-v-serafino-zani\/#primaryimage"},"thumbnailUrl":"https:\/\/serafinozani.it\/wp-content\/uploads\/2023\/05\/PO9SE-COT.jpg","datePublished":"2023-04-17T21:26:02+00:00","dateModified":"2023-05-22T22:26:12+00:00","breadcrumb":{"@id":"https:\/\/serafinozani.it\/en\/catalogo\/coltello-tavola-serafino-m-v-serafino-zani\/#breadcrumb"},"inLanguage":"en-US","potentialAction":[{"@type":"ReadAction","target":["https:\/\/serafinozani.it\/en\/catalogo\/coltello-tavola-serafino-m-v-serafino-zani\/"]}]},{"@type":"ImageObject","inLanguage":"en-US","@id":"https:\/\/serafinozani.it\/en\/catalogo\/coltello-tavola-serafino-m-v-serafino-zani\/#primaryimage","url":"https:\/\/serafinozani.it\/wp-content\/uploads\/2023\/05\/PO9SE-COT.jpg","contentUrl":"https:\/\/serafinozani.it\/wp-content\/uploads\/2023\/05\/PO9SE-COT.jpg","width":1200,"height":1200},{"@type":"BreadcrumbList","@id":"https:\/\/serafinozani.it\/en\/catalogo\/coltello-tavola-serafino-m-v-serafino-zani\/#breadcrumb","itemListElement":[{"@type":"ListItem","position":1,"name":"Home","item":"https:\/\/serafinozani.it\/shop\/"},{"@type":"ListItem","position":2,"name":"COLTELLO TAVOLA SERAFINO M.V. &#8211; SERAFINO ZANI"}]},{"@type":"WebSite","@id":"https:\/\/serafinozani.it\/en\/#website","url":"https:\/\/serafinozani.it\/en\/","name":"SerafinoZani","description":"Le pentole fabbricate in Italia","publisher":{"@id":"https:\/\/serafinozani.it\/en\/#organization"},"alternateName":"Le pentole fabbricate in Italia","potentialAction":[{"@type":"SearchAction","target":{"@type":"EntryPoint","urlTemplate":"https:\/\/serafinozani.it\/en\/?s={search_term_string}"},"query-input":{"@type":"PropertyValueSpecification","valueRequired":true,"valueName":"search_term_string"}}],"inLanguage":"en-US"},{"@type":"Organization","@id":"https:\/\/serafinozani.it\/en\/#organization","name":"SerafinoZani","url":"https:\/\/serafinozani.it\/en\/","logo":{"@type":"ImageObject","inLanguage":"en-US","@id":"https:\/\/serafinozani.it\/en\/#\/schema\/logo\/image\/","url":"https:\/\/serafinozani.it\/wp-content\/uploads\/2021\/03\/KA7VMPE20A.jpg","contentUrl":"https:\/\/serafinozani.it\/wp-content\/uploads\/2021\/03\/KA7VMPE20A.jpg","width":1,"height":1,"caption":"SerafinoZani"},"image":{"@id":"https:\/\/serafinozani.it\/en\/#\/schema\/logo\/image\/"},"sameAs":["https:\/\/www.facebook.com\/SerafinoZani.Italy"]}]}},"_links":{"self":[{"href":"https:\/\/serafinozani.it\/en\/wp-json\/wp\/v2\/product\/4603","targetHints":{"allow":["GET"]}}],"collection":[{"href":"https:\/\/serafinozani.it\/en\/wp-json\/wp\/v2\/product"}],"about":[{"href":"https:\/\/serafinozani.it\/en\/wp-json\/wp\/v2\/types\/product"}],"wp:featuredmedia":[{"embeddable":true,"href":"https:\/\/serafinozani.it\/en\/wp-json\/wp\/v2\/media\/5712"}],"wp:attachment":[{"href":"https:\/\/serafinozani.it\/en\/wp-json\/wp\/v2\/media?parent=4603"}],"wp:term":[{"taxonomy":"product_cat","embeddable":true,"href":"https:\/\/serafinozani.it\/en\/wp-json\/wp\/v2\/product_cat?post=4603"},{"taxonomy":"product_tag","embeddable":true,"href":"https:\/\/serafinozani.it\/en\/wp-json\/wp\/v2\/product_tag?post=4603"}],"curies":[{"name":"wp","href":"https:\/\/api.w.org\/{rel}","templated":true}]}}