{"id":4174,"date":"2023-04-17T23:16:56","date_gmt":"2023-04-17T21:16:56","guid":{"rendered":"https:\/\/serafinozani.it\/product\/stripes-coperchio-20-cm\/"},"modified":"2023-05-23T00:15:08","modified_gmt":"2023-05-22T22:15:08","slug":"stripes-coperchio-o-20-cm-serafino-zani","status":"publish","type":"product","link":"https:\/\/serafinozani.it\/en\/catalogo\/stripes-coperchio-o-20-cm-serafino-zani\/","title":{"rendered":"STRIPES Coperchio \u00f8 20 cm &#8211; SERAFINO ZANI"},"content":{"rendered":"<p>Liliana Bonomi che negli anni ha firmato alcuni degli oggetti piu\u0300 belli e rappresentativi del design Serafino Zani, firma Stripes, la linea di pentole presentata ufficialmente a Milano nel gennaio 2016. In Stripes il profilo essenziale, classico del corpo della pentola viene catturato dalla potenza estetica e formale delle maniglie. L&#8217;eleganza della loro longobarda texture sottolinea la struttura materica, realizzata attraverso il processo di microfusione dell&#8217;acciaio INOX AISI 304. Si riconosce cosi, anche in questo lavoro, l&#8217;eleganza e la forza del linguaggio progettuale di Liliana Bonomi e la vocazione di Serafino Zani alla realizzazione di prodotti autentici e di indubbia originalita\u0300. Perfetta per tutti i piani di cottura a induzione, gas, piastre elettriche e vetroceramica. Realizzata in acciaio inox 18\/10 ad alto spessore. Stripes ripropone le caratteristiche tipiche della produzione Serafino Zani: utilizzo di materiali di alta qualita\u0300 e di forte spessore, grande attenzione ai particolari e alle finiture, dotazione del fondo termodiffusore brevettato, garanzia di una omogenea conducibilita\u0300 del calore e di una conseguente ottimizzazione dei consumi.<br \/>\nAmore per le cose fatte bene, attenzione al rapporto fra bellezza e funzionalit\u00e0 dell\u2019oggetto, ricerca di un design innovativo e originale: questo si percepisce nel cucinare con una pentola fabbricata in Italia da Serafino Zani.<br \/>\nSerafino Zani fabbrica ancora le sue pentole nell\u2019azienda di Lumezzane, a Brescia, utilizzando esclusivamente acciaio inox di alta qualit\u00e0 (inox 18\/10). Questo materiale \u00e8 l\u2019unico che garantisce massima igiene a contatto con gli alimenti, durata quasi eterna ed estrema facilit\u00e0 di pulizia e manutenzione.<br \/>\nL\u2019acciaio \u00e8 utilizzato in tutti i componenti e dettagli, ed \u00e8 sempre applicato in spessori generosi che garantiscono una ottima distribuzione del calore e l\u2019indeformabilit\u00e0 nel tempo. Tutti i pezzi da fuoco in acciaio sono dotati di uno speciale fondo termodiffusore brevettato da Tarcisio Zani &#8211; USA patent 4204607 \u2013 composto da un\u2019anima di alluminio puro \u2018imprigionata\u2019 dentro un doppio fondo in acciaio inox. L\u2019impiego di questo fondo permette una ottimale distribuzione del calore sul corpo della pentola con un minimo dispendio di energia, e la possibilit\u00e0 di utilizzare gli utensili su gas, piastra elettrica, vetroceramica e induzione.<br \/>\nTutte le manicature sono progettate in modo da rallentare la trasmissione del calore, prestando attenzione ai materiali, alle forme, alle superfici di contatto con il corpo della pentola.<br \/>\nIl coperchio alloggia in una coniatura che gli impedisce di saltare durante la cottura dei cibi, e di far uscire il vapore disperdendo inutilmente calore.<br \/>\nLa filosofia di progetto di Serafino Zani si fonda, da sempre, sulla ricerca estetico-tecnologica e sul soddisfacimento massimo dell\u2019utente finale, tramite la realizzazione di oggetti di uso quotidiano che siano di alta qualit\u00e0, piacevoli da usare e che non creino disagi e difficolt\u00e0 di manutenzione. Le pentole prodotte da Serafino Zani sono cos\u00ec oggetti di alto design, con elevati spessori (sinonimo di resistenza e durata), di ottime e accurate finiture, che consentono facilit\u00e0 d\u2019impiego e pulizia.<\/p>\n<p><b><\/b><\/p>\n<p><b>La confezione include<\/b><br \/>\nCoperchio diametro 20 cm per pentola o casseruola Serafino Zani, design modello Stripes<\/p>\n","protected":false},"excerpt":{"rendered":"<p>Coperchio diametro 20 cm in Acciao Inox 18\/10 con finitura satinata e uno stile squisitamente New York industrial. In Stripes il profilo essenziale del coperchio viene catturato dalla potenza estetica e formale del pomolo.L&#8217;eleganza della longobarda texture ne sottolinea la struttura materica, realizzata attraverso il processo di microfusione dell&#8217;acciaio.Realizzata in acciaio Inox 18\/10 ad alto spessore. Stripes ripropone le caratteristiche tipiche della produzione Serafino Zani: utilizzo di materiali di alta qualita\u0300 e di forte spessore, grande attenzione ai particolari e alle finiture, dotazione del fondo termodiffusore brevettato, garanzia di una omogenea conducibilita\u0300 del calore e di una conseguente riduzione dei consumi. Amore per le cose fatte bene, attenzione al rapporto fra bellezza e funzionalit\u00e0 dell\u2019oggetto, ricerca di un design innovativo e originale: questo si percepisce nell&#8217;utilizzare una pentola fabbricata in Italia da Serafino Zani.<\/p>\n","protected":false},"featured_media":5530,"template":"","meta":[],"product_cat":[71,461,602],"product_tag":[662,655],"class_list":["post-4174","product","type-product","status-publish","has-post-thumbnail","hentry","product_cat-pentole","product_cat-stripes-pentole","product_cat-serafino-zani","product_tag-serafino-zanikitchenwarestripespolished-steel","product_tag-acciaio","pa_linea-stripes","pa_made-in-italia"],"yoast_head":"<!-- This site is optimized with the Yoast SEO plugin v26.3 - https:\/\/yoast.com\/wordpress\/plugins\/seo\/ -->\n<title>STRIPES Coperchio \u00f8 20 cm - SERAFINO ZANI - SerafinoZani<\/title>\n<meta name=\"robots\" content=\"index, follow, max-snippet:-1, max-image-preview:large, max-video-preview:-1\" \/>\n<link rel=\"canonical\" href=\"https:\/\/serafinozani.it\/en\/catalogo\/stripes-coperchio-o-20-cm-serafino-zani\/\" \/>\n<meta property=\"og:locale\" content=\"en_US\" \/>\n<meta property=\"og:type\" content=\"article\" \/>\n<meta property=\"og:title\" content=\"STRIPES Coperchio \u00f8 20 cm - SERAFINO ZANI - SerafinoZani\" \/>\n<meta property=\"og:description\" content=\"Coperchio diametro 20 cm in Acciao Inox 18\/10 con finitura satinata e uno stile squisitamente New York industrial. In Stripes il profilo essenziale del coperchio viene catturato dalla potenza estetica e formale del pomolo.L&#039;eleganza della longobarda texture ne sottolinea la struttura materica, realizzata attraverso il processo di microfusione dell&#039;acciaio.Realizzata in acciaio Inox 18\/10 ad alto spessore. Stripes ripropone le caratteristiche tipiche della produzione Serafino Zani: utilizzo di materiali di alta qualita\u0300 e di forte spessore, grande attenzione ai particolari e alle finiture, dotazione del fondo termodiffusore brevettato, garanzia di una omogenea conducibilita\u0300 del calore e di una conseguente riduzione dei consumi. Amore per le cose fatte bene, attenzione al rapporto fra bellezza e funzionalit\u00e0 dell\u2019oggetto, ricerca di un design innovativo e originale: questo si percepisce nell&#039;utilizzare una pentola fabbricata in Italia da Serafino Zani.\" \/>\n<meta property=\"og:url\" content=\"https:\/\/serafinozani.it\/en\/catalogo\/stripes-coperchio-o-20-cm-serafino-zani\/\" \/>\n<meta property=\"og:site_name\" content=\"SerafinoZani\" \/>\n<meta property=\"article:publisher\" content=\"https:\/\/www.facebook.com\/SerafinoZani.Italy\" \/>\n<meta property=\"article:modified_time\" content=\"2023-05-22T22:15:08+00:00\" \/>\n<meta property=\"og:image\" content=\"https:\/\/serafinozani.it\/wp-content\/uploads\/2023\/05\/SR5CO20.jpg\" \/>\n\t<meta property=\"og:image:width\" content=\"2048\" \/>\n\t<meta property=\"og:image:height\" content=\"2048\" \/>\n\t<meta property=\"og:image:type\" content=\"image\/jpeg\" \/>\n<meta name=\"twitter:card\" content=\"summary_large_image\" \/>\n<meta name=\"twitter:label1\" content=\"Est. reading time\" \/>\n\t<meta name=\"twitter:data1\" content=\"2 minutes\" \/>\n<script type=\"application\/ld+json\" class=\"yoast-schema-graph\">{\"@context\":\"https:\/\/schema.org\",\"@graph\":[{\"@type\":\"WebPage\",\"@id\":\"https:\/\/serafinozani.it\/en\/catalogo\/stripes-coperchio-o-20-cm-serafino-zani\/\",\"url\":\"https:\/\/serafinozani.it\/en\/catalogo\/stripes-coperchio-o-20-cm-serafino-zani\/\",\"name\":\"STRIPES Coperchio \u00f8 20 cm - SERAFINO ZANI - SerafinoZani\",\"isPartOf\":{\"@id\":\"https:\/\/serafinozani.it\/en\/#website\"},\"primaryImageOfPage\":{\"@id\":\"https:\/\/serafinozani.it\/en\/catalogo\/stripes-coperchio-o-20-cm-serafino-zani\/#primaryimage\"},\"image\":{\"@id\":\"https:\/\/serafinozani.it\/en\/catalogo\/stripes-coperchio-o-20-cm-serafino-zani\/#primaryimage\"},\"thumbnailUrl\":\"https:\/\/serafinozani.it\/wp-content\/uploads\/2023\/05\/SR5CO20.jpg\",\"datePublished\":\"2023-04-17T21:16:56+00:00\",\"dateModified\":\"2023-05-22T22:15:08+00:00\",\"breadcrumb\":{\"@id\":\"https:\/\/serafinozani.it\/en\/catalogo\/stripes-coperchio-o-20-cm-serafino-zani\/#breadcrumb\"},\"inLanguage\":\"en-US\",\"potentialAction\":[{\"@type\":\"ReadAction\",\"target\":[\"https:\/\/serafinozani.it\/en\/catalogo\/stripes-coperchio-o-20-cm-serafino-zani\/\"]}]},{\"@type\":\"ImageObject\",\"inLanguage\":\"en-US\",\"@id\":\"https:\/\/serafinozani.it\/en\/catalogo\/stripes-coperchio-o-20-cm-serafino-zani\/#primaryimage\",\"url\":\"https:\/\/serafinozani.it\/wp-content\/uploads\/2023\/05\/SR5CO20.jpg\",\"contentUrl\":\"https:\/\/serafinozani.it\/wp-content\/uploads\/2023\/05\/SR5CO20.jpg\",\"width\":2048,\"height\":2048},{\"@type\":\"BreadcrumbList\",\"@id\":\"https:\/\/serafinozani.it\/en\/catalogo\/stripes-coperchio-o-20-cm-serafino-zani\/#breadcrumb\",\"itemListElement\":[{\"@type\":\"ListItem\",\"position\":1,\"name\":\"Home\",\"item\":\"https:\/\/serafinozani.it\/shop\/\"},{\"@type\":\"ListItem\",\"position\":2,\"name\":\"STRIPES Coperchio \u00f8 20 cm &#8211; SERAFINO ZANI\"}]},{\"@type\":\"WebSite\",\"@id\":\"https:\/\/serafinozani.it\/en\/#website\",\"url\":\"https:\/\/serafinozani.it\/en\/\",\"name\":\"SerafinoZani\",\"description\":\"Le pentole fabbricate in Italia\",\"publisher\":{\"@id\":\"https:\/\/serafinozani.it\/en\/#organization\"},\"alternateName\":\"Le pentole fabbricate in Italia\",\"potentialAction\":[{\"@type\":\"SearchAction\",\"target\":{\"@type\":\"EntryPoint\",\"urlTemplate\":\"https:\/\/serafinozani.it\/en\/?s={search_term_string}\"},\"query-input\":{\"@type\":\"PropertyValueSpecification\",\"valueRequired\":true,\"valueName\":\"search_term_string\"}}],\"inLanguage\":\"en-US\"},{\"@type\":\"Organization\",\"@id\":\"https:\/\/serafinozani.it\/en\/#organization\",\"name\":\"SerafinoZani\",\"url\":\"https:\/\/serafinozani.it\/en\/\",\"logo\":{\"@type\":\"ImageObject\",\"inLanguage\":\"en-US\",\"@id\":\"https:\/\/serafinozani.it\/en\/#\/schema\/logo\/image\/\",\"url\":\"https:\/\/serafinozani.it\/wp-content\/uploads\/2021\/03\/KA7VMPE20A.jpg\",\"contentUrl\":\"https:\/\/serafinozani.it\/wp-content\/uploads\/2021\/03\/KA7VMPE20A.jpg\",\"width\":1,\"height\":1,\"caption\":\"SerafinoZani\"},\"image\":{\"@id\":\"https:\/\/serafinozani.it\/en\/#\/schema\/logo\/image\/\"},\"sameAs\":[\"https:\/\/www.facebook.com\/SerafinoZani.Italy\"]}]}<\/script>\n<!-- \/ Yoast SEO plugin. -->","yoast_head_json":{"title":"STRIPES Coperchio \u00f8 20 cm - SERAFINO ZANI - SerafinoZani","robots":{"index":"index","follow":"follow","max-snippet":"max-snippet:-1","max-image-preview":"max-image-preview:large","max-video-preview":"max-video-preview:-1"},"canonical":"https:\/\/serafinozani.it\/en\/catalogo\/stripes-coperchio-o-20-cm-serafino-zani\/","og_locale":"en_US","og_type":"article","og_title":"STRIPES Coperchio \u00f8 20 cm - SERAFINO ZANI - SerafinoZani","og_description":"Coperchio diametro 20 cm in Acciao Inox 18\/10 con finitura satinata e uno stile squisitamente New York industrial. In Stripes il profilo essenziale del coperchio viene catturato dalla potenza estetica e formale del pomolo.L'eleganza della longobarda texture ne sottolinea la struttura materica, realizzata attraverso il processo di microfusione dell'acciaio.Realizzata in acciaio Inox 18\/10 ad alto spessore. Stripes ripropone le caratteristiche tipiche della produzione Serafino Zani: utilizzo di materiali di alta qualita\u0300 e di forte spessore, grande attenzione ai particolari e alle finiture, dotazione del fondo termodiffusore brevettato, garanzia di una omogenea conducibilita\u0300 del calore e di una conseguente riduzione dei consumi. Amore per le cose fatte bene, attenzione al rapporto fra bellezza e funzionalit\u00e0 dell\u2019oggetto, ricerca di un design innovativo e originale: questo si percepisce nell'utilizzare una pentola fabbricata in Italia da Serafino Zani.","og_url":"https:\/\/serafinozani.it\/en\/catalogo\/stripes-coperchio-o-20-cm-serafino-zani\/","og_site_name":"SerafinoZani","article_publisher":"https:\/\/www.facebook.com\/SerafinoZani.Italy","article_modified_time":"2023-05-22T22:15:08+00:00","og_image":[{"width":2048,"height":2048,"url":"https:\/\/serafinozani.it\/wp-content\/uploads\/2023\/05\/SR5CO20.jpg","type":"image\/jpeg"}],"twitter_card":"summary_large_image","twitter_misc":{"Est. reading time":"2 minutes"},"schema":{"@context":"https:\/\/schema.org","@graph":[{"@type":"WebPage","@id":"https:\/\/serafinozani.it\/en\/catalogo\/stripes-coperchio-o-20-cm-serafino-zani\/","url":"https:\/\/serafinozani.it\/en\/catalogo\/stripes-coperchio-o-20-cm-serafino-zani\/","name":"STRIPES Coperchio \u00f8 20 cm - SERAFINO ZANI - SerafinoZani","isPartOf":{"@id":"https:\/\/serafinozani.it\/en\/#website"},"primaryImageOfPage":{"@id":"https:\/\/serafinozani.it\/en\/catalogo\/stripes-coperchio-o-20-cm-serafino-zani\/#primaryimage"},"image":{"@id":"https:\/\/serafinozani.it\/en\/catalogo\/stripes-coperchio-o-20-cm-serafino-zani\/#primaryimage"},"thumbnailUrl":"https:\/\/serafinozani.it\/wp-content\/uploads\/2023\/05\/SR5CO20.jpg","datePublished":"2023-04-17T21:16:56+00:00","dateModified":"2023-05-22T22:15:08+00:00","breadcrumb":{"@id":"https:\/\/serafinozani.it\/en\/catalogo\/stripes-coperchio-o-20-cm-serafino-zani\/#breadcrumb"},"inLanguage":"en-US","potentialAction":[{"@type":"ReadAction","target":["https:\/\/serafinozani.it\/en\/catalogo\/stripes-coperchio-o-20-cm-serafino-zani\/"]}]},{"@type":"ImageObject","inLanguage":"en-US","@id":"https:\/\/serafinozani.it\/en\/catalogo\/stripes-coperchio-o-20-cm-serafino-zani\/#primaryimage","url":"https:\/\/serafinozani.it\/wp-content\/uploads\/2023\/05\/SR5CO20.jpg","contentUrl":"https:\/\/serafinozani.it\/wp-content\/uploads\/2023\/05\/SR5CO20.jpg","width":2048,"height":2048},{"@type":"BreadcrumbList","@id":"https:\/\/serafinozani.it\/en\/catalogo\/stripes-coperchio-o-20-cm-serafino-zani\/#breadcrumb","itemListElement":[{"@type":"ListItem","position":1,"name":"Home","item":"https:\/\/serafinozani.it\/shop\/"},{"@type":"ListItem","position":2,"name":"STRIPES Coperchio \u00f8 20 cm &#8211; SERAFINO ZANI"}]},{"@type":"WebSite","@id":"https:\/\/serafinozani.it\/en\/#website","url":"https:\/\/serafinozani.it\/en\/","name":"SerafinoZani","description":"Le pentole fabbricate in Italia","publisher":{"@id":"https:\/\/serafinozani.it\/en\/#organization"},"alternateName":"Le pentole fabbricate in Italia","potentialAction":[{"@type":"SearchAction","target":{"@type":"EntryPoint","urlTemplate":"https:\/\/serafinozani.it\/en\/?s={search_term_string}"},"query-input":{"@type":"PropertyValueSpecification","valueRequired":true,"valueName":"search_term_string"}}],"inLanguage":"en-US"},{"@type":"Organization","@id":"https:\/\/serafinozani.it\/en\/#organization","name":"SerafinoZani","url":"https:\/\/serafinozani.it\/en\/","logo":{"@type":"ImageObject","inLanguage":"en-US","@id":"https:\/\/serafinozani.it\/en\/#\/schema\/logo\/image\/","url":"https:\/\/serafinozani.it\/wp-content\/uploads\/2021\/03\/KA7VMPE20A.jpg","contentUrl":"https:\/\/serafinozani.it\/wp-content\/uploads\/2021\/03\/KA7VMPE20A.jpg","width":1,"height":1,"caption":"SerafinoZani"},"image":{"@id":"https:\/\/serafinozani.it\/en\/#\/schema\/logo\/image\/"},"sameAs":["https:\/\/www.facebook.com\/SerafinoZani.Italy"]}]}},"_links":{"self":[{"href":"https:\/\/serafinozani.it\/en\/wp-json\/wp\/v2\/product\/4174","targetHints":{"allow":["GET"]}}],"collection":[{"href":"https:\/\/serafinozani.it\/en\/wp-json\/wp\/v2\/product"}],"about":[{"href":"https:\/\/serafinozani.it\/en\/wp-json\/wp\/v2\/types\/product"}],"wp:featuredmedia":[{"embeddable":true,"href":"https:\/\/serafinozani.it\/en\/wp-json\/wp\/v2\/media\/5530"}],"wp:attachment":[{"href":"https:\/\/serafinozani.it\/en\/wp-json\/wp\/v2\/media?parent=4174"}],"wp:term":[{"taxonomy":"product_cat","embeddable":true,"href":"https:\/\/serafinozani.it\/en\/wp-json\/wp\/v2\/product_cat?post=4174"},{"taxonomy":"product_tag","embeddable":true,"href":"https:\/\/serafinozani.it\/en\/wp-json\/wp\/v2\/product_tag?post=4174"}],"curies":[{"name":"wp","href":"https:\/\/api.w.org\/{rel}","templated":true}]}}