{"id":317,"date":"2019-05-10T22:17:07","date_gmt":"2019-05-10T22:17:07","guid":{"rendered":"http:\/\/serafinozani.facchinim.it\/?post_type=product&#038;p=317"},"modified":"2023-05-30T13:58:17","modified_gmt":"2023-05-30T11:58:17","slug":"set-27-pezzi-3","status":"publish","type":"product","link":"https:\/\/serafinozani.it\/en\/catalogo\/set-27-pezzi-3\/","title":{"rendered":"ACCENTO &#8211; Set 27 pezzi Posate"},"content":{"rendered":"<p>Set 27 pezzi frutta e servire Accento: 12 forchettine frutta (perfette ache per catering e cene in piedi), 12 coltelli piccoli fruttadessert, 1 cucchiaio grande a servire, 1 forchettone e 1 mestolo. Eliminato l\u2019elemento decorativo, superfluo, \u00e8 l\u2019essenzialit\u00e0 del segno ci\u00f2 che ne definisce il disegno. Ogni tratto \u00e8 preciso e la forma che ne scaturisce \u00e8 un\u2019alta sintesi di bellezza e funzione. Realizzato in acciaio inox 18\/10, con finitura lucida, il set \u00e8 composto da tutti i pezzi per apparecchiare il posto tavola e per il servire. Ancora una volta Grcic ha sintetizzato magistralmente funzione e forma, bellezza e rigore con il suo alto design.<\/p>\n<p>Superfici larghe e alti spessori danno corpo al segno grafico dei profili, caratterizzando questa posata con una struttura forte e importante.<\/p>\n<p>Caratteristiche:<br \/>\n&#8211; Contenuto:\u00a012 forchette frutta \/ catering, 12 coltelli frutta \/ catering, 1 cucchiaio insalata, 1 cucchiaione a servire, 1 mestolo<br \/>\n&#8211; Materiale:\u00a0Acciaio inox 18\/10 di alta qualit\u00e0 e grande spessore, finitura lucida<br \/>\n&#8211; Rifinitura realizzata a mano<br \/>\n&#8211; Lavabile in lavastoviglie<br \/>\n&#8211; Coltelli con affilatura ondulata<br \/>\n&#8211; Confezione regalo:\u00a0contenitore floccato e\u00a0elegante imballo serigrafato bianco e nero<br \/>\n&#8211; Linee perfettamente equilibrate e piacevoli al tatto<br \/>\n&#8211; Il design elegante e moderno si accompagna all&#8217;estrema funzionalit\u00e0<br \/>\n&#8211; Design: Konstantin Grcic<br \/>\n&#8211; Collezione: Accento<br \/>\n&#8211; Parte del progetto Passami il Sale<br \/>\n&#8211; ADI Design Index 2010<br \/>\n&#8211; GOOD Design Award 2010<\/p>\n<p>La collezione ACCENTO, come tutti gli oggetti realizzati per il programma \u201cPassami il Sale\u201d sintetizza il design innovativo ed essenziale ed un\u2019inconfondibile potenza estetica abbinata alla funzionalit\u00e0 che ben rappresentano i valori fondamentali della produzione di Serafino Zani e dello stile di Konstantin Grcic.<\/p>\n<p>Serafino Zani propone posate per tutti i modi e gli stili di vivere la tavola. Tutte le serie sono adatte sia all\u2019uso quotidiano che alla tavola elegante delle grandi occasioni: comprendono sia i coperti individuali (incluse le posate specializzate e le varie taglie di cucchiaini) che la serie da portata. Le posate mantengono la qualit\u00e0 di disegno e di produzione tipiche di tutti i prodotti Serafino Zani: sono perfettamente equilibrate e piacevoli al tatto, costruite con acciaio inox di qualit\u00e0 18\/10 di grande spessore, perfettamente lucidate e rifinite a mano.<\/p>\n<p>Il linguaggio minimale di Konstantin Grcic racconta in modo inconsueto tipologie quotidiane del panorama domestico: i vassoi, il cestino, le posate da insalata, il gruppo oliera e sale e pepe, le pirofile da forno, le posate, le pentole e la pentola a pressione. \u2018Passami il sale\u2019, complesso progetto iniziato nel 2007, reinterpreta l\u2019acciaio attraverso geometrie basiche, asimmetrie e tagli netti, come origami metallilici di estrema semplicit\u00e0 capaci di fare sentire la mano di chi li ha realizzati.<\/p>\n","protected":false},"excerpt":{"rendered":"<p>Set 27 pezzi frutta e servire Accento: 12 forchettine frutta (perfette ache per catering e cene in piedi), 12 coltelli piccoli fruttadessert, 1 cucchiaio grande a servire, 1 forchettone e 1 mestolo. Eliminato l\u2019elemento decorativo, superfluo, \u00e8 l\u2019essenzialit\u00e0 del segno ci\u00f2 che ne definisce il disegno. Ogni tratto \u00e8 preciso e la forma che ne scaturisce \u00e8 un\u2019alta sintesi di bellezza e funzione. Realizzato in acciaio inox 18\/10, con finitura lucida, il set \u00e8 composto da tutti i pezzi per apparecchiare il posto tavola e per il servire. Ancora una volta Grcic ha sintetizzato magistralmente funzione e forma, bellezza e rigore con il suo alto design.<\/p>\n","protected":false},"featured_media":4652,"template":"","meta":[],"product_cat":[301,484],"product_tag":[],"class_list":["post-317","product","type-product","status-publish","has-post-thumbnail","hentry","product_cat-posate","product_cat-accento-posate","pa_designer-konstantin-grcic","pa_linea-accento","pa_made-in-italy","pa_materiale-acciaio-inox"],"yoast_head":"<!-- This site is optimized with the Yoast SEO plugin v26.3 - https:\/\/yoast.com\/wordpress\/plugins\/seo\/ -->\n<title>ACCENTO - Set 27 pezzi Posate - SerafinoZani<\/title>\n<meta name=\"robots\" content=\"index, follow, max-snippet:-1, max-image-preview:large, max-video-preview:-1\" \/>\n<link rel=\"canonical\" href=\"https:\/\/serafinozani.it\/en\/catalogo\/set-27-pezzi-3\/\" \/>\n<meta property=\"og:locale\" content=\"en_US\" \/>\n<meta property=\"og:type\" content=\"article\" \/>\n<meta property=\"og:title\" content=\"ACCENTO - Set 27 pezzi Posate - SerafinoZani\" \/>\n<meta property=\"og:description\" content=\"Set 27 pezzi frutta e servire Accento: 12 forchettine frutta (perfette ache per catering e cene in piedi), 12 coltelli piccoli fruttadessert, 1 cucchiaio grande a servire, 1 forchettone e 1 mestolo. Eliminato l\u2019elemento decorativo, superfluo, \u00e8 l\u2019essenzialit\u00e0 del segno ci\u00f2 che ne definisce il disegno. Ogni tratto \u00e8 preciso e la forma che ne scaturisce \u00e8 un\u2019alta sintesi di bellezza e funzione. Realizzato in acciaio inox 18\/10, con finitura lucida, il set \u00e8 composto da tutti i pezzi per apparecchiare il posto tavola e per il servire. Ancora una volta Grcic ha sintetizzato magistralmente funzione e forma, bellezza e rigore con il suo alto design.\" \/>\n<meta property=\"og:url\" content=\"https:\/\/serafinozani.it\/en\/catalogo\/set-27-pezzi-3\/\" \/>\n<meta property=\"og:site_name\" content=\"SerafinoZani\" \/>\n<meta property=\"article:publisher\" content=\"https:\/\/www.facebook.com\/SerafinoZani.Italy\" \/>\n<meta property=\"article:modified_time\" content=\"2023-05-30T11:58:17+00:00\" \/>\n<meta property=\"og:image\" content=\"https:\/\/serafinozani.it\/wp-content\/uploads\/2021\/03\/PO9AC27.jpg\" \/>\n\t<meta property=\"og:image:width\" content=\"1200\" \/>\n\t<meta property=\"og:image:height\" content=\"1200\" \/>\n\t<meta property=\"og:image:type\" content=\"image\/jpeg\" \/>\n<meta name=\"twitter:card\" content=\"summary_large_image\" \/>\n<meta name=\"twitter:label1\" content=\"Est. reading time\" \/>\n\t<meta name=\"twitter:data1\" content=\"2 minutes\" \/>\n<script type=\"application\/ld+json\" class=\"yoast-schema-graph\">{\"@context\":\"https:\/\/schema.org\",\"@graph\":[{\"@type\":\"WebPage\",\"@id\":\"https:\/\/serafinozani.it\/en\/catalogo\/set-27-pezzi-3\/\",\"url\":\"https:\/\/serafinozani.it\/en\/catalogo\/set-27-pezzi-3\/\",\"name\":\"ACCENTO - Set 27 pezzi Posate - SerafinoZani\",\"isPartOf\":{\"@id\":\"https:\/\/serafinozani.it\/en\/#website\"},\"primaryImageOfPage\":{\"@id\":\"https:\/\/serafinozani.it\/en\/catalogo\/set-27-pezzi-3\/#primaryimage\"},\"image\":{\"@id\":\"https:\/\/serafinozani.it\/en\/catalogo\/set-27-pezzi-3\/#primaryimage\"},\"thumbnailUrl\":\"https:\/\/serafinozani.it\/wp-content\/uploads\/2021\/03\/PO9AC27.jpg\",\"datePublished\":\"2019-05-10T22:17:07+00:00\",\"dateModified\":\"2023-05-30T11:58:17+00:00\",\"breadcrumb\":{\"@id\":\"https:\/\/serafinozani.it\/en\/catalogo\/set-27-pezzi-3\/#breadcrumb\"},\"inLanguage\":\"en-US\",\"potentialAction\":[{\"@type\":\"ReadAction\",\"target\":[\"https:\/\/serafinozani.it\/en\/catalogo\/set-27-pezzi-3\/\"]}]},{\"@type\":\"ImageObject\",\"inLanguage\":\"en-US\",\"@id\":\"https:\/\/serafinozani.it\/en\/catalogo\/set-27-pezzi-3\/#primaryimage\",\"url\":\"https:\/\/serafinozani.it\/wp-content\/uploads\/2021\/03\/PO9AC27.jpg\",\"contentUrl\":\"https:\/\/serafinozani.it\/wp-content\/uploads\/2021\/03\/PO9AC27.jpg\",\"width\":1200,\"height\":1200,\"caption\":\"ACCENTO - Set 27 pezzi Posate\"},{\"@type\":\"BreadcrumbList\",\"@id\":\"https:\/\/serafinozani.it\/en\/catalogo\/set-27-pezzi-3\/#breadcrumb\",\"itemListElement\":[{\"@type\":\"ListItem\",\"position\":1,\"name\":\"Home\",\"item\":\"https:\/\/serafinozani.it\/shop\/\"},{\"@type\":\"ListItem\",\"position\":2,\"name\":\"ACCENTO &#8211; Set 27 pezzi Posate\"}]},{\"@type\":\"WebSite\",\"@id\":\"https:\/\/serafinozani.it\/en\/#website\",\"url\":\"https:\/\/serafinozani.it\/en\/\",\"name\":\"SerafinoZani\",\"description\":\"Le pentole fabbricate in Italia\",\"publisher\":{\"@id\":\"https:\/\/serafinozani.it\/en\/#organization\"},\"alternateName\":\"Le pentole fabbricate in Italia\",\"potentialAction\":[{\"@type\":\"SearchAction\",\"target\":{\"@type\":\"EntryPoint\",\"urlTemplate\":\"https:\/\/serafinozani.it\/en\/?s={search_term_string}\"},\"query-input\":{\"@type\":\"PropertyValueSpecification\",\"valueRequired\":true,\"valueName\":\"search_term_string\"}}],\"inLanguage\":\"en-US\"},{\"@type\":\"Organization\",\"@id\":\"https:\/\/serafinozani.it\/en\/#organization\",\"name\":\"SerafinoZani\",\"url\":\"https:\/\/serafinozani.it\/en\/\",\"logo\":{\"@type\":\"ImageObject\",\"inLanguage\":\"en-US\",\"@id\":\"https:\/\/serafinozani.it\/en\/#\/schema\/logo\/image\/\",\"url\":\"https:\/\/serafinozani.it\/wp-content\/uploads\/2021\/03\/KA7VMPE20A.jpg\",\"contentUrl\":\"https:\/\/serafinozani.it\/wp-content\/uploads\/2021\/03\/KA7VMPE20A.jpg\",\"width\":1,\"height\":1,\"caption\":\"SerafinoZani\"},\"image\":{\"@id\":\"https:\/\/serafinozani.it\/en\/#\/schema\/logo\/image\/\"},\"sameAs\":[\"https:\/\/www.facebook.com\/SerafinoZani.Italy\"]}]}<\/script>\n<!-- \/ Yoast SEO plugin. -->","yoast_head_json":{"title":"ACCENTO - Set 27 pezzi Posate - SerafinoZani","robots":{"index":"index","follow":"follow","max-snippet":"max-snippet:-1","max-image-preview":"max-image-preview:large","max-video-preview":"max-video-preview:-1"},"canonical":"https:\/\/serafinozani.it\/en\/catalogo\/set-27-pezzi-3\/","og_locale":"en_US","og_type":"article","og_title":"ACCENTO - Set 27 pezzi Posate - SerafinoZani","og_description":"Set 27 pezzi frutta e servire Accento: 12 forchettine frutta (perfette ache per catering e cene in piedi), 12 coltelli piccoli fruttadessert, 1 cucchiaio grande a servire, 1 forchettone e 1 mestolo. Eliminato l\u2019elemento decorativo, superfluo, \u00e8 l\u2019essenzialit\u00e0 del segno ci\u00f2 che ne definisce il disegno. Ogni tratto \u00e8 preciso e la forma che ne scaturisce \u00e8 un\u2019alta sintesi di bellezza e funzione. Realizzato in acciaio inox 18\/10, con finitura lucida, il set \u00e8 composto da tutti i pezzi per apparecchiare il posto tavola e per il servire. Ancora una volta Grcic ha sintetizzato magistralmente funzione e forma, bellezza e rigore con il suo alto design.","og_url":"https:\/\/serafinozani.it\/en\/catalogo\/set-27-pezzi-3\/","og_site_name":"SerafinoZani","article_publisher":"https:\/\/www.facebook.com\/SerafinoZani.Italy","article_modified_time":"2023-05-30T11:58:17+00:00","og_image":[{"width":1200,"height":1200,"url":"https:\/\/serafinozani.it\/wp-content\/uploads\/2021\/03\/PO9AC27.jpg","type":"image\/jpeg"}],"twitter_card":"summary_large_image","twitter_misc":{"Est. reading time":"2 minutes"},"schema":{"@context":"https:\/\/schema.org","@graph":[{"@type":"WebPage","@id":"https:\/\/serafinozani.it\/en\/catalogo\/set-27-pezzi-3\/","url":"https:\/\/serafinozani.it\/en\/catalogo\/set-27-pezzi-3\/","name":"ACCENTO - Set 27 pezzi Posate - SerafinoZani","isPartOf":{"@id":"https:\/\/serafinozani.it\/en\/#website"},"primaryImageOfPage":{"@id":"https:\/\/serafinozani.it\/en\/catalogo\/set-27-pezzi-3\/#primaryimage"},"image":{"@id":"https:\/\/serafinozani.it\/en\/catalogo\/set-27-pezzi-3\/#primaryimage"},"thumbnailUrl":"https:\/\/serafinozani.it\/wp-content\/uploads\/2021\/03\/PO9AC27.jpg","datePublished":"2019-05-10T22:17:07+00:00","dateModified":"2023-05-30T11:58:17+00:00","breadcrumb":{"@id":"https:\/\/serafinozani.it\/en\/catalogo\/set-27-pezzi-3\/#breadcrumb"},"inLanguage":"en-US","potentialAction":[{"@type":"ReadAction","target":["https:\/\/serafinozani.it\/en\/catalogo\/set-27-pezzi-3\/"]}]},{"@type":"ImageObject","inLanguage":"en-US","@id":"https:\/\/serafinozani.it\/en\/catalogo\/set-27-pezzi-3\/#primaryimage","url":"https:\/\/serafinozani.it\/wp-content\/uploads\/2021\/03\/PO9AC27.jpg","contentUrl":"https:\/\/serafinozani.it\/wp-content\/uploads\/2021\/03\/PO9AC27.jpg","width":1200,"height":1200,"caption":"ACCENTO - Set 27 pezzi Posate"},{"@type":"BreadcrumbList","@id":"https:\/\/serafinozani.it\/en\/catalogo\/set-27-pezzi-3\/#breadcrumb","itemListElement":[{"@type":"ListItem","position":1,"name":"Home","item":"https:\/\/serafinozani.it\/shop\/"},{"@type":"ListItem","position":2,"name":"ACCENTO &#8211; Set 27 pezzi Posate"}]},{"@type":"WebSite","@id":"https:\/\/serafinozani.it\/en\/#website","url":"https:\/\/serafinozani.it\/en\/","name":"SerafinoZani","description":"Le pentole fabbricate in Italia","publisher":{"@id":"https:\/\/serafinozani.it\/en\/#organization"},"alternateName":"Le pentole fabbricate in Italia","potentialAction":[{"@type":"SearchAction","target":{"@type":"EntryPoint","urlTemplate":"https:\/\/serafinozani.it\/en\/?s={search_term_string}"},"query-input":{"@type":"PropertyValueSpecification","valueRequired":true,"valueName":"search_term_string"}}],"inLanguage":"en-US"},{"@type":"Organization","@id":"https:\/\/serafinozani.it\/en\/#organization","name":"SerafinoZani","url":"https:\/\/serafinozani.it\/en\/","logo":{"@type":"ImageObject","inLanguage":"en-US","@id":"https:\/\/serafinozani.it\/en\/#\/schema\/logo\/image\/","url":"https:\/\/serafinozani.it\/wp-content\/uploads\/2021\/03\/KA7VMPE20A.jpg","contentUrl":"https:\/\/serafinozani.it\/wp-content\/uploads\/2021\/03\/KA7VMPE20A.jpg","width":1,"height":1,"caption":"SerafinoZani"},"image":{"@id":"https:\/\/serafinozani.it\/en\/#\/schema\/logo\/image\/"},"sameAs":["https:\/\/www.facebook.com\/SerafinoZani.Italy"]}]}},"_links":{"self":[{"href":"https:\/\/serafinozani.it\/en\/wp-json\/wp\/v2\/product\/317","targetHints":{"allow":["GET"]}}],"collection":[{"href":"https:\/\/serafinozani.it\/en\/wp-json\/wp\/v2\/product"}],"about":[{"href":"https:\/\/serafinozani.it\/en\/wp-json\/wp\/v2\/types\/product"}],"wp:featuredmedia":[{"embeddable":true,"href":"https:\/\/serafinozani.it\/en\/wp-json\/wp\/v2\/media\/4652"}],"wp:attachment":[{"href":"https:\/\/serafinozani.it\/en\/wp-json\/wp\/v2\/media?parent=317"}],"wp:term":[{"taxonomy":"product_cat","embeddable":true,"href":"https:\/\/serafinozani.it\/en\/wp-json\/wp\/v2\/product_cat?post=317"},{"taxonomy":"product_tag","embeddable":true,"href":"https:\/\/serafinozani.it\/en\/wp-json\/wp\/v2\/product_tag?post=317"}],"curies":[{"name":"wp","href":"https:\/\/api.w.org\/{rel}","templated":true}]}}