{"id":3047,"date":"2023-04-17T23:33:52","date_gmt":"2023-04-17T21:33:52","guid":{"rendered":"http:\/\/serafinozani.facchinim.it\/?post_type=product&#038;p=497"},"modified":"2023-05-23T01:02:03","modified_gmt":"2023-05-22T23:02:03","slug":"isadora-portatovaglioli-arancio-serafino-zani","status":"publish","type":"product","link":"https:\/\/serafinozani.it\/en\/catalogo\/isadora-portatovaglioli-arancio-serafino-zani\/","title":{"rendered":"ISADORA portatovaglioli arancio &#8211; SERAFINO ZANI"},"content":{"rendered":"<p>Nata per celebrare i primi dieci anni del XXI secolo, la collezione Zero&#8217;s ha le sue caratteristiche principali nel design estremamente innovativo, i colori vivaci ed anche un ottimo rapporto qualit\u00e0\/prezzo. Serafino Zani, con la linea Zero&#8217;s, propone infatti oggetti adatti anche alle apparecchiature pi\u00f9 semplici delle tavole di tutti i giorni. Oggetti che coniugano in s\u00e9 praticit\u00e0 d&#8217;uso, bellezza delle linee, qualit\u00e0 e finitura dei materiali; oggetti che riflettono la filosofia dell&#8217;azienda, volta a realizzare cose semplici e autentiche, disegnate e costruite bene, destinate a durare nel tempo<\/p>\n<p><b><\/b><\/p>\n<p><b>La confezione include<\/b><br \/>\n1 porta tovaglioli<\/p>\n","protected":false},"excerpt":{"rendered":"<p>Isadora \u00e8 il portatovagliolo colorato e dalla forma insolita, che si sviluppa in verticale. I tovaglioli, piegati a triangolo, una volta sistemati al loro posto creano l\u2019effetto di una gonna da ballerina. Corpo in policarbonato trasparente colorato (arancio), pettine in acciaio e base cromata in metallo. Isadora \u00e8 l\u2019oggetto ideale per rallegrare la tavola informale.<\/p>\n","protected":false},"featured_media":500,"template":"","meta":[],"product_cat":[400,749,602],"product_tag":[1052,1053],"class_list":["post-3047","product","type-product","status-publish","has-post-thumbnail","hentry","product_cat-servire-tavola","product_cat-zeros-serafino-zani","product_cat-serafino-zani","product_tag-serafino-zaniservewarezerosorange","product_tag-arancio","pa_designer-angelettiruzza-design","pa_linea-zeros","pa_materiale-policarbonato-acciaio-ottone-cromato"],"yoast_head":"<!-- This site is optimized with the Yoast SEO plugin v26.3 - https:\/\/yoast.com\/wordpress\/plugins\/seo\/ -->\n<title>ISADORA portatovaglioli arancio - SERAFINO ZANI - SerafinoZani<\/title>\n<meta name=\"robots\" content=\"index, follow, max-snippet:-1, max-image-preview:large, max-video-preview:-1\" \/>\n<link rel=\"canonical\" href=\"https:\/\/serafinozani.it\/en\/catalogo\/isadora-portatovaglioli-arancio-serafino-zani\/\" \/>\n<meta property=\"og:locale\" content=\"en_US\" \/>\n<meta property=\"og:type\" content=\"article\" \/>\n<meta property=\"og:title\" content=\"ISADORA portatovaglioli arancio - SERAFINO ZANI - SerafinoZani\" \/>\n<meta property=\"og:description\" content=\"Isadora \u00e8 il portatovagliolo colorato e dalla forma insolita, che si sviluppa in verticale. I tovaglioli, piegati a triangolo, una volta sistemati al loro posto creano l\u2019effetto di una gonna da ballerina. Corpo in policarbonato trasparente colorato (arancio), pettine in acciaio e base cromata in metallo. Isadora \u00e8 l\u2019oggetto ideale per rallegrare la tavola informale.\" \/>\n<meta property=\"og:url\" content=\"https:\/\/serafinozani.it\/en\/catalogo\/isadora-portatovaglioli-arancio-serafino-zani\/\" \/>\n<meta property=\"og:site_name\" content=\"SerafinoZani\" \/>\n<meta property=\"article:publisher\" content=\"https:\/\/www.facebook.com\/SerafinoZani.Italy\" \/>\n<meta property=\"article:modified_time\" content=\"2023-05-22T23:02:03+00:00\" \/>\n<meta property=\"og:image\" content=\"https:\/\/serafinozani.it\/wp-content\/uploads\/2017\/06\/electro-banner3-1.jpg\" \/>\n\t<meta property=\"og:image:width\" content=\"500\" \/>\n\t<meta property=\"og:image:height\" content=\"200\" \/>\n\t<meta property=\"og:image:type\" content=\"image\/jpeg\" \/>\n<meta name=\"twitter:card\" content=\"summary_large_image\" \/>\n<script type=\"application\/ld+json\" class=\"yoast-schema-graph\">{\"@context\":\"https:\/\/schema.org\",\"@graph\":[{\"@type\":\"WebPage\",\"@id\":\"https:\/\/serafinozani.it\/en\/catalogo\/isadora-portatovaglioli-arancio-serafino-zani\/\",\"url\":\"https:\/\/serafinozani.it\/en\/catalogo\/isadora-portatovaglioli-arancio-serafino-zani\/\",\"name\":\"ISADORA portatovaglioli arancio - SERAFINO ZANI - SerafinoZani\",\"isPartOf\":{\"@id\":\"https:\/\/serafinozani.it\/en\/#website\"},\"primaryImageOfPage\":{\"@id\":\"https:\/\/serafinozani.it\/en\/catalogo\/isadora-portatovaglioli-arancio-serafino-zani\/#primaryimage\"},\"image\":{\"@id\":\"https:\/\/serafinozani.it\/en\/catalogo\/isadora-portatovaglioli-arancio-serafino-zani\/#primaryimage\"},\"thumbnailUrl\":\"https:\/\/serafinozani.it\/wp-content\/uploads\/2017\/06\/electro-banner3-1.jpg\",\"datePublished\":\"2023-04-17T21:33:52+00:00\",\"dateModified\":\"2023-05-22T23:02:03+00:00\",\"breadcrumb\":{\"@id\":\"https:\/\/serafinozani.it\/en\/catalogo\/isadora-portatovaglioli-arancio-serafino-zani\/#breadcrumb\"},\"inLanguage\":\"en-US\",\"potentialAction\":[{\"@type\":\"ReadAction\",\"target\":[\"https:\/\/serafinozani.it\/en\/catalogo\/isadora-portatovaglioli-arancio-serafino-zani\/\"]}]},{\"@type\":\"ImageObject\",\"inLanguage\":\"en-US\",\"@id\":\"https:\/\/serafinozani.it\/en\/catalogo\/isadora-portatovaglioli-arancio-serafino-zani\/#primaryimage\",\"url\":\"https:\/\/serafinozani.it\/wp-content\/uploads\/2017\/06\/electro-banner3-1.jpg\",\"contentUrl\":\"https:\/\/serafinozani.it\/wp-content\/uploads\/2017\/06\/electro-banner3-1.jpg\",\"width\":500,\"height\":200},{\"@type\":\"BreadcrumbList\",\"@id\":\"https:\/\/serafinozani.it\/en\/catalogo\/isadora-portatovaglioli-arancio-serafino-zani\/#breadcrumb\",\"itemListElement\":[{\"@type\":\"ListItem\",\"position\":1,\"name\":\"Home\",\"item\":\"https:\/\/serafinozani.it\/shop\/\"},{\"@type\":\"ListItem\",\"position\":2,\"name\":\"ISADORA portatovaglioli arancio &#8211; SERAFINO ZANI\"}]},{\"@type\":\"WebSite\",\"@id\":\"https:\/\/serafinozani.it\/en\/#website\",\"url\":\"https:\/\/serafinozani.it\/en\/\",\"name\":\"SerafinoZani\",\"description\":\"Le pentole fabbricate in Italia\",\"publisher\":{\"@id\":\"https:\/\/serafinozani.it\/en\/#organization\"},\"alternateName\":\"Le pentole fabbricate in Italia\",\"potentialAction\":[{\"@type\":\"SearchAction\",\"target\":{\"@type\":\"EntryPoint\",\"urlTemplate\":\"https:\/\/serafinozani.it\/en\/?s={search_term_string}\"},\"query-input\":{\"@type\":\"PropertyValueSpecification\",\"valueRequired\":true,\"valueName\":\"search_term_string\"}}],\"inLanguage\":\"en-US\"},{\"@type\":\"Organization\",\"@id\":\"https:\/\/serafinozani.it\/en\/#organization\",\"name\":\"SerafinoZani\",\"url\":\"https:\/\/serafinozani.it\/en\/\",\"logo\":{\"@type\":\"ImageObject\",\"inLanguage\":\"en-US\",\"@id\":\"https:\/\/serafinozani.it\/en\/#\/schema\/logo\/image\/\",\"url\":\"https:\/\/serafinozani.it\/wp-content\/uploads\/2021\/03\/KA7VMPE20A.jpg\",\"contentUrl\":\"https:\/\/serafinozani.it\/wp-content\/uploads\/2021\/03\/KA7VMPE20A.jpg\",\"width\":1,\"height\":1,\"caption\":\"SerafinoZani\"},\"image\":{\"@id\":\"https:\/\/serafinozani.it\/en\/#\/schema\/logo\/image\/\"},\"sameAs\":[\"https:\/\/www.facebook.com\/SerafinoZani.Italy\"]}]}<\/script>\n<!-- \/ Yoast SEO plugin. -->","yoast_head_json":{"title":"ISADORA portatovaglioli arancio - SERAFINO ZANI - SerafinoZani","robots":{"index":"index","follow":"follow","max-snippet":"max-snippet:-1","max-image-preview":"max-image-preview:large","max-video-preview":"max-video-preview:-1"},"canonical":"https:\/\/serafinozani.it\/en\/catalogo\/isadora-portatovaglioli-arancio-serafino-zani\/","og_locale":"en_US","og_type":"article","og_title":"ISADORA portatovaglioli arancio - SERAFINO ZANI - SerafinoZani","og_description":"Isadora \u00e8 il portatovagliolo colorato e dalla forma insolita, che si sviluppa in verticale. I tovaglioli, piegati a triangolo, una volta sistemati al loro posto creano l\u2019effetto di una gonna da ballerina. Corpo in policarbonato trasparente colorato (arancio), pettine in acciaio e base cromata in metallo. Isadora \u00e8 l\u2019oggetto ideale per rallegrare la tavola informale.","og_url":"https:\/\/serafinozani.it\/en\/catalogo\/isadora-portatovaglioli-arancio-serafino-zani\/","og_site_name":"SerafinoZani","article_publisher":"https:\/\/www.facebook.com\/SerafinoZani.Italy","article_modified_time":"2023-05-22T23:02:03+00:00","og_image":[{"width":500,"height":200,"url":"https:\/\/serafinozani.it\/wp-content\/uploads\/2017\/06\/electro-banner3-1.jpg","type":"image\/jpeg"}],"twitter_card":"summary_large_image","schema":{"@context":"https:\/\/schema.org","@graph":[{"@type":"WebPage","@id":"https:\/\/serafinozani.it\/en\/catalogo\/isadora-portatovaglioli-arancio-serafino-zani\/","url":"https:\/\/serafinozani.it\/en\/catalogo\/isadora-portatovaglioli-arancio-serafino-zani\/","name":"ISADORA portatovaglioli arancio - SERAFINO ZANI - SerafinoZani","isPartOf":{"@id":"https:\/\/serafinozani.it\/en\/#website"},"primaryImageOfPage":{"@id":"https:\/\/serafinozani.it\/en\/catalogo\/isadora-portatovaglioli-arancio-serafino-zani\/#primaryimage"},"image":{"@id":"https:\/\/serafinozani.it\/en\/catalogo\/isadora-portatovaglioli-arancio-serafino-zani\/#primaryimage"},"thumbnailUrl":"https:\/\/serafinozani.it\/wp-content\/uploads\/2017\/06\/electro-banner3-1.jpg","datePublished":"2023-04-17T21:33:52+00:00","dateModified":"2023-05-22T23:02:03+00:00","breadcrumb":{"@id":"https:\/\/serafinozani.it\/en\/catalogo\/isadora-portatovaglioli-arancio-serafino-zani\/#breadcrumb"},"inLanguage":"en-US","potentialAction":[{"@type":"ReadAction","target":["https:\/\/serafinozani.it\/en\/catalogo\/isadora-portatovaglioli-arancio-serafino-zani\/"]}]},{"@type":"ImageObject","inLanguage":"en-US","@id":"https:\/\/serafinozani.it\/en\/catalogo\/isadora-portatovaglioli-arancio-serafino-zani\/#primaryimage","url":"https:\/\/serafinozani.it\/wp-content\/uploads\/2017\/06\/electro-banner3-1.jpg","contentUrl":"https:\/\/serafinozani.it\/wp-content\/uploads\/2017\/06\/electro-banner3-1.jpg","width":500,"height":200},{"@type":"BreadcrumbList","@id":"https:\/\/serafinozani.it\/en\/catalogo\/isadora-portatovaglioli-arancio-serafino-zani\/#breadcrumb","itemListElement":[{"@type":"ListItem","position":1,"name":"Home","item":"https:\/\/serafinozani.it\/shop\/"},{"@type":"ListItem","position":2,"name":"ISADORA portatovaglioli arancio &#8211; SERAFINO ZANI"}]},{"@type":"WebSite","@id":"https:\/\/serafinozani.it\/en\/#website","url":"https:\/\/serafinozani.it\/en\/","name":"SerafinoZani","description":"Le pentole fabbricate in Italia","publisher":{"@id":"https:\/\/serafinozani.it\/en\/#organization"},"alternateName":"Le pentole fabbricate in Italia","potentialAction":[{"@type":"SearchAction","target":{"@type":"EntryPoint","urlTemplate":"https:\/\/serafinozani.it\/en\/?s={search_term_string}"},"query-input":{"@type":"PropertyValueSpecification","valueRequired":true,"valueName":"search_term_string"}}],"inLanguage":"en-US"},{"@type":"Organization","@id":"https:\/\/serafinozani.it\/en\/#organization","name":"SerafinoZani","url":"https:\/\/serafinozani.it\/en\/","logo":{"@type":"ImageObject","inLanguage":"en-US","@id":"https:\/\/serafinozani.it\/en\/#\/schema\/logo\/image\/","url":"https:\/\/serafinozani.it\/wp-content\/uploads\/2021\/03\/KA7VMPE20A.jpg","contentUrl":"https:\/\/serafinozani.it\/wp-content\/uploads\/2021\/03\/KA7VMPE20A.jpg","width":1,"height":1,"caption":"SerafinoZani"},"image":{"@id":"https:\/\/serafinozani.it\/en\/#\/schema\/logo\/image\/"},"sameAs":["https:\/\/www.facebook.com\/SerafinoZani.Italy"]}]}},"_links":{"self":[{"href":"https:\/\/serafinozani.it\/en\/wp-json\/wp\/v2\/product\/3047","targetHints":{"allow":["GET"]}}],"collection":[{"href":"https:\/\/serafinozani.it\/en\/wp-json\/wp\/v2\/product"}],"about":[{"href":"https:\/\/serafinozani.it\/en\/wp-json\/wp\/v2\/types\/product"}],"wp:featuredmedia":[{"embeddable":true,"href":"https:\/\/serafinozani.it\/en\/wp-json\/wp\/v2\/media\/500"}],"wp:attachment":[{"href":"https:\/\/serafinozani.it\/en\/wp-json\/wp\/v2\/media?parent=3047"}],"wp:term":[{"taxonomy":"product_cat","embeddable":true,"href":"https:\/\/serafinozani.it\/en\/wp-json\/wp\/v2\/product_cat?post=3047"},{"taxonomy":"product_tag","embeddable":true,"href":"https:\/\/serafinozani.it\/en\/wp-json\/wp\/v2\/product_tag?post=3047"}],"curies":[{"name":"wp","href":"https:\/\/api.w.org\/{rel}","templated":true}]}}