{"id":3043,"date":"2023-04-17T23:30:32","date_gmt":"2023-04-17T21:30:32","guid":{"rendered":"http:\/\/serafinozani.facchinim.it\/?post_type=product&#038;p=449"},"modified":"2023-05-23T01:02:13","modified_gmt":"2023-05-22T23:02:13","slug":"alle-cinque-serafino-zani","status":"publish","type":"product","link":"https:\/\/serafinozani.it\/en\/catalogo\/alle-cinque-serafino-zani\/","title":{"rendered":"ALLE CINQUE &#8211; SERAFINO ZANI"},"content":{"rendered":"<p>Con \u2018Passami il sale\u2019, Serafino Zani prosegue la ricerca su un uso contemporaneo dell&#8217;acciaio come materiale del quotidiano, solido e duraturo ma allo stesso tempo garbatamente elegante, questi prodotti raccontano in modo inconsueto tipologie quotidiane del panorama domestico: il vassoio, il cestino, le posate da insalata.  Il linguaggio minimale di Konstantin Grcic reinterpreta l&#8217;acciaio attraverso geometrie basiche, asimmetrie e tagli netti, come origami metallici di estrema semplicita\u0300, capaci di fare sentire la mano di chi li ha realizzati. <\/p>\n<p>Il progetto \u00abPassami il sale\u00bb, nato nel 2007 grazie al percorso creativo intrapreso con il designer Konstantin Grcic, racchiude una gamma di complementi per la tavola e la cucina caratterizzati da un design innovativo senza mai trascurare l\u2019aspetto funzionale \u2013 aspetti caratteristici di tutta la produzione Zani &#8211; il cui mix esprime una potenza estetica incisiva, senza elementi decorativi superflui. I cestini e i vassoi tagliati a laser, le posate Accento, quelle da insalata Certamente in filo di acciaio e gli strumenti di cottura Al Dente sono gli oggetti realizzati per il Progetto tra il 2007 e il 2009 ai quali \u00e8 stato assegnato il prestigioso premio GOOD DESIGN Award 2010 dal Chicago Athenaeum &#8211; Museum of Architecture and Design e l\u2019European Centre for Architecture Art Design &#038; Urban Studies. Un premio, conferito nel 2011 anche alla pentola a pressione Subito \u2013 anche questa disegnata da Grcic e parte integrane nel progetto -, che rappresenta un riconoscimento internazionale per la ricerca e la sperimentazione di una realt\u00e0 industriale come quella di Serafino Zani, fortemente votata al design non concettuale.<\/p>\n<p>\u00abLavorare con Serafino Zani mi offre la possibilit\u00e0 di confrontare il mio modo di lavorare con la produzione italiana su un terreno che ritengo molto interessante e che chiamo la Casa-Fabbrica. Serafino Zani \u00e8 un&#8217;azienda contemporanea, industriale e particolarmente attenta al design, ma ha allo stesso tempo un legame molto forte con il proprio territorio e con il fare degli artigiani. Utilizza i mezzi di produzione industriale senza dimenticare i saperi della manodopera. Credo ci sia una grande qualit\u00e0 nel cercare di utilizzare i mezzi industriali, ricordando che scegliere una tecnologia o un macchinario \u00e8 come scegliere un utensile: entrambi non valgono in quanto tali, ma perch\u00e9, attraverso il progetto, sono in grado di fare sentire il tocco della persona che li ha realizzati\u00bb. Konstantin Grcic<\/p>\n<p>L&#8217;incontro con Grcic, voluto da Roberto Zani, conferma il percorso di crescita vissuto del marchio, improntato a una scelta sempre pi\u00f9 attenta dei propri interlocutori e rivolto a valorizzare su scala internazionale la propria identit\u00e0 di azienda del made in Italy, basata su una solida storia produttiva che conta oggi oltre 50 anni di esperienza nel settore.  Amore per le cose fatte bene, attenzione al rapporto fra bellezza e funzionalit\u00e0 dell\u2019oggetto, ricerca di un design innovativo e originale: questo si percepisce in un prodotto realizzato in Italia da Serafino Zani. Tutti gli oggetti realizzati per il programma \u201cPassami il Sale\u201d sintetizzano il design innovativo ed essenziale ed un\u2019inconfondibile potenza estetica abbinata alla funzionalita\u0300 che ben rappresentano i valori fondamentali della produzione di Serafino Zani e dello stile di Grcic.<\/p>\n<p><b><\/b><\/p>\n<p><b>La confezione include<\/b><br \/>\n1 Vassoio tondo<\/p>\n","protected":false},"excerpt":{"rendered":"<p>Vassoio Tondo, \u00f8 32 cm, h.1,5 cm in Acciaio Inox 18\/10 tagliato al laser e piegato. Il linguaggio minimale di Grcic reinterpreta l&#8217;acciaio attraverso geometrie basiche, asimmetrie e tagli netti, come origami metallici di estrema semplicita\u0300, capaci di fare sentire la mano di chi li ha realizzati.<\/p>\n","protected":false},"featured_media":454,"template":"","meta":[],"product_cat":[400,602,1041],"product_tag":[1042,655],"class_list":["post-3043","product","type-product","status-publish","has-post-thumbnail","hentry","product_cat-servire-tavola","product_cat-serafino-zani","product_cat-passami-il-sale","product_tag-serafino-zaniservewarepassami-il-salesteel","product_tag-acciaio","pa_designer-konstantin-grcic","pa_linea-passami-il-sale","pa_materiale-acciaio-inox"],"yoast_head":"<!-- This site is optimized with the Yoast SEO plugin v26.3 - https:\/\/yoast.com\/wordpress\/plugins\/seo\/ -->\n<title>ALLE CINQUE - SERAFINO ZANI - SerafinoZani<\/title>\n<meta name=\"robots\" content=\"index, follow, max-snippet:-1, max-image-preview:large, max-video-preview:-1\" \/>\n<link rel=\"canonical\" href=\"https:\/\/serafinozani.it\/en\/catalogo\/alle-cinque-serafino-zani\/\" \/>\n<meta property=\"og:locale\" content=\"en_US\" \/>\n<meta property=\"og:type\" content=\"article\" \/>\n<meta property=\"og:title\" content=\"ALLE CINQUE - SERAFINO ZANI - SerafinoZani\" \/>\n<meta property=\"og:description\" content=\"Vassoio Tondo, \u00f8 32 cm, h.1,5 cm in Acciaio Inox 18\/10 tagliato al laser e piegato. Il linguaggio minimale di Grcic reinterpreta l&#039;acciaio attraverso geometrie basiche, asimmetrie e tagli netti, come origami metallici di estrema semplicita\u0300, capaci di fare sentire la mano di chi li ha realizzati.\" \/>\n<meta property=\"og:url\" content=\"https:\/\/serafinozani.it\/en\/catalogo\/alle-cinque-serafino-zani\/\" \/>\n<meta property=\"og:site_name\" content=\"SerafinoZani\" \/>\n<meta property=\"article:publisher\" content=\"https:\/\/www.facebook.com\/SerafinoZani.Italy\" \/>\n<meta property=\"article:modified_time\" content=\"2023-05-22T23:02:13+00:00\" \/>\n<meta property=\"og:image\" content=\"https:\/\/serafinozani.it\/wp-content\/uploads\/2023\/02\/olimpia_slide_home.jpg\" \/>\n\t<meta property=\"og:image:width\" content=\"2200\" \/>\n\t<meta property=\"og:image:height\" content=\"1459\" \/>\n\t<meta property=\"og:image:type\" content=\"image\/jpeg\" \/>\n<meta name=\"twitter:card\" content=\"summary_large_image\" \/>\n<meta name=\"twitter:label1\" content=\"Est. reading time\" \/>\n\t<meta name=\"twitter:data1\" content=\"3 minutes\" \/>\n<script type=\"application\/ld+json\" class=\"yoast-schema-graph\">{\"@context\":\"https:\/\/schema.org\",\"@graph\":[{\"@type\":\"WebPage\",\"@id\":\"https:\/\/serafinozani.it\/en\/catalogo\/alle-cinque-serafino-zani\/\",\"url\":\"https:\/\/serafinozani.it\/en\/catalogo\/alle-cinque-serafino-zani\/\",\"name\":\"ALLE CINQUE - SERAFINO ZANI - SerafinoZani\",\"isPartOf\":{\"@id\":\"https:\/\/serafinozani.it\/en\/#website\"},\"primaryImageOfPage\":{\"@id\":\"https:\/\/serafinozani.it\/en\/catalogo\/alle-cinque-serafino-zani\/#primaryimage\"},\"image\":{\"@id\":\"https:\/\/serafinozani.it\/en\/catalogo\/alle-cinque-serafino-zani\/#primaryimage\"},\"thumbnailUrl\":\"\",\"datePublished\":\"2023-04-17T21:30:32+00:00\",\"dateModified\":\"2023-05-22T23:02:13+00:00\",\"breadcrumb\":{\"@id\":\"https:\/\/serafinozani.it\/en\/catalogo\/alle-cinque-serafino-zani\/#breadcrumb\"},\"inLanguage\":\"en-US\",\"potentialAction\":[{\"@type\":\"ReadAction\",\"target\":[\"https:\/\/serafinozani.it\/en\/catalogo\/alle-cinque-serafino-zani\/\"]}]},{\"@type\":\"ImageObject\",\"inLanguage\":\"en-US\",\"@id\":\"https:\/\/serafinozani.it\/en\/catalogo\/alle-cinque-serafino-zani\/#primaryimage\",\"url\":\"\",\"contentUrl\":\"\"},{\"@type\":\"BreadcrumbList\",\"@id\":\"https:\/\/serafinozani.it\/en\/catalogo\/alle-cinque-serafino-zani\/#breadcrumb\",\"itemListElement\":[{\"@type\":\"ListItem\",\"position\":1,\"name\":\"Home\",\"item\":\"https:\/\/serafinozani.it\/shop\/\"},{\"@type\":\"ListItem\",\"position\":2,\"name\":\"ALLE CINQUE &#8211; SERAFINO ZANI\"}]},{\"@type\":\"WebSite\",\"@id\":\"https:\/\/serafinozani.it\/en\/#website\",\"url\":\"https:\/\/serafinozani.it\/en\/\",\"name\":\"SerafinoZani\",\"description\":\"Le pentole fabbricate in Italia\",\"publisher\":{\"@id\":\"https:\/\/serafinozani.it\/en\/#organization\"},\"alternateName\":\"Le pentole fabbricate in Italia\",\"potentialAction\":[{\"@type\":\"SearchAction\",\"target\":{\"@type\":\"EntryPoint\",\"urlTemplate\":\"https:\/\/serafinozani.it\/en\/?s={search_term_string}\"},\"query-input\":{\"@type\":\"PropertyValueSpecification\",\"valueRequired\":true,\"valueName\":\"search_term_string\"}}],\"inLanguage\":\"en-US\"},{\"@type\":\"Organization\",\"@id\":\"https:\/\/serafinozani.it\/en\/#organization\",\"name\":\"SerafinoZani\",\"url\":\"https:\/\/serafinozani.it\/en\/\",\"logo\":{\"@type\":\"ImageObject\",\"inLanguage\":\"en-US\",\"@id\":\"https:\/\/serafinozani.it\/en\/#\/schema\/logo\/image\/\",\"url\":\"https:\/\/serafinozani.it\/wp-content\/uploads\/2021\/03\/KA7VMPE20A.jpg\",\"contentUrl\":\"https:\/\/serafinozani.it\/wp-content\/uploads\/2021\/03\/KA7VMPE20A.jpg\",\"width\":1,\"height\":1,\"caption\":\"SerafinoZani\"},\"image\":{\"@id\":\"https:\/\/serafinozani.it\/en\/#\/schema\/logo\/image\/\"},\"sameAs\":[\"https:\/\/www.facebook.com\/SerafinoZani.Italy\"]}]}<\/script>\n<!-- \/ Yoast SEO plugin. -->","yoast_head_json":{"title":"ALLE CINQUE - SERAFINO ZANI - SerafinoZani","robots":{"index":"index","follow":"follow","max-snippet":"max-snippet:-1","max-image-preview":"max-image-preview:large","max-video-preview":"max-video-preview:-1"},"canonical":"https:\/\/serafinozani.it\/en\/catalogo\/alle-cinque-serafino-zani\/","og_locale":"en_US","og_type":"article","og_title":"ALLE CINQUE - SERAFINO ZANI - SerafinoZani","og_description":"Vassoio Tondo, \u00f8 32 cm, h.1,5 cm in Acciaio Inox 18\/10 tagliato al laser e piegato. Il linguaggio minimale di Grcic reinterpreta l'acciaio attraverso geometrie basiche, asimmetrie e tagli netti, come origami metallici di estrema semplicita\u0300, capaci di fare sentire la mano di chi li ha realizzati.","og_url":"https:\/\/serafinozani.it\/en\/catalogo\/alle-cinque-serafino-zani\/","og_site_name":"SerafinoZani","article_publisher":"https:\/\/www.facebook.com\/SerafinoZani.Italy","article_modified_time":"2023-05-22T23:02:13+00:00","og_image":[{"width":2200,"height":1459,"url":"https:\/\/serafinozani.it\/wp-content\/uploads\/2023\/02\/olimpia_slide_home.jpg","type":"image\/jpeg"}],"twitter_card":"summary_large_image","twitter_misc":{"Est. reading time":"3 minutes"},"schema":{"@context":"https:\/\/schema.org","@graph":[{"@type":"WebPage","@id":"https:\/\/serafinozani.it\/en\/catalogo\/alle-cinque-serafino-zani\/","url":"https:\/\/serafinozani.it\/en\/catalogo\/alle-cinque-serafino-zani\/","name":"ALLE CINQUE - SERAFINO ZANI - SerafinoZani","isPartOf":{"@id":"https:\/\/serafinozani.it\/en\/#website"},"primaryImageOfPage":{"@id":"https:\/\/serafinozani.it\/en\/catalogo\/alle-cinque-serafino-zani\/#primaryimage"},"image":{"@id":"https:\/\/serafinozani.it\/en\/catalogo\/alle-cinque-serafino-zani\/#primaryimage"},"thumbnailUrl":"","datePublished":"2023-04-17T21:30:32+00:00","dateModified":"2023-05-22T23:02:13+00:00","breadcrumb":{"@id":"https:\/\/serafinozani.it\/en\/catalogo\/alle-cinque-serafino-zani\/#breadcrumb"},"inLanguage":"en-US","potentialAction":[{"@type":"ReadAction","target":["https:\/\/serafinozani.it\/en\/catalogo\/alle-cinque-serafino-zani\/"]}]},{"@type":"ImageObject","inLanguage":"en-US","@id":"https:\/\/serafinozani.it\/en\/catalogo\/alle-cinque-serafino-zani\/#primaryimage","url":"","contentUrl":""},{"@type":"BreadcrumbList","@id":"https:\/\/serafinozani.it\/en\/catalogo\/alle-cinque-serafino-zani\/#breadcrumb","itemListElement":[{"@type":"ListItem","position":1,"name":"Home","item":"https:\/\/serafinozani.it\/shop\/"},{"@type":"ListItem","position":2,"name":"ALLE CINQUE &#8211; SERAFINO ZANI"}]},{"@type":"WebSite","@id":"https:\/\/serafinozani.it\/en\/#website","url":"https:\/\/serafinozani.it\/en\/","name":"SerafinoZani","description":"Le pentole fabbricate in Italia","publisher":{"@id":"https:\/\/serafinozani.it\/en\/#organization"},"alternateName":"Le pentole fabbricate in Italia","potentialAction":[{"@type":"SearchAction","target":{"@type":"EntryPoint","urlTemplate":"https:\/\/serafinozani.it\/en\/?s={search_term_string}"},"query-input":{"@type":"PropertyValueSpecification","valueRequired":true,"valueName":"search_term_string"}}],"inLanguage":"en-US"},{"@type":"Organization","@id":"https:\/\/serafinozani.it\/en\/#organization","name":"SerafinoZani","url":"https:\/\/serafinozani.it\/en\/","logo":{"@type":"ImageObject","inLanguage":"en-US","@id":"https:\/\/serafinozani.it\/en\/#\/schema\/logo\/image\/","url":"https:\/\/serafinozani.it\/wp-content\/uploads\/2021\/03\/KA7VMPE20A.jpg","contentUrl":"https:\/\/serafinozani.it\/wp-content\/uploads\/2021\/03\/KA7VMPE20A.jpg","width":1,"height":1,"caption":"SerafinoZani"},"image":{"@id":"https:\/\/serafinozani.it\/en\/#\/schema\/logo\/image\/"},"sameAs":["https:\/\/www.facebook.com\/SerafinoZani.Italy"]}]}},"_links":{"self":[{"href":"https:\/\/serafinozani.it\/en\/wp-json\/wp\/v2\/product\/3043","targetHints":{"allow":["GET"]}}],"collection":[{"href":"https:\/\/serafinozani.it\/en\/wp-json\/wp\/v2\/product"}],"about":[{"href":"https:\/\/serafinozani.it\/en\/wp-json\/wp\/v2\/types\/product"}],"wp:featuredmedia":[{"embeddable":true,"href":"https:\/\/serafinozani.it\/en\/wp-json\/"}],"wp:attachment":[{"href":"https:\/\/serafinozani.it\/en\/wp-json\/wp\/v2\/media?parent=3043"}],"wp:term":[{"taxonomy":"product_cat","embeddable":true,"href":"https:\/\/serafinozani.it\/en\/wp-json\/wp\/v2\/product_cat?post=3043"},{"taxonomy":"product_tag","embeddable":true,"href":"https:\/\/serafinozani.it\/en\/wp-json\/wp\/v2\/product_tag?post=3043"}],"curies":[{"name":"wp","href":"https:\/\/api.w.org\/{rel}","templated":true}]}}