{"id":3040,"date":"2023-04-17T23:36:18","date_gmt":"2023-04-17T21:36:18","guid":{"rendered":"http:\/\/serafinozani.facchinim.it\/?post_type=product&#038;p=405"},"modified":"2023-05-23T01:02:20","modified_gmt":"2023-05-22T23:02:20","slug":"planetarium-serafino-zani","status":"publish","type":"product","link":"https:\/\/serafinozani.it\/en\/catalogo\/planetarium-serafino-zani\/","title":{"rendered":"PLANETARIUM &#8211; SERAFINO ZANI"},"content":{"rendered":"<p>Come gli strumenti per cucinare Serafino Zani nascono dalla profonda conoscenza della cultura della cucina, cosi\u0300 anche gli oggetti per servire a tavola sono progettati pensando ai riti consolidati del mangiare e del bere insieme nelle situazioni piu\u0300 diverse. Serafino Zani, con le linee Seraphini, propone oggetti adatti alle tavole laboriosamente preparate delle occasioni particolari, cosi\u0300 come alle apparecchiature piu\u0300 semplici delle tavole di tutti i giorni. Oggetti che coniugano in se\u0301 praticita\u0300 d\u2019uso, bellezza delle linee, qualita\u0300 e finitura dei materiali; oggetti che riflettono la filosofia dell\u2019azienda, volta a realizzare cose semplici e autentiche, disegnate e costruite bene, destinate a durare nel tempo.<br \/>\nPortare in tavola una pirofila appena tolta dal forno, servire un arrosto su un vassoio da portata, versare dell\u2019olio pregiato per condire la verdura o delle pietanze, avere sempre a disposizione il contenitore della giusta grandezza per i cibi piu\u0300 diversi&#8230; La serie Seraphini propone oggetti che facilitano i gesti del servire quotidiano, e al tempo stesso li impreziosiscono, grazie al loro disegno raffinato ed elegante, e all\u2019uso dell\u2019acciaio lucidato a specchio. Acciaio che, nei Seraphini, viene accostato al legno d\u2019ontano dei taglieri, alla porcellana bianca delle pirofile, al vetro delle ampolle, al rivestimento in rame e titanio dei bollitori e delle caffettiere, dando vita ad oggetti unici in cui forma e funzione trovano un equilibrio perfetto.<\/p>\n<p><b><\/b><\/p>\n<p><b>La confezione include<\/b><br \/>\n8 ciotole di diverse misure: \u00f8 26  h.10 cm, \u00f8 22 h.8 cm, \u00f8 18 h.6,2 cm, \u00f8 14,5 h.5,5 cm, \u00f8 11,5 h.4,2 cm, \u00f8 9 h.3,5 cm, \u00f8 6,5 h. 2,9 cm, \u00f8 4,5 h.2,4 cm<\/p>\n","protected":false},"excerpt":{"rendered":"<p>Planetarium e\u0300 un servizio innovativo, elegante e molto flessibile: comprende 8 ciotole, in acciaio inox 18\/10, di vario diametro, che si combinano l\u2019una con l\u2019altra formando un unico oggetto. Le otto ciotole alloggiano perfettamente una dentro l\u2019altra, formando un\u2019oggetto unico che diventa un solo centrotavola, guadagnando in questo modo dello spazio prezioso in cucina.<br \/>\nLe ciotole hanno molteplici usi, a seconda della loro dimensione: porta uovo per la colazione, ciotole per la macedonia, per l\u2019insalata, per la pasta&#8230;.<br \/>\nProdotto in acciaio inossidabile con uno spessore di un millimetro, ha finitura lucida a specchio.<\/p>\n<p>Un set di otto ciotole in acciaio di diametro diverso per assecondare le necessit\u00e0 contenitive di ogni alimento. Le ciotole si combinano formando dei recipienti chiusi per riporre in frigo il cibo o per presentarlo a tavola, a scalare le pi\u00f9 piccole fungono da coperchio a quelle pi\u00f9 grandi. Quando riposte, si incastrano perfettamente per diventare un unico oggetto scultura. Le ultime due, unite a formare un satellite in appoggio sugli anelli concentrici, creano un gioco di forme e linee che rimanda idealmente agli anelli di Saturno. Con una leggera inclinazione, Planetarium diventa una scultura per la casa.<\/p>\n","protected":false},"featured_media":15739,"template":"","meta":[],"product_cat":[400,602,725],"product_tag":[728,655,729],"class_list":["post-3040","product","type-product","status-publish","has-post-thumbnail","hentry","product_cat-servire-tavola","product_cat-serafino-zani","product_cat-seraphini","product_tag-serafino-zaniserveware","product_tag-acciaio","product_tag-kitchen-toolsseraphinipolished-steel","pa_designer-liliana-bonomi","pa_materiale-acciaio-inox"],"yoast_head":"<!-- This site is optimized with the Yoast SEO plugin v26.3 - https:\/\/yoast.com\/wordpress\/plugins\/seo\/ -->\n<title>PLANETARIUM - SERAFINO ZANI - SerafinoZani<\/title>\n<meta name=\"robots\" content=\"index, follow, max-snippet:-1, max-image-preview:large, max-video-preview:-1\" \/>\n<link rel=\"canonical\" href=\"https:\/\/serafinozani.it\/en\/catalogo\/planetarium-serafino-zani\/\" \/>\n<meta property=\"og:locale\" content=\"en_US\" \/>\n<meta property=\"og:type\" content=\"article\" \/>\n<meta property=\"og:title\" content=\"PLANETARIUM - SERAFINO ZANI - SerafinoZani\" \/>\n<meta property=\"og:description\" content=\"Planetarium e\u0300 un servizio innovativo, elegante e molto flessibile: comprende 8 ciotole, in acciaio inox 18\/10, di vario diametro, che si combinano l\u2019una con l\u2019altra formando un unico oggetto. Le otto ciotole alloggiano perfettamente una dentro l\u2019altra, formando un\u2019oggetto unico che diventa un solo centrotavola, guadagnando in questo modo dello spazio prezioso in cucina. Le ciotole hanno molteplici usi, a seconda della loro dimensione: porta uovo per la colazione, ciotole per la macedonia, per l\u2019insalata, per la pasta.... Prodotto in acciaio inossidabile con uno spessore di un millimetro, ha finitura lucida a specchio.  Un set di otto ciotole in acciaio di diametro diverso per assecondare le necessit\u00e0 contenitive di ogni alimento. Le ciotole si combinano formando dei recipienti chiusi per riporre in frigo il cibo o per presentarlo a tavola, a scalare le pi\u00f9 piccole fungono da coperchio a quelle pi\u00f9 grandi. Quando riposte, si incastrano perfettamente per diventare un unico oggetto scultura. Le ultime due, unite a formare un satellite in appoggio sugli anelli concentrici, creano un gioco di forme e linee che rimanda idealmente agli anelli di Saturno. Con una leggera inclinazione, Planetarium diventa una scultura per la casa.\" \/>\n<meta property=\"og:url\" content=\"https:\/\/serafinozani.it\/en\/catalogo\/planetarium-serafino-zani\/\" \/>\n<meta property=\"og:site_name\" content=\"SerafinoZani\" \/>\n<meta property=\"article:publisher\" content=\"https:\/\/www.facebook.com\/SerafinoZani.Italy\" \/>\n<meta property=\"article:modified_time\" content=\"2023-05-22T23:02:20+00:00\" \/>\n<meta property=\"og:image\" content=\"https:\/\/serafinozani.it\/wp-content\/uploads\/2023\/05\/TG8PLA.jpg\" \/>\n\t<meta property=\"og:image:width\" content=\"1772\" \/>\n\t<meta property=\"og:image:height\" content=\"1270\" \/>\n\t<meta property=\"og:image:type\" content=\"image\/jpeg\" \/>\n<meta name=\"twitter:card\" content=\"summary_large_image\" \/>\n<meta name=\"twitter:label1\" content=\"Est. reading time\" \/>\n\t<meta name=\"twitter:data1\" content=\"1 minute\" \/>\n<script type=\"application\/ld+json\" class=\"yoast-schema-graph\">{\"@context\":\"https:\/\/schema.org\",\"@graph\":[{\"@type\":\"WebPage\",\"@id\":\"https:\/\/serafinozani.it\/en\/catalogo\/planetarium-serafino-zani\/\",\"url\":\"https:\/\/serafinozani.it\/en\/catalogo\/planetarium-serafino-zani\/\",\"name\":\"PLANETARIUM - SERAFINO ZANI - SerafinoZani\",\"isPartOf\":{\"@id\":\"https:\/\/serafinozani.it\/en\/#website\"},\"primaryImageOfPage\":{\"@id\":\"https:\/\/serafinozani.it\/en\/catalogo\/planetarium-serafino-zani\/#primaryimage\"},\"image\":{\"@id\":\"https:\/\/serafinozani.it\/en\/catalogo\/planetarium-serafino-zani\/#primaryimage\"},\"thumbnailUrl\":\"https:\/\/serafinozani.it\/wp-content\/uploads\/2023\/05\/TG8PLA.jpg\",\"datePublished\":\"2023-04-17T21:36:18+00:00\",\"dateModified\":\"2023-05-22T23:02:20+00:00\",\"breadcrumb\":{\"@id\":\"https:\/\/serafinozani.it\/en\/catalogo\/planetarium-serafino-zani\/#breadcrumb\"},\"inLanguage\":\"en-US\",\"potentialAction\":[{\"@type\":\"ReadAction\",\"target\":[\"https:\/\/serafinozani.it\/en\/catalogo\/planetarium-serafino-zani\/\"]}]},{\"@type\":\"ImageObject\",\"inLanguage\":\"en-US\",\"@id\":\"https:\/\/serafinozani.it\/en\/catalogo\/planetarium-serafino-zani\/#primaryimage\",\"url\":\"https:\/\/serafinozani.it\/wp-content\/uploads\/2023\/05\/TG8PLA.jpg\",\"contentUrl\":\"https:\/\/serafinozani.it\/wp-content\/uploads\/2023\/05\/TG8PLA.jpg\",\"width\":1772,\"height\":1270},{\"@type\":\"BreadcrumbList\",\"@id\":\"https:\/\/serafinozani.it\/en\/catalogo\/planetarium-serafino-zani\/#breadcrumb\",\"itemListElement\":[{\"@type\":\"ListItem\",\"position\":1,\"name\":\"Home\",\"item\":\"https:\/\/serafinozani.it\/shop\/\"},{\"@type\":\"ListItem\",\"position\":2,\"name\":\"PLANETARIUM &#8211; SERAFINO ZANI\"}]},{\"@type\":\"WebSite\",\"@id\":\"https:\/\/serafinozani.it\/en\/#website\",\"url\":\"https:\/\/serafinozani.it\/en\/\",\"name\":\"SerafinoZani\",\"description\":\"Le pentole fabbricate in Italia\",\"publisher\":{\"@id\":\"https:\/\/serafinozani.it\/en\/#organization\"},\"alternateName\":\"Le pentole fabbricate in Italia\",\"potentialAction\":[{\"@type\":\"SearchAction\",\"target\":{\"@type\":\"EntryPoint\",\"urlTemplate\":\"https:\/\/serafinozani.it\/en\/?s={search_term_string}\"},\"query-input\":{\"@type\":\"PropertyValueSpecification\",\"valueRequired\":true,\"valueName\":\"search_term_string\"}}],\"inLanguage\":\"en-US\"},{\"@type\":\"Organization\",\"@id\":\"https:\/\/serafinozani.it\/en\/#organization\",\"name\":\"SerafinoZani\",\"url\":\"https:\/\/serafinozani.it\/en\/\",\"logo\":{\"@type\":\"ImageObject\",\"inLanguage\":\"en-US\",\"@id\":\"https:\/\/serafinozani.it\/en\/#\/schema\/logo\/image\/\",\"url\":\"https:\/\/serafinozani.it\/wp-content\/uploads\/2021\/03\/KA7VMPE20A.jpg\",\"contentUrl\":\"https:\/\/serafinozani.it\/wp-content\/uploads\/2021\/03\/KA7VMPE20A.jpg\",\"width\":1,\"height\":1,\"caption\":\"SerafinoZani\"},\"image\":{\"@id\":\"https:\/\/serafinozani.it\/en\/#\/schema\/logo\/image\/\"},\"sameAs\":[\"https:\/\/www.facebook.com\/SerafinoZani.Italy\"]}]}<\/script>\n<!-- \/ Yoast SEO plugin. -->","yoast_head_json":{"title":"PLANETARIUM - SERAFINO ZANI - SerafinoZani","robots":{"index":"index","follow":"follow","max-snippet":"max-snippet:-1","max-image-preview":"max-image-preview:large","max-video-preview":"max-video-preview:-1"},"canonical":"https:\/\/serafinozani.it\/en\/catalogo\/planetarium-serafino-zani\/","og_locale":"en_US","og_type":"article","og_title":"PLANETARIUM - SERAFINO ZANI - SerafinoZani","og_description":"Planetarium e\u0300 un servizio innovativo, elegante e molto flessibile: comprende 8 ciotole, in acciaio inox 18\/10, di vario diametro, che si combinano l\u2019una con l\u2019altra formando un unico oggetto. Le otto ciotole alloggiano perfettamente una dentro l\u2019altra, formando un\u2019oggetto unico che diventa un solo centrotavola, guadagnando in questo modo dello spazio prezioso in cucina. Le ciotole hanno molteplici usi, a seconda della loro dimensione: porta uovo per la colazione, ciotole per la macedonia, per l\u2019insalata, per la pasta.... Prodotto in acciaio inossidabile con uno spessore di un millimetro, ha finitura lucida a specchio.  Un set di otto ciotole in acciaio di diametro diverso per assecondare le necessit\u00e0 contenitive di ogni alimento. Le ciotole si combinano formando dei recipienti chiusi per riporre in frigo il cibo o per presentarlo a tavola, a scalare le pi\u00f9 piccole fungono da coperchio a quelle pi\u00f9 grandi. Quando riposte, si incastrano perfettamente per diventare un unico oggetto scultura. Le ultime due, unite a formare un satellite in appoggio sugli anelli concentrici, creano un gioco di forme e linee che rimanda idealmente agli anelli di Saturno. Con una leggera inclinazione, Planetarium diventa una scultura per la casa.","og_url":"https:\/\/serafinozani.it\/en\/catalogo\/planetarium-serafino-zani\/","og_site_name":"SerafinoZani","article_publisher":"https:\/\/www.facebook.com\/SerafinoZani.Italy","article_modified_time":"2023-05-22T23:02:20+00:00","og_image":[{"width":1772,"height":1270,"url":"https:\/\/serafinozani.it\/wp-content\/uploads\/2023\/05\/TG8PLA.jpg","type":"image\/jpeg"}],"twitter_card":"summary_large_image","twitter_misc":{"Est. reading time":"1 minute"},"schema":{"@context":"https:\/\/schema.org","@graph":[{"@type":"WebPage","@id":"https:\/\/serafinozani.it\/en\/catalogo\/planetarium-serafino-zani\/","url":"https:\/\/serafinozani.it\/en\/catalogo\/planetarium-serafino-zani\/","name":"PLANETARIUM - SERAFINO ZANI - SerafinoZani","isPartOf":{"@id":"https:\/\/serafinozani.it\/en\/#website"},"primaryImageOfPage":{"@id":"https:\/\/serafinozani.it\/en\/catalogo\/planetarium-serafino-zani\/#primaryimage"},"image":{"@id":"https:\/\/serafinozani.it\/en\/catalogo\/planetarium-serafino-zani\/#primaryimage"},"thumbnailUrl":"https:\/\/serafinozani.it\/wp-content\/uploads\/2023\/05\/TG8PLA.jpg","datePublished":"2023-04-17T21:36:18+00:00","dateModified":"2023-05-22T23:02:20+00:00","breadcrumb":{"@id":"https:\/\/serafinozani.it\/en\/catalogo\/planetarium-serafino-zani\/#breadcrumb"},"inLanguage":"en-US","potentialAction":[{"@type":"ReadAction","target":["https:\/\/serafinozani.it\/en\/catalogo\/planetarium-serafino-zani\/"]}]},{"@type":"ImageObject","inLanguage":"en-US","@id":"https:\/\/serafinozani.it\/en\/catalogo\/planetarium-serafino-zani\/#primaryimage","url":"https:\/\/serafinozani.it\/wp-content\/uploads\/2023\/05\/TG8PLA.jpg","contentUrl":"https:\/\/serafinozani.it\/wp-content\/uploads\/2023\/05\/TG8PLA.jpg","width":1772,"height":1270},{"@type":"BreadcrumbList","@id":"https:\/\/serafinozani.it\/en\/catalogo\/planetarium-serafino-zani\/#breadcrumb","itemListElement":[{"@type":"ListItem","position":1,"name":"Home","item":"https:\/\/serafinozani.it\/shop\/"},{"@type":"ListItem","position":2,"name":"PLANETARIUM &#8211; SERAFINO ZANI"}]},{"@type":"WebSite","@id":"https:\/\/serafinozani.it\/en\/#website","url":"https:\/\/serafinozani.it\/en\/","name":"SerafinoZani","description":"Le pentole fabbricate in Italia","publisher":{"@id":"https:\/\/serafinozani.it\/en\/#organization"},"alternateName":"Le pentole fabbricate in Italia","potentialAction":[{"@type":"SearchAction","target":{"@type":"EntryPoint","urlTemplate":"https:\/\/serafinozani.it\/en\/?s={search_term_string}"},"query-input":{"@type":"PropertyValueSpecification","valueRequired":true,"valueName":"search_term_string"}}],"inLanguage":"en-US"},{"@type":"Organization","@id":"https:\/\/serafinozani.it\/en\/#organization","name":"SerafinoZani","url":"https:\/\/serafinozani.it\/en\/","logo":{"@type":"ImageObject","inLanguage":"en-US","@id":"https:\/\/serafinozani.it\/en\/#\/schema\/logo\/image\/","url":"https:\/\/serafinozani.it\/wp-content\/uploads\/2021\/03\/KA7VMPE20A.jpg","contentUrl":"https:\/\/serafinozani.it\/wp-content\/uploads\/2021\/03\/KA7VMPE20A.jpg","width":1,"height":1,"caption":"SerafinoZani"},"image":{"@id":"https:\/\/serafinozani.it\/en\/#\/schema\/logo\/image\/"},"sameAs":["https:\/\/www.facebook.com\/SerafinoZani.Italy"]}]}},"_links":{"self":[{"href":"https:\/\/serafinozani.it\/en\/wp-json\/wp\/v2\/product\/3040","targetHints":{"allow":["GET"]}}],"collection":[{"href":"https:\/\/serafinozani.it\/en\/wp-json\/wp\/v2\/product"}],"about":[{"href":"https:\/\/serafinozani.it\/en\/wp-json\/wp\/v2\/types\/product"}],"wp:featuredmedia":[{"embeddable":true,"href":"https:\/\/serafinozani.it\/en\/wp-json\/wp\/v2\/media\/15739"}],"wp:attachment":[{"href":"https:\/\/serafinozani.it\/en\/wp-json\/wp\/v2\/media?parent=3040"}],"wp:term":[{"taxonomy":"product_cat","embeddable":true,"href":"https:\/\/serafinozani.it\/en\/wp-json\/wp\/v2\/product_cat?post=3040"},{"taxonomy":"product_tag","embeddable":true,"href":"https:\/\/serafinozani.it\/en\/wp-json\/wp\/v2\/product_tag?post=3040"}],"curies":[{"name":"wp","href":"https:\/\/api.w.org\/{rel}","templated":true}]}}