{"id":19256,"date":"2023-04-18T00:14:23","date_gmt":"2023-04-17T22:14:23","guid":{"rendered":"https:\/\/serafinozani.it\/?post_type=product&#038;p=19256"},"modified":"2023-05-22T23:42:54","modified_gmt":"2023-05-22T21:42:54","slug":"epica-set-cottura-con-casseruola-serafino-zani","status":"publish","type":"product","link":"https:\/\/serafinozani.it\/en\/catalogo\/epica-set-cottura-con-casseruola-serafino-zani\/","title":{"rendered":"EPICA \u2022 Set cottura con casseruola &#8211; SERAFINO ZANI"},"content":{"rendered":"<p>LINEA COTTURA EPICA. Progettata per l\u2019uso quotidiano e intensivo, Epica \u00e8 la sintesi tra innovazione di design e tecnologia all\u2019avanguardia. Grazie al suo fondo a induzione ad elevata stabilit\u00e0 e all\u2019alto spessore dell\u2019alluminio forgiato, il calore si trasmette in maniera ottimale, a favore  dei consumi energetici e di cotture sempre perfette. Il corpo \u00e8 realizzato in alluminio 100% riciclato:  per questo Epica non \u00e8 solo bella e performante, ma \u00e8 anche una scelta virtuosa per l\u2019ambiente. Il suo rivestimento antiaderente (pfas\/pfoa free) rinforzato al titanio \u00e8 sinonimo di durezza estrema e resistenza spiccata contro graffi, abrasioni e lavaggi, anche in lavastoviglie.<\/p>\n<p><b>Non usare nel forno<\/b><\/p>\n<p><b>La confezione include<\/b><br \/>\n1 Wok \/ saltapasta<br \/>\n1 Padella diametro 24 cm, senza coperchio<br \/>\n1 Padella diametro 20 cm, senza coperchio<br \/>\n1 Casseruola diametro 20, cm con coperchio<br \/>\n1 Casseruola ad un manico, diametro 16 cm, senza coperchio<\/p>\n","protected":false},"excerpt":{"rendered":"<p>Batteria di pentole Epica, in alluminio ad alto spessore con rivestimento antiaderente di alta qualit\u00e0. Il set \u00e8 composto da: due padelle antiaderenti, nei diametri 20 e 24 cm;  una padella wok dai bordi pi\u00f9 alti (perfetta come salta pasta o per le verdeure); una casseruola ad un manico diametro 16 cm; una casseruola a due maniglie diametro 20 cm; un coperchio da 20 cm. . Colore nero, manici soft touch. Adatta all&#8217;uso anche su piano di cottura ad induzione, grazie al fondo dot in acciaio, Epica doner\u00e0 un look inconfondibile alla tua cucina.<br \/>\nRivestimento antiaderente Whitfort Quantanium &#8211; PFOA\/PFOS free<\/p>\n","protected":false},"featured_media":0,"template":"","meta":[],"product_cat":[718,602],"product_tag":[719,713],"class_list":["post-19256","product","type-product","status-publish","hentry","product_cat-epica","product_cat-serafino-zani","product_tag-serafino-zanikitchenwareepicablack","product_tag-nero","pa_designer-serafino-zani-design","pa_linea-epica","pa_materiale-alluminio-100-riciclato-rivestimento-antiaderente-rinforzato-al-titanio-pfoa-free"],"yoast_head":"<!-- This site is optimized with the Yoast SEO plugin v26.3 - https:\/\/yoast.com\/wordpress\/plugins\/seo\/ -->\n<title>EPICA \u2022 Set cottura con casseruola - SERAFINO ZANI - SerafinoZani<\/title>\n<meta name=\"robots\" content=\"index, follow, max-snippet:-1, max-image-preview:large, max-video-preview:-1\" \/>\n<link rel=\"canonical\" href=\"https:\/\/serafinozani.it\/en\/catalogo\/epica-set-cottura-con-casseruola-serafino-zani\/\" \/>\n<meta property=\"og:locale\" content=\"en_US\" \/>\n<meta property=\"og:type\" content=\"article\" \/>\n<meta property=\"og:title\" content=\"EPICA \u2022 Set cottura con casseruola - SERAFINO ZANI - SerafinoZani\" \/>\n<meta property=\"og:description\" content=\"Batteria di pentole Epica, in alluminio ad alto spessore con rivestimento antiaderente di alta qualit\u00e0. Il set \u00e8 composto da: due padelle antiaderenti, nei diametri 20 e 24 cm; una padella wok dai bordi pi\u00f9 alti (perfetta come salta pasta o per le verdeure); una casseruola ad un manico diametro 16 cm; una casseruola a due maniglie diametro 20 cm; un coperchio da 20 cm. . Colore nero, manici soft touch. Adatta all&#039;uso anche su piano di cottura ad induzione, grazie al fondo dot in acciaio, Epica doner\u00e0 un look inconfondibile alla tua cucina. Rivestimento antiaderente Whitfort Quantanium - PFOA\/PFOS free\" \/>\n<meta property=\"og:url\" content=\"https:\/\/serafinozani.it\/en\/catalogo\/epica-set-cottura-con-casseruola-serafino-zani\/\" \/>\n<meta property=\"og:site_name\" content=\"SerafinoZani\" \/>\n<meta property=\"article:publisher\" content=\"https:\/\/www.facebook.com\/SerafinoZani.Italy\" \/>\n<meta property=\"article:modified_time\" content=\"2023-05-22T21:42:54+00:00\" \/>\n<meta property=\"og:image\" content=\"https:\/\/serafinozani.it\/wp-content\/uploads\/2023\/02\/olimpia_slide_home.jpg\" \/>\n\t<meta property=\"og:image:width\" content=\"2200\" \/>\n\t<meta property=\"og:image:height\" content=\"1459\" \/>\n\t<meta property=\"og:image:type\" content=\"image\/jpeg\" \/>\n<meta name=\"twitter:card\" content=\"summary_large_image\" \/>\n<meta name=\"twitter:label1\" content=\"Est. reading time\" \/>\n\t<meta name=\"twitter:data1\" content=\"1 minute\" \/>\n<script type=\"application\/ld+json\" class=\"yoast-schema-graph\">{\"@context\":\"https:\/\/schema.org\",\"@graph\":[{\"@type\":\"WebPage\",\"@id\":\"https:\/\/serafinozani.it\/en\/catalogo\/epica-set-cottura-con-casseruola-serafino-zani\/\",\"url\":\"https:\/\/serafinozani.it\/en\/catalogo\/epica-set-cottura-con-casseruola-serafino-zani\/\",\"name\":\"EPICA \u2022 Set cottura con casseruola - SERAFINO ZANI - SerafinoZani\",\"isPartOf\":{\"@id\":\"https:\/\/serafinozani.it\/en\/#website\"},\"datePublished\":\"2023-04-17T22:14:23+00:00\",\"dateModified\":\"2023-05-22T21:42:54+00:00\",\"breadcrumb\":{\"@id\":\"https:\/\/serafinozani.it\/en\/catalogo\/epica-set-cottura-con-casseruola-serafino-zani\/#breadcrumb\"},\"inLanguage\":\"en-US\",\"potentialAction\":[{\"@type\":\"ReadAction\",\"target\":[\"https:\/\/serafinozani.it\/en\/catalogo\/epica-set-cottura-con-casseruola-serafino-zani\/\"]}]},{\"@type\":\"BreadcrumbList\",\"@id\":\"https:\/\/serafinozani.it\/en\/catalogo\/epica-set-cottura-con-casseruola-serafino-zani\/#breadcrumb\",\"itemListElement\":[{\"@type\":\"ListItem\",\"position\":1,\"name\":\"Home\",\"item\":\"https:\/\/serafinozani.it\/shop\/\"},{\"@type\":\"ListItem\",\"position\":2,\"name\":\"EPICA \u2022 Set cottura con casseruola &#8211; SERAFINO ZANI\"}]},{\"@type\":\"WebSite\",\"@id\":\"https:\/\/serafinozani.it\/en\/#website\",\"url\":\"https:\/\/serafinozani.it\/en\/\",\"name\":\"SerafinoZani\",\"description\":\"Le pentole fabbricate in Italia\",\"publisher\":{\"@id\":\"https:\/\/serafinozani.it\/en\/#organization\"},\"alternateName\":\"Le pentole fabbricate in Italia\",\"potentialAction\":[{\"@type\":\"SearchAction\",\"target\":{\"@type\":\"EntryPoint\",\"urlTemplate\":\"https:\/\/serafinozani.it\/en\/?s={search_term_string}\"},\"query-input\":{\"@type\":\"PropertyValueSpecification\",\"valueRequired\":true,\"valueName\":\"search_term_string\"}}],\"inLanguage\":\"en-US\"},{\"@type\":\"Organization\",\"@id\":\"https:\/\/serafinozani.it\/en\/#organization\",\"name\":\"SerafinoZani\",\"url\":\"https:\/\/serafinozani.it\/en\/\",\"logo\":{\"@type\":\"ImageObject\",\"inLanguage\":\"en-US\",\"@id\":\"https:\/\/serafinozani.it\/en\/#\/schema\/logo\/image\/\",\"url\":\"https:\/\/serafinozani.it\/wp-content\/uploads\/2021\/03\/KA7VMPE20A.jpg\",\"contentUrl\":\"https:\/\/serafinozani.it\/wp-content\/uploads\/2021\/03\/KA7VMPE20A.jpg\",\"width\":1,\"height\":1,\"caption\":\"SerafinoZani\"},\"image\":{\"@id\":\"https:\/\/serafinozani.it\/en\/#\/schema\/logo\/image\/\"},\"sameAs\":[\"https:\/\/www.facebook.com\/SerafinoZani.Italy\"]}]}<\/script>\n<!-- \/ Yoast SEO plugin. -->","yoast_head_json":{"title":"EPICA \u2022 Set cottura con casseruola - SERAFINO ZANI - SerafinoZani","robots":{"index":"index","follow":"follow","max-snippet":"max-snippet:-1","max-image-preview":"max-image-preview:large","max-video-preview":"max-video-preview:-1"},"canonical":"https:\/\/serafinozani.it\/en\/catalogo\/epica-set-cottura-con-casseruola-serafino-zani\/","og_locale":"en_US","og_type":"article","og_title":"EPICA \u2022 Set cottura con casseruola - SERAFINO ZANI - SerafinoZani","og_description":"Batteria di pentole Epica, in alluminio ad alto spessore con rivestimento antiaderente di alta qualit\u00e0. Il set \u00e8 composto da: due padelle antiaderenti, nei diametri 20 e 24 cm; una padella wok dai bordi pi\u00f9 alti (perfetta come salta pasta o per le verdeure); una casseruola ad un manico diametro 16 cm; una casseruola a due maniglie diametro 20 cm; un coperchio da 20 cm. . Colore nero, manici soft touch. Adatta all'uso anche su piano di cottura ad induzione, grazie al fondo dot in acciaio, Epica doner\u00e0 un look inconfondibile alla tua cucina. Rivestimento antiaderente Whitfort Quantanium - PFOA\/PFOS free","og_url":"https:\/\/serafinozani.it\/en\/catalogo\/epica-set-cottura-con-casseruola-serafino-zani\/","og_site_name":"SerafinoZani","article_publisher":"https:\/\/www.facebook.com\/SerafinoZani.Italy","article_modified_time":"2023-05-22T21:42:54+00:00","og_image":[{"width":2200,"height":1459,"url":"https:\/\/serafinozani.it\/wp-content\/uploads\/2023\/02\/olimpia_slide_home.jpg","type":"image\/jpeg"}],"twitter_card":"summary_large_image","twitter_misc":{"Est. reading time":"1 minute"},"schema":{"@context":"https:\/\/schema.org","@graph":[{"@type":"WebPage","@id":"https:\/\/serafinozani.it\/en\/catalogo\/epica-set-cottura-con-casseruola-serafino-zani\/","url":"https:\/\/serafinozani.it\/en\/catalogo\/epica-set-cottura-con-casseruola-serafino-zani\/","name":"EPICA \u2022 Set cottura con casseruola - SERAFINO ZANI - SerafinoZani","isPartOf":{"@id":"https:\/\/serafinozani.it\/en\/#website"},"datePublished":"2023-04-17T22:14:23+00:00","dateModified":"2023-05-22T21:42:54+00:00","breadcrumb":{"@id":"https:\/\/serafinozani.it\/en\/catalogo\/epica-set-cottura-con-casseruola-serafino-zani\/#breadcrumb"},"inLanguage":"en-US","potentialAction":[{"@type":"ReadAction","target":["https:\/\/serafinozani.it\/en\/catalogo\/epica-set-cottura-con-casseruola-serafino-zani\/"]}]},{"@type":"BreadcrumbList","@id":"https:\/\/serafinozani.it\/en\/catalogo\/epica-set-cottura-con-casseruola-serafino-zani\/#breadcrumb","itemListElement":[{"@type":"ListItem","position":1,"name":"Home","item":"https:\/\/serafinozani.it\/shop\/"},{"@type":"ListItem","position":2,"name":"EPICA \u2022 Set cottura con casseruola &#8211; SERAFINO ZANI"}]},{"@type":"WebSite","@id":"https:\/\/serafinozani.it\/en\/#website","url":"https:\/\/serafinozani.it\/en\/","name":"SerafinoZani","description":"Le pentole fabbricate in Italia","publisher":{"@id":"https:\/\/serafinozani.it\/en\/#organization"},"alternateName":"Le pentole fabbricate in Italia","potentialAction":[{"@type":"SearchAction","target":{"@type":"EntryPoint","urlTemplate":"https:\/\/serafinozani.it\/en\/?s={search_term_string}"},"query-input":{"@type":"PropertyValueSpecification","valueRequired":true,"valueName":"search_term_string"}}],"inLanguage":"en-US"},{"@type":"Organization","@id":"https:\/\/serafinozani.it\/en\/#organization","name":"SerafinoZani","url":"https:\/\/serafinozani.it\/en\/","logo":{"@type":"ImageObject","inLanguage":"en-US","@id":"https:\/\/serafinozani.it\/en\/#\/schema\/logo\/image\/","url":"https:\/\/serafinozani.it\/wp-content\/uploads\/2021\/03\/KA7VMPE20A.jpg","contentUrl":"https:\/\/serafinozani.it\/wp-content\/uploads\/2021\/03\/KA7VMPE20A.jpg","width":1,"height":1,"caption":"SerafinoZani"},"image":{"@id":"https:\/\/serafinozani.it\/en\/#\/schema\/logo\/image\/"},"sameAs":["https:\/\/www.facebook.com\/SerafinoZani.Italy"]}]}},"_links":{"self":[{"href":"https:\/\/serafinozani.it\/en\/wp-json\/wp\/v2\/product\/19256","targetHints":{"allow":["GET"]}}],"collection":[{"href":"https:\/\/serafinozani.it\/en\/wp-json\/wp\/v2\/product"}],"about":[{"href":"https:\/\/serafinozani.it\/en\/wp-json\/wp\/v2\/types\/product"}],"wp:attachment":[{"href":"https:\/\/serafinozani.it\/en\/wp-json\/wp\/v2\/media?parent=19256"}],"wp:term":[{"taxonomy":"product_cat","embeddable":true,"href":"https:\/\/serafinozani.it\/en\/wp-json\/wp\/v2\/product_cat?post=19256"},{"taxonomy":"product_tag","embeddable":true,"href":"https:\/\/serafinozani.it\/en\/wp-json\/wp\/v2\/product_tag?post=19256"}],"curies":[{"name":"wp","href":"https:\/\/api.w.org\/{rel}","templated":true}]}}