{"id":18971,"date":"2023-04-17T23:39:38","date_gmt":"2023-04-17T21:39:38","guid":{"rendered":"https:\/\/serafinozani.it\/?post_type=product&#038;p=18971"},"modified":"2023-05-23T01:02:00","modified_gmt":"2023-05-22T23:02:00","slug":"cupola-solaris-o-26-cm-serafino-zani","status":"publish","type":"product","link":"https:\/\/serafinozani.it\/en\/catalogo\/cupola-solaris-o-26-cm-serafino-zani\/","title":{"rendered":"CUPOLA SOLARIS \u00d8 26 CM &#8211; SERAFINO ZANI"},"content":{"rendered":"<p>Come gli strumenti per cucinare Serafino Zani nascono dalla profonda conoscenza della cultura della cucina, cosi\u0300 anche gli oggetti per servire a tavola sono progettati pensando ai riti consolidati del mangiare e del bere insieme nelle situazioni piu\u0300 diverse. Serafino Zani, con le linee Seraphini, propone oggetti adatti alle tavole laboriosamente preparate delle occasioni particolari, cosi\u0300 come alle apparecchiature piu\u0300 semplici delle tavole di tutti i giorni. Oggetti che coniugano in se\u0301 praticita\u0300 d\u2019uso, bellezza delle linee, qualita\u0300 e finitura dei materiali; oggetti che riflettono la filosofia dell\u2019azienda, volta a realizzare cose semplici e autentiche, disegnate e costruite bene, destinate a durare nel tempo.<br \/>\nPortare in tavola una pirofila appena tolta dal forno, servire un arrosto su un vassoio da portata, versare dell\u2019olio pregiato per condire la verdura o delle pietanze, avere sempre a disposizione il contenitore della giusta grandezza per i cibi piu\u0300 diversi&#8230; La serie Seraphini propone oggetti che facilitano i gesti del servire quotidiano, e al tempo stesso li impreziosiscono, grazie al loro disegno raffinato ed elegante, e all\u2019uso dell\u2019acciaio lucidato a specchio. Acciaio che, nei Seraphini, viene accostato al legno d\u2019ontano dei taglieri, alla porcellana bianca delle pirofile, al vetro delle ampolle, al rivestimento in rame e titanio dei bollitori e delle caffettiere, dando vita ad oggetti unici in cui forma e funzione trovano un equilibrio perfetto.<\/p>\n<p><b><\/b><\/p>\n<p><b>La confezione include<\/b><br \/>\n1 cupola<\/p>\n","protected":false},"excerpt":{"rendered":"<p>Coperchio a Cupola, 26 cm di diametro, in acciaio inossidabile di alta qualit\u00e0. Accessorio per cotture alla griglia o alla piastra: scioglie il formaggio, cuoce gli hamburger pi\u00f9 velocemente e previene gli schizzi. Utilizzato come copertura per il barbecue, \u00e8 un accessorio utilissimo per grigliare utilizzando l&#8217;effetto forno. il segreto per degli hamburger perfetti! Realizzata con una robusta struttura in acciaio inossidabile e un&#8217;elegante maniglia in legno di ontanto, per prevenire le scottatura, la cupola trattiene il calore e permette di cuocere pi\u00f9 velocemente utilizzando la griglia anche all&#8217;aperto. Ma rappresenta sopratutto un tocco di classe e praticit\u00e0 per il servire in tavola, mantenendo calore e aroma. Perfetta anche per portare in tavola cibi affumicati.<br \/>\nLa serie Seraphini propone oggetti che facilitano il servizio dei pasti quotidiani, e allo stesso tempo li valorizzano con il loro design raffinato ed elegante grazie all&#8217;utilizzo dell&#8217;acciaio lucidato a specchio. Acciaio che qui si abbina al legno di ontano del pomello del coperchio, creando un oggetto unico in cui forma e funzione trovano un perfetto equilibrio.<\/p>\n","protected":false},"featured_media":0,"template":"","meta":[],"product_cat":[400,602,725],"product_tag":[745,655],"class_list":["post-18971","product","type-product","status-publish","hentry","product_cat-servire-tavola","product_cat-serafino-zani","product_cat-seraphini","product_tag-serafino-zaniservewareseraphinipolished-steel","product_tag-acciaio","pa_designer-tarcisio-zani","pa_linea-seraphini","pa_materiale-acciaio-inox"],"yoast_head":"<!-- This site is optimized with the Yoast SEO plugin v26.3 - https:\/\/yoast.com\/wordpress\/plugins\/seo\/ -->\n<title>CUPOLA SOLARIS \u00d8 26 CM - SERAFINO ZANI - SerafinoZani<\/title>\n<meta name=\"robots\" content=\"index, follow, max-snippet:-1, max-image-preview:large, max-video-preview:-1\" \/>\n<link rel=\"canonical\" href=\"https:\/\/serafinozani.it\/en\/catalogo\/cupola-solaris-o-26-cm-serafino-zani\/\" \/>\n<meta property=\"og:locale\" content=\"en_US\" \/>\n<meta property=\"og:type\" content=\"article\" \/>\n<meta property=\"og:title\" content=\"CUPOLA SOLARIS \u00d8 26 CM - SERAFINO ZANI - SerafinoZani\" \/>\n<meta property=\"og:description\" content=\"Coperchio a Cupola, 26 cm di diametro, in acciaio inossidabile di alta qualit\u00e0. Accessorio per cotture alla griglia o alla piastra: scioglie il formaggio, cuoce gli hamburger pi\u00f9 velocemente e previene gli schizzi. Utilizzato come copertura per il barbecue, \u00e8 un accessorio utilissimo per grigliare utilizzando l&#039;effetto forno. il segreto per degli hamburger perfetti! Realizzata con una robusta struttura in acciaio inossidabile e un&#039;elegante maniglia in legno di ontanto, per prevenire le scottatura, la cupola trattiene il calore e permette di cuocere pi\u00f9 velocemente utilizzando la griglia anche all&#039;aperto. Ma rappresenta sopratutto un tocco di classe e praticit\u00e0 per il servire in tavola, mantenendo calore e aroma. Perfetta anche per portare in tavola cibi affumicati. La serie Seraphini propone oggetti che facilitano il servizio dei pasti quotidiani, e allo stesso tempo li valorizzano con il loro design raffinato ed elegante grazie all&#039;utilizzo dell&#039;acciaio lucidato a specchio. Acciaio che qui si abbina al legno di ontano del pomello del coperchio, creando un oggetto unico in cui forma e funzione trovano un perfetto equilibrio.\" \/>\n<meta property=\"og:url\" content=\"https:\/\/serafinozani.it\/en\/catalogo\/cupola-solaris-o-26-cm-serafino-zani\/\" \/>\n<meta property=\"og:site_name\" content=\"SerafinoZani\" \/>\n<meta property=\"article:publisher\" content=\"https:\/\/www.facebook.com\/SerafinoZani.Italy\" \/>\n<meta property=\"article:modified_time\" content=\"2023-05-22T23:02:00+00:00\" \/>\n<meta property=\"og:image\" content=\"https:\/\/serafinozani.it\/wp-content\/uploads\/2023\/02\/olimpia_slide_home.jpg\" \/>\n\t<meta property=\"og:image:width\" content=\"2200\" \/>\n\t<meta property=\"og:image:height\" content=\"1459\" \/>\n\t<meta property=\"og:image:type\" content=\"image\/jpeg\" \/>\n<meta name=\"twitter:card\" content=\"summary_large_image\" \/>\n<meta name=\"twitter:label1\" content=\"Est. reading time\" \/>\n\t<meta name=\"twitter:data1\" content=\"1 minute\" \/>\n<script type=\"application\/ld+json\" class=\"yoast-schema-graph\">{\"@context\":\"https:\/\/schema.org\",\"@graph\":[{\"@type\":\"WebPage\",\"@id\":\"https:\/\/serafinozani.it\/en\/catalogo\/cupola-solaris-o-26-cm-serafino-zani\/\",\"url\":\"https:\/\/serafinozani.it\/en\/catalogo\/cupola-solaris-o-26-cm-serafino-zani\/\",\"name\":\"CUPOLA SOLARIS \u00d8 26 CM - SERAFINO ZANI - SerafinoZani\",\"isPartOf\":{\"@id\":\"https:\/\/serafinozani.it\/en\/#website\"},\"datePublished\":\"2023-04-17T21:39:38+00:00\",\"dateModified\":\"2023-05-22T23:02:00+00:00\",\"breadcrumb\":{\"@id\":\"https:\/\/serafinozani.it\/en\/catalogo\/cupola-solaris-o-26-cm-serafino-zani\/#breadcrumb\"},\"inLanguage\":\"en-US\",\"potentialAction\":[{\"@type\":\"ReadAction\",\"target\":[\"https:\/\/serafinozani.it\/en\/catalogo\/cupola-solaris-o-26-cm-serafino-zani\/\"]}]},{\"@type\":\"BreadcrumbList\",\"@id\":\"https:\/\/serafinozani.it\/en\/catalogo\/cupola-solaris-o-26-cm-serafino-zani\/#breadcrumb\",\"itemListElement\":[{\"@type\":\"ListItem\",\"position\":1,\"name\":\"Home\",\"item\":\"https:\/\/serafinozani.it\/shop\/\"},{\"@type\":\"ListItem\",\"position\":2,\"name\":\"CUPOLA SOLARIS \u00d8 26 CM &#8211; SERAFINO ZANI\"}]},{\"@type\":\"WebSite\",\"@id\":\"https:\/\/serafinozani.it\/en\/#website\",\"url\":\"https:\/\/serafinozani.it\/en\/\",\"name\":\"SerafinoZani\",\"description\":\"Le pentole fabbricate in Italia\",\"publisher\":{\"@id\":\"https:\/\/serafinozani.it\/en\/#organization\"},\"alternateName\":\"Le pentole fabbricate in Italia\",\"potentialAction\":[{\"@type\":\"SearchAction\",\"target\":{\"@type\":\"EntryPoint\",\"urlTemplate\":\"https:\/\/serafinozani.it\/en\/?s={search_term_string}\"},\"query-input\":{\"@type\":\"PropertyValueSpecification\",\"valueRequired\":true,\"valueName\":\"search_term_string\"}}],\"inLanguage\":\"en-US\"},{\"@type\":\"Organization\",\"@id\":\"https:\/\/serafinozani.it\/en\/#organization\",\"name\":\"SerafinoZani\",\"url\":\"https:\/\/serafinozani.it\/en\/\",\"logo\":{\"@type\":\"ImageObject\",\"inLanguage\":\"en-US\",\"@id\":\"https:\/\/serafinozani.it\/en\/#\/schema\/logo\/image\/\",\"url\":\"https:\/\/serafinozani.it\/wp-content\/uploads\/2021\/03\/KA7VMPE20A.jpg\",\"contentUrl\":\"https:\/\/serafinozani.it\/wp-content\/uploads\/2021\/03\/KA7VMPE20A.jpg\",\"width\":1,\"height\":1,\"caption\":\"SerafinoZani\"},\"image\":{\"@id\":\"https:\/\/serafinozani.it\/en\/#\/schema\/logo\/image\/\"},\"sameAs\":[\"https:\/\/www.facebook.com\/SerafinoZani.Italy\"]}]}<\/script>\n<!-- \/ Yoast SEO plugin. -->","yoast_head_json":{"title":"CUPOLA SOLARIS \u00d8 26 CM - SERAFINO ZANI - SerafinoZani","robots":{"index":"index","follow":"follow","max-snippet":"max-snippet:-1","max-image-preview":"max-image-preview:large","max-video-preview":"max-video-preview:-1"},"canonical":"https:\/\/serafinozani.it\/en\/catalogo\/cupola-solaris-o-26-cm-serafino-zani\/","og_locale":"en_US","og_type":"article","og_title":"CUPOLA SOLARIS \u00d8 26 CM - SERAFINO ZANI - SerafinoZani","og_description":"Coperchio a Cupola, 26 cm di diametro, in acciaio inossidabile di alta qualit\u00e0. Accessorio per cotture alla griglia o alla piastra: scioglie il formaggio, cuoce gli hamburger pi\u00f9 velocemente e previene gli schizzi. Utilizzato come copertura per il barbecue, \u00e8 un accessorio utilissimo per grigliare utilizzando l'effetto forno. il segreto per degli hamburger perfetti! Realizzata con una robusta struttura in acciaio inossidabile e un'elegante maniglia in legno di ontanto, per prevenire le scottatura, la cupola trattiene il calore e permette di cuocere pi\u00f9 velocemente utilizzando la griglia anche all'aperto. Ma rappresenta sopratutto un tocco di classe e praticit\u00e0 per il servire in tavola, mantenendo calore e aroma. Perfetta anche per portare in tavola cibi affumicati. La serie Seraphini propone oggetti che facilitano il servizio dei pasti quotidiani, e allo stesso tempo li valorizzano con il loro design raffinato ed elegante grazie all'utilizzo dell'acciaio lucidato a specchio. Acciaio che qui si abbina al legno di ontano del pomello del coperchio, creando un oggetto unico in cui forma e funzione trovano un perfetto equilibrio.","og_url":"https:\/\/serafinozani.it\/en\/catalogo\/cupola-solaris-o-26-cm-serafino-zani\/","og_site_name":"SerafinoZani","article_publisher":"https:\/\/www.facebook.com\/SerafinoZani.Italy","article_modified_time":"2023-05-22T23:02:00+00:00","og_image":[{"width":2200,"height":1459,"url":"https:\/\/serafinozani.it\/wp-content\/uploads\/2023\/02\/olimpia_slide_home.jpg","type":"image\/jpeg"}],"twitter_card":"summary_large_image","twitter_misc":{"Est. reading time":"1 minute"},"schema":{"@context":"https:\/\/schema.org","@graph":[{"@type":"WebPage","@id":"https:\/\/serafinozani.it\/en\/catalogo\/cupola-solaris-o-26-cm-serafino-zani\/","url":"https:\/\/serafinozani.it\/en\/catalogo\/cupola-solaris-o-26-cm-serafino-zani\/","name":"CUPOLA SOLARIS \u00d8 26 CM - SERAFINO ZANI - SerafinoZani","isPartOf":{"@id":"https:\/\/serafinozani.it\/en\/#website"},"datePublished":"2023-04-17T21:39:38+00:00","dateModified":"2023-05-22T23:02:00+00:00","breadcrumb":{"@id":"https:\/\/serafinozani.it\/en\/catalogo\/cupola-solaris-o-26-cm-serafino-zani\/#breadcrumb"},"inLanguage":"en-US","potentialAction":[{"@type":"ReadAction","target":["https:\/\/serafinozani.it\/en\/catalogo\/cupola-solaris-o-26-cm-serafino-zani\/"]}]},{"@type":"BreadcrumbList","@id":"https:\/\/serafinozani.it\/en\/catalogo\/cupola-solaris-o-26-cm-serafino-zani\/#breadcrumb","itemListElement":[{"@type":"ListItem","position":1,"name":"Home","item":"https:\/\/serafinozani.it\/shop\/"},{"@type":"ListItem","position":2,"name":"CUPOLA SOLARIS \u00d8 26 CM &#8211; SERAFINO ZANI"}]},{"@type":"WebSite","@id":"https:\/\/serafinozani.it\/en\/#website","url":"https:\/\/serafinozani.it\/en\/","name":"SerafinoZani","description":"Le pentole fabbricate in Italia","publisher":{"@id":"https:\/\/serafinozani.it\/en\/#organization"},"alternateName":"Le pentole fabbricate in Italia","potentialAction":[{"@type":"SearchAction","target":{"@type":"EntryPoint","urlTemplate":"https:\/\/serafinozani.it\/en\/?s={search_term_string}"},"query-input":{"@type":"PropertyValueSpecification","valueRequired":true,"valueName":"search_term_string"}}],"inLanguage":"en-US"},{"@type":"Organization","@id":"https:\/\/serafinozani.it\/en\/#organization","name":"SerafinoZani","url":"https:\/\/serafinozani.it\/en\/","logo":{"@type":"ImageObject","inLanguage":"en-US","@id":"https:\/\/serafinozani.it\/en\/#\/schema\/logo\/image\/","url":"https:\/\/serafinozani.it\/wp-content\/uploads\/2021\/03\/KA7VMPE20A.jpg","contentUrl":"https:\/\/serafinozani.it\/wp-content\/uploads\/2021\/03\/KA7VMPE20A.jpg","width":1,"height":1,"caption":"SerafinoZani"},"image":{"@id":"https:\/\/serafinozani.it\/en\/#\/schema\/logo\/image\/"},"sameAs":["https:\/\/www.facebook.com\/SerafinoZani.Italy"]}]}},"_links":{"self":[{"href":"https:\/\/serafinozani.it\/en\/wp-json\/wp\/v2\/product\/18971","targetHints":{"allow":["GET"]}}],"collection":[{"href":"https:\/\/serafinozani.it\/en\/wp-json\/wp\/v2\/product"}],"about":[{"href":"https:\/\/serafinozani.it\/en\/wp-json\/wp\/v2\/types\/product"}],"wp:attachment":[{"href":"https:\/\/serafinozani.it\/en\/wp-json\/wp\/v2\/media?parent=18971"}],"wp:term":[{"taxonomy":"product_cat","embeddable":true,"href":"https:\/\/serafinozani.it\/en\/wp-json\/wp\/v2\/product_cat?post=18971"},{"taxonomy":"product_tag","embeddable":true,"href":"https:\/\/serafinozani.it\/en\/wp-json\/wp\/v2\/product_tag?post=18971"}],"curies":[{"name":"wp","href":"https:\/\/api.w.org\/{rel}","templated":true}]}}