{"id":18957,"date":"2023-04-17T23:38:32","date_gmt":"2023-04-17T21:38:32","guid":{"rendered":"https:\/\/serafinozani.it\/?post_type=product&#038;p=18957"},"modified":"2023-05-22T23:39:18","modified_gmt":"2023-05-22T21:39:18","slug":"caffettiera-mach-2-tz-verde-serafino-zani","status":"publish","type":"product","link":"https:\/\/serafinozani.it\/en\/catalogo\/caffettiera-mach-2-tz-verde-serafino-zani\/","title":{"rendered":"CAFFETTIERA MACH 2 TZ &#8211; VERDE &#8211; SERAFINO ZANI"},"content":{"rendered":"<p>\u00abL&#8217;acqua bollente sale lentamente ed incontra la soglia magica,<br \/>\nattraverso la quale l&#8217;acqua diventa caffe\u0300.<br \/>\nLa magica trasformazione dell&#8217;acqua in caffe\u0300 nell&#8217;interno di una caffettiera<br \/>\nmi ha spinto a trasferire al processo prettamente fisico il valore rituale, magico e simbolico.<br \/>\nDue coni identici vengono uniti sopra e sotto simmetricamente da una lunga colonna greca.<br \/>\nIl cono inferiore contiene l&#8217;acqua da riscaldare ed il cono superiore, messo al rovescio, avra\u0300 il suo caffe\u0300 solo dopo il rituale passaggio allegro lungo la colonna verticale\u00bb.<br \/>\nIsao Hosoe<\/p>\n<p>Nata dalla collaborazione tra il designer giapponese Isao Hosoe e Serafino Zani, la caffettiera Mach, ispirandosi alle colonne doriche ha saputo declinare il linguaggio dell\u2019arte in un oggetto di uso quotidiano.<br \/>\nRealizzata in alluminio pressofuso, igienica quanto facile da pulire grazie al particolare rivestimento, Mach rappresenta una suggestione ma anche una vera e propria esplorazione della materia e del design di alto livello. Prodotta inizialmente in sette varianti di colore ( verde, blu, senape, rosa, viola, alluminio e bronzo), Mach e\u0300 essenziale ed esclusiva nelle forme: due tronchi di cono contrapposti, raccordati da un cilindro scanalato.<br \/>\nIl manico in materiale isolante termoplastico permette una presa facile e sicura.<br \/>\n Oggetto di design evergreen, la caffettiera espresso Mach di Isao Hosoe rappresenta uno di quei pezzi storici che hanno incastonato Serafino Zani tra le aziende del settore dal design piu\u0300 innovativo. Un pensiero creativo fatto di sperimentazione e passione per la cultura della tavola, della cucina, della casa; dove l\u2019acciaio e\u0300 sempre stato protagonista indiscusso e, talvolta, in felice connubio con altri materiali.<\/p>\n<p>N.B. Gi\u00e0 selezionata da Alessandro Mendini per la terza edizione del \u201cTriennale Design Museum &#8211; nuova interpretazione del design italiano\u201d (26 marzo 2010 &#8211; 27 marzo 2011), la caffettiera Mach \u00e8 stata scelta da Giulio Iachetti per la mostra \u201cLe Caffettiere dei Maestri\u201d https:\/\/www.giulioiacchetti.com\/?p=5688&#038;lang=it <\/p>\n<p>Red Dot Award-Design innovation 1995 Good Design Award 1995 Chicago Athenaeum Design permanent collection, Chicago, 1995 Triennale Design Museum Collection, Milano 2010 Le Caffettiere Dei Maestri, Milano 2019<\/p>\n<p><b><\/b><\/p>\n<p><b>La confezione include<\/b><br \/>\n1 caffettiera moca, 1 riduttore (da 2 a 1 tazzina)<\/p>\n","protected":false},"excerpt":{"rendered":"<p>Moka per caff\u00e9 da 2 tazzine, dalla particolare forma a colonna dorica. Isao Hosoe con la caffetiera Mach ha saputo declinere il linguaggio dell\u2019arte in un oggetto di uso quotidiano. Mach rappresenta una suggestione ma anche una vera e propria esplorazione della materia e del design di alto livello. Una moca da collezione, premiata e protagonista di mostre di design a livello internazionale.<br \/>\nIl corpo e la caldaia sono colorate all\u2019esterno con vernici resistenti alla fiamma, mentre l\u2019interno \u00e8 protetto con vernici alimentari, per una maggiore igienicit\u00e0. La guarnizione \u00e8 in silicone alimentare, molto resistente alle alte temperature, mentre l\u2019impugnatura \u00e8 in materiale atermico antiscottature. Nella confezione anche un pratico riduttore monodose.<\/p>\n","protected":false},"featured_media":0,"template":"","meta":[],"product_cat":[602,1205],"product_tag":[1219,1119],"class_list":["post-18957","product","type-product","status-publish","hentry","product_cat-serafino-zani","product_cat-mach","product_tag-serafino-zanicoffee-teamachgreen","product_tag-verde","pa_designer-iseao-hosoe","pa_linea-mach","pa_materiale-alluminio-pressofuso-plastiche-termoresistenti-e-vernici-siliconiche-antiaderenti"],"yoast_head":"<!-- This site is optimized with the Yoast SEO plugin v26.3 - https:\/\/yoast.com\/wordpress\/plugins\/seo\/ -->\n<title>CAFFETTIERA MACH 2 TZ - VERDE - SERAFINO ZANI - SerafinoZani<\/title>\n<meta name=\"robots\" content=\"index, follow, max-snippet:-1, max-image-preview:large, max-video-preview:-1\" \/>\n<link rel=\"canonical\" href=\"https:\/\/serafinozani.it\/en\/catalogo\/caffettiera-mach-2-tz-verde-serafino-zani\/\" \/>\n<meta property=\"og:locale\" content=\"en_US\" \/>\n<meta property=\"og:type\" content=\"article\" \/>\n<meta property=\"og:title\" content=\"CAFFETTIERA MACH 2 TZ - VERDE - SERAFINO ZANI - SerafinoZani\" \/>\n<meta property=\"og:description\" content=\"Moka per caff\u00e9 da 2 tazzine, dalla particolare forma a colonna dorica. Isao Hosoe con la caffetiera Mach ha saputo declinere il linguaggio dell\u2019arte in un oggetto di uso quotidiano. Mach rappresenta una suggestione ma anche una vera e propria esplorazione della materia e del design di alto livello. Una moca da collezione, premiata e protagonista di mostre di design a livello internazionale. Il corpo e la caldaia sono colorate all\u2019esterno con vernici resistenti alla fiamma, mentre l\u2019interno \u00e8 protetto con vernici alimentari, per una maggiore igienicit\u00e0. La guarnizione \u00e8 in silicone alimentare, molto resistente alle alte temperature, mentre l\u2019impugnatura \u00e8 in materiale atermico antiscottature. Nella confezione anche un pratico riduttore monodose.\" \/>\n<meta property=\"og:url\" content=\"https:\/\/serafinozani.it\/en\/catalogo\/caffettiera-mach-2-tz-verde-serafino-zani\/\" \/>\n<meta property=\"og:site_name\" content=\"SerafinoZani\" \/>\n<meta property=\"article:publisher\" content=\"https:\/\/www.facebook.com\/SerafinoZani.Italy\" \/>\n<meta property=\"article:modified_time\" content=\"2023-05-22T21:39:18+00:00\" \/>\n<meta property=\"og:image\" content=\"https:\/\/serafinozani.it\/wp-content\/uploads\/2023\/02\/olimpia_slide_home.jpg\" \/>\n\t<meta property=\"og:image:width\" content=\"2200\" \/>\n\t<meta property=\"og:image:height\" content=\"1459\" \/>\n\t<meta property=\"og:image:type\" content=\"image\/jpeg\" \/>\n<meta name=\"twitter:card\" content=\"summary_large_image\" \/>\n<meta name=\"twitter:label1\" content=\"Est. reading time\" \/>\n\t<meta name=\"twitter:data1\" content=\"2 minutes\" \/>\n<script type=\"application\/ld+json\" class=\"yoast-schema-graph\">{\"@context\":\"https:\/\/schema.org\",\"@graph\":[{\"@type\":\"WebPage\",\"@id\":\"https:\/\/serafinozani.it\/en\/catalogo\/caffettiera-mach-2-tz-verde-serafino-zani\/\",\"url\":\"https:\/\/serafinozani.it\/en\/catalogo\/caffettiera-mach-2-tz-verde-serafino-zani\/\",\"name\":\"CAFFETTIERA MACH 2 TZ - VERDE - SERAFINO ZANI - SerafinoZani\",\"isPartOf\":{\"@id\":\"https:\/\/serafinozani.it\/en\/#website\"},\"datePublished\":\"2023-04-17T21:38:32+00:00\",\"dateModified\":\"2023-05-22T21:39:18+00:00\",\"breadcrumb\":{\"@id\":\"https:\/\/serafinozani.it\/en\/catalogo\/caffettiera-mach-2-tz-verde-serafino-zani\/#breadcrumb\"},\"inLanguage\":\"en-US\",\"potentialAction\":[{\"@type\":\"ReadAction\",\"target\":[\"https:\/\/serafinozani.it\/en\/catalogo\/caffettiera-mach-2-tz-verde-serafino-zani\/\"]}]},{\"@type\":\"BreadcrumbList\",\"@id\":\"https:\/\/serafinozani.it\/en\/catalogo\/caffettiera-mach-2-tz-verde-serafino-zani\/#breadcrumb\",\"itemListElement\":[{\"@type\":\"ListItem\",\"position\":1,\"name\":\"Home\",\"item\":\"https:\/\/serafinozani.it\/shop\/\"},{\"@type\":\"ListItem\",\"position\":2,\"name\":\"CAFFETTIERA MACH 2 TZ &#8211; VERDE &#8211; SERAFINO ZANI\"}]},{\"@type\":\"WebSite\",\"@id\":\"https:\/\/serafinozani.it\/en\/#website\",\"url\":\"https:\/\/serafinozani.it\/en\/\",\"name\":\"SerafinoZani\",\"description\":\"Le pentole fabbricate in Italia\",\"publisher\":{\"@id\":\"https:\/\/serafinozani.it\/en\/#organization\"},\"alternateName\":\"Le pentole fabbricate in Italia\",\"potentialAction\":[{\"@type\":\"SearchAction\",\"target\":{\"@type\":\"EntryPoint\",\"urlTemplate\":\"https:\/\/serafinozani.it\/en\/?s={search_term_string}\"},\"query-input\":{\"@type\":\"PropertyValueSpecification\",\"valueRequired\":true,\"valueName\":\"search_term_string\"}}],\"inLanguage\":\"en-US\"},{\"@type\":\"Organization\",\"@id\":\"https:\/\/serafinozani.it\/en\/#organization\",\"name\":\"SerafinoZani\",\"url\":\"https:\/\/serafinozani.it\/en\/\",\"logo\":{\"@type\":\"ImageObject\",\"inLanguage\":\"en-US\",\"@id\":\"https:\/\/serafinozani.it\/en\/#\/schema\/logo\/image\/\",\"url\":\"https:\/\/serafinozani.it\/wp-content\/uploads\/2021\/03\/KA7VMPE20A.jpg\",\"contentUrl\":\"https:\/\/serafinozani.it\/wp-content\/uploads\/2021\/03\/KA7VMPE20A.jpg\",\"width\":1,\"height\":1,\"caption\":\"SerafinoZani\"},\"image\":{\"@id\":\"https:\/\/serafinozani.it\/en\/#\/schema\/logo\/image\/\"},\"sameAs\":[\"https:\/\/www.facebook.com\/SerafinoZani.Italy\"]}]}<\/script>\n<!-- \/ Yoast SEO plugin. -->","yoast_head_json":{"title":"CAFFETTIERA MACH 2 TZ - VERDE - SERAFINO ZANI - SerafinoZani","robots":{"index":"index","follow":"follow","max-snippet":"max-snippet:-1","max-image-preview":"max-image-preview:large","max-video-preview":"max-video-preview:-1"},"canonical":"https:\/\/serafinozani.it\/en\/catalogo\/caffettiera-mach-2-tz-verde-serafino-zani\/","og_locale":"en_US","og_type":"article","og_title":"CAFFETTIERA MACH 2 TZ - VERDE - SERAFINO ZANI - SerafinoZani","og_description":"Moka per caff\u00e9 da 2 tazzine, dalla particolare forma a colonna dorica. Isao Hosoe con la caffetiera Mach ha saputo declinere il linguaggio dell\u2019arte in un oggetto di uso quotidiano. Mach rappresenta una suggestione ma anche una vera e propria esplorazione della materia e del design di alto livello. Una moca da collezione, premiata e protagonista di mostre di design a livello internazionale. Il corpo e la caldaia sono colorate all\u2019esterno con vernici resistenti alla fiamma, mentre l\u2019interno \u00e8 protetto con vernici alimentari, per una maggiore igienicit\u00e0. La guarnizione \u00e8 in silicone alimentare, molto resistente alle alte temperature, mentre l\u2019impugnatura \u00e8 in materiale atermico antiscottature. Nella confezione anche un pratico riduttore monodose.","og_url":"https:\/\/serafinozani.it\/en\/catalogo\/caffettiera-mach-2-tz-verde-serafino-zani\/","og_site_name":"SerafinoZani","article_publisher":"https:\/\/www.facebook.com\/SerafinoZani.Italy","article_modified_time":"2023-05-22T21:39:18+00:00","og_image":[{"width":2200,"height":1459,"url":"https:\/\/serafinozani.it\/wp-content\/uploads\/2023\/02\/olimpia_slide_home.jpg","type":"image\/jpeg"}],"twitter_card":"summary_large_image","twitter_misc":{"Est. reading time":"2 minutes"},"schema":{"@context":"https:\/\/schema.org","@graph":[{"@type":"WebPage","@id":"https:\/\/serafinozani.it\/en\/catalogo\/caffettiera-mach-2-tz-verde-serafino-zani\/","url":"https:\/\/serafinozani.it\/en\/catalogo\/caffettiera-mach-2-tz-verde-serafino-zani\/","name":"CAFFETTIERA MACH 2 TZ - VERDE - SERAFINO ZANI - SerafinoZani","isPartOf":{"@id":"https:\/\/serafinozani.it\/en\/#website"},"datePublished":"2023-04-17T21:38:32+00:00","dateModified":"2023-05-22T21:39:18+00:00","breadcrumb":{"@id":"https:\/\/serafinozani.it\/en\/catalogo\/caffettiera-mach-2-tz-verde-serafino-zani\/#breadcrumb"},"inLanguage":"en-US","potentialAction":[{"@type":"ReadAction","target":["https:\/\/serafinozani.it\/en\/catalogo\/caffettiera-mach-2-tz-verde-serafino-zani\/"]}]},{"@type":"BreadcrumbList","@id":"https:\/\/serafinozani.it\/en\/catalogo\/caffettiera-mach-2-tz-verde-serafino-zani\/#breadcrumb","itemListElement":[{"@type":"ListItem","position":1,"name":"Home","item":"https:\/\/serafinozani.it\/shop\/"},{"@type":"ListItem","position":2,"name":"CAFFETTIERA MACH 2 TZ &#8211; VERDE &#8211; SERAFINO ZANI"}]},{"@type":"WebSite","@id":"https:\/\/serafinozani.it\/en\/#website","url":"https:\/\/serafinozani.it\/en\/","name":"SerafinoZani","description":"Le pentole fabbricate in Italia","publisher":{"@id":"https:\/\/serafinozani.it\/en\/#organization"},"alternateName":"Le pentole fabbricate in Italia","potentialAction":[{"@type":"SearchAction","target":{"@type":"EntryPoint","urlTemplate":"https:\/\/serafinozani.it\/en\/?s={search_term_string}"},"query-input":{"@type":"PropertyValueSpecification","valueRequired":true,"valueName":"search_term_string"}}],"inLanguage":"en-US"},{"@type":"Organization","@id":"https:\/\/serafinozani.it\/en\/#organization","name":"SerafinoZani","url":"https:\/\/serafinozani.it\/en\/","logo":{"@type":"ImageObject","inLanguage":"en-US","@id":"https:\/\/serafinozani.it\/en\/#\/schema\/logo\/image\/","url":"https:\/\/serafinozani.it\/wp-content\/uploads\/2021\/03\/KA7VMPE20A.jpg","contentUrl":"https:\/\/serafinozani.it\/wp-content\/uploads\/2021\/03\/KA7VMPE20A.jpg","width":1,"height":1,"caption":"SerafinoZani"},"image":{"@id":"https:\/\/serafinozani.it\/en\/#\/schema\/logo\/image\/"},"sameAs":["https:\/\/www.facebook.com\/SerafinoZani.Italy"]}]}},"_links":{"self":[{"href":"https:\/\/serafinozani.it\/en\/wp-json\/wp\/v2\/product\/18957","targetHints":{"allow":["GET"]}}],"collection":[{"href":"https:\/\/serafinozani.it\/en\/wp-json\/wp\/v2\/product"}],"about":[{"href":"https:\/\/serafinozani.it\/en\/wp-json\/wp\/v2\/types\/product"}],"wp:attachment":[{"href":"https:\/\/serafinozani.it\/en\/wp-json\/wp\/v2\/media?parent=18957"}],"wp:term":[{"taxonomy":"product_cat","embeddable":true,"href":"https:\/\/serafinozani.it\/en\/wp-json\/wp\/v2\/product_cat?post=18957"},{"taxonomy":"product_tag","embeddable":true,"href":"https:\/\/serafinozani.it\/en\/wp-json\/wp\/v2\/product_tag?post=18957"}],"curies":[{"name":"wp","href":"https:\/\/api.w.org\/{rel}","templated":true}]}}