{"id":18945,"date":"2023-04-17T23:37:26","date_gmt":"2023-04-17T21:37:26","guid":{"rendered":"https:\/\/serafinozani.it\/?post_type=product&#038;p=18945"},"modified":"2023-05-22T23:39:16","modified_gmt":"2023-05-22T21:39:16","slug":"philanthropos-serafino-zani","status":"publish","type":"product","link":"https:\/\/serafinozani.it\/en\/catalogo\/philanthropos-serafino-zani\/","title":{"rendered":"PHILANTHROPOS &#8211; SERAFINO ZANI"},"content":{"rendered":"<p>Philanthropos, il mestolo amico. La serie di cinque classici utensili, con relativo appendono metacrilato nasce dal connubio tra semplicit\u00e0 formale ed estrema funzionalit\u00e0. Da qui alcune soluzioni veramente nuove che caratterizzano i pezzi: lo spessore dell\u2019acciaio, diverso ed adatto alla specifica funzione del singolo pezzo; la valorizzazione del punto di incontro tra manico ed utensile vero e proprio, volutamente messo in risalto per caratterizzare il design della serie; la ricerca della estrema sintesi formale, ben visibile in ogni pezzo, che raggiunge il suo massimo nel forchettone, semplice tondino d\u2019acciaio piegato alla funzionalit\u00e0 dell\u2019uso.<\/p>\n<p><b><\/b><\/p>\n<p><b>La confezione include<\/b><br \/>\n1 Forchettone, 1 Cucchiaione, 1 Mestolo, 1 Schiumarola, 1 Pala per il Fritto<\/p>\n","protected":false},"excerpt":{"rendered":"<p>Set di Mestoli da Cucina Philanthropos composto dai cinque classici utensili, connubio tra semplicit\u00e0 formale ed estrema funzionalit\u00e0. Il set \u00e8 fornito senza barra appendino.<\/p>\n","protected":false},"featured_media":18946,"template":"","meta":[],"product_cat":[605,602,1194],"product_tag":[1195,655],"class_list":["post-18945","product","type-product","status-publish","has-post-thumbnail","hentry","product_cat-utensili-da-cucina","product_cat-serafino-zani","product_cat-philantropos","product_tag-serafino-zanikitchen-toolsphilantropossteel","product_tag-acciaio","pa_designer-tarcisio-zani","pa_linea-philantropos","pa_materiale-acciaio-inox"],"yoast_head":"<!-- This site is optimized with the Yoast SEO plugin v27.4 - https:\/\/yoast.com\/product\/yoast-seo-wordpress\/ -->\n<title>PHILANTHROPOS - SERAFINO ZANI - SerafinoZani<\/title>\n<meta name=\"robots\" content=\"index, follow, max-snippet:-1, max-image-preview:large, max-video-preview:-1\" \/>\n<link rel=\"canonical\" href=\"https:\/\/serafinozani.it\/en\/catalogo\/philanthropos-serafino-zani\/\" \/>\n<meta property=\"og:locale\" content=\"en_US\" \/>\n<meta property=\"og:type\" content=\"article\" \/>\n<meta property=\"og:title\" content=\"PHILANTHROPOS - SERAFINO ZANI - SerafinoZani\" \/>\n<meta property=\"og:description\" content=\"Set di Mestoli da Cucina Philanthropos composto dai cinque classici utensili, connubio tra semplicit\u00e0 formale ed estrema funzionalit\u00e0. Il set \u00e8 fornito senza barra appendino.\" \/>\n<meta property=\"og:url\" content=\"https:\/\/serafinozani.it\/en\/catalogo\/philanthropos-serafino-zani\/\" \/>\n<meta property=\"og:site_name\" content=\"SerafinoZani\" \/>\n<meta property=\"article:publisher\" content=\"https:\/\/www.facebook.com\/SerafinoZani.Italy\" \/>\n<meta property=\"article:modified_time\" content=\"2023-05-22T21:39:16+00:00\" \/>\n<meta property=\"og:image\" content=\"https:\/\/serafinozani.it\/wp-content\/uploads\/2023\/05\/KA9PH6P.jpg\" \/>\n\t<meta property=\"og:image:width\" content=\"1200\" \/>\n\t<meta property=\"og:image:height\" content=\"1200\" \/>\n\t<meta property=\"og:image:type\" content=\"image\/jpeg\" \/>\n<meta name=\"twitter:card\" content=\"summary_large_image\" \/>\n<meta name=\"twitter:label1\" content=\"Est. reading time\" \/>\n\t<meta name=\"twitter:data1\" content=\"1 minute\" \/>\n<script type=\"application\/ld+json\" class=\"yoast-schema-graph\">{\"@context\":\"https:\\\/\\\/schema.org\",\"@graph\":[{\"@type\":\"WebPage\",\"@id\":\"https:\\\/\\\/serafinozani.it\\\/en\\\/catalogo\\\/philanthropos-serafino-zani\\\/\",\"url\":\"https:\\\/\\\/serafinozani.it\\\/en\\\/catalogo\\\/philanthropos-serafino-zani\\\/\",\"name\":\"PHILANTHROPOS - SERAFINO ZANI - SerafinoZani\",\"isPartOf\":{\"@id\":\"https:\\\/\\\/serafinozani.it\\\/en\\\/#website\"},\"primaryImageOfPage\":{\"@id\":\"https:\\\/\\\/serafinozani.it\\\/en\\\/catalogo\\\/philanthropos-serafino-zani\\\/#primaryimage\"},\"image\":{\"@id\":\"https:\\\/\\\/serafinozani.it\\\/en\\\/catalogo\\\/philanthropos-serafino-zani\\\/#primaryimage\"},\"thumbnailUrl\":\"https:\\\/\\\/serafinozani.it\\\/wp-content\\\/uploads\\\/2023\\\/05\\\/KA9PH6P.jpg\",\"datePublished\":\"2023-04-17T21:37:26+00:00\",\"dateModified\":\"2023-05-22T21:39:16+00:00\",\"breadcrumb\":{\"@id\":\"https:\\\/\\\/serafinozani.it\\\/en\\\/catalogo\\\/philanthropos-serafino-zani\\\/#breadcrumb\"},\"inLanguage\":\"en-US\",\"potentialAction\":[{\"@type\":\"ReadAction\",\"target\":[\"https:\\\/\\\/serafinozani.it\\\/en\\\/catalogo\\\/philanthropos-serafino-zani\\\/\"]}]},{\"@type\":\"ImageObject\",\"inLanguage\":\"en-US\",\"@id\":\"https:\\\/\\\/serafinozani.it\\\/en\\\/catalogo\\\/philanthropos-serafino-zani\\\/#primaryimage\",\"url\":\"https:\\\/\\\/serafinozani.it\\\/wp-content\\\/uploads\\\/2023\\\/05\\\/KA9PH6P.jpg\",\"contentUrl\":\"https:\\\/\\\/serafinozani.it\\\/wp-content\\\/uploads\\\/2023\\\/05\\\/KA9PH6P.jpg\",\"width\":1200,\"height\":1200},{\"@type\":\"BreadcrumbList\",\"@id\":\"https:\\\/\\\/serafinozani.it\\\/en\\\/catalogo\\\/philanthropos-serafino-zani\\\/#breadcrumb\",\"itemListElement\":[{\"@type\":\"ListItem\",\"position\":1,\"name\":\"Home\",\"item\":\"https:\\\/\\\/serafinozani.it\\\/shop\\\/\"},{\"@type\":\"ListItem\",\"position\":2,\"name\":\"PHILANTHROPOS &#8211; SERAFINO ZANI\"}]},{\"@type\":\"WebSite\",\"@id\":\"https:\\\/\\\/serafinozani.it\\\/en\\\/#website\",\"url\":\"https:\\\/\\\/serafinozani.it\\\/en\\\/\",\"name\":\"SerafinoZani\",\"description\":\"Le pentole fabbricate in Italia\",\"publisher\":{\"@id\":\"https:\\\/\\\/serafinozani.it\\\/en\\\/#organization\"},\"alternateName\":\"Le pentole fabbricate in Italia\",\"potentialAction\":[{\"@type\":\"SearchAction\",\"target\":{\"@type\":\"EntryPoint\",\"urlTemplate\":\"https:\\\/\\\/serafinozani.it\\\/en\\\/?s={search_term_string}\"},\"query-input\":{\"@type\":\"PropertyValueSpecification\",\"valueRequired\":true,\"valueName\":\"search_term_string\"}}],\"inLanguage\":\"en-US\"},{\"@type\":\"Organization\",\"@id\":\"https:\\\/\\\/serafinozani.it\\\/en\\\/#organization\",\"name\":\"SerafinoZani\",\"url\":\"https:\\\/\\\/serafinozani.it\\\/en\\\/\",\"logo\":{\"@type\":\"ImageObject\",\"inLanguage\":\"en-US\",\"@id\":\"https:\\\/\\\/serafinozani.it\\\/en\\\/#\\\/schema\\\/logo\\\/image\\\/\",\"url\":\"https:\\\/\\\/serafinozani.it\\\/wp-content\\\/uploads\\\/2021\\\/03\\\/KA7VMPE20A.jpg\",\"contentUrl\":\"https:\\\/\\\/serafinozani.it\\\/wp-content\\\/uploads\\\/2021\\\/03\\\/KA7VMPE20A.jpg\",\"width\":1,\"height\":1,\"caption\":\"SerafinoZani\"},\"image\":{\"@id\":\"https:\\\/\\\/serafinozani.it\\\/en\\\/#\\\/schema\\\/logo\\\/image\\\/\"},\"sameAs\":[\"https:\\\/\\\/www.facebook.com\\\/SerafinoZani.Italy\"]}]}<\/script>\n<!-- \/ Yoast SEO plugin. -->","yoast_head_json":{"title":"PHILANTHROPOS - SERAFINO ZANI - SerafinoZani","robots":{"index":"index","follow":"follow","max-snippet":"max-snippet:-1","max-image-preview":"max-image-preview:large","max-video-preview":"max-video-preview:-1"},"canonical":"https:\/\/serafinozani.it\/en\/catalogo\/philanthropos-serafino-zani\/","og_locale":"en_US","og_type":"article","og_title":"PHILANTHROPOS - SERAFINO ZANI - SerafinoZani","og_description":"Set di Mestoli da Cucina Philanthropos composto dai cinque classici utensili, connubio tra semplicit\u00e0 formale ed estrema funzionalit\u00e0. Il set \u00e8 fornito senza barra appendino.","og_url":"https:\/\/serafinozani.it\/en\/catalogo\/philanthropos-serafino-zani\/","og_site_name":"SerafinoZani","article_publisher":"https:\/\/www.facebook.com\/SerafinoZani.Italy","article_modified_time":"2023-05-22T21:39:16+00:00","og_image":[{"width":1200,"height":1200,"url":"https:\/\/serafinozani.it\/wp-content\/uploads\/2023\/05\/KA9PH6P.jpg","type":"image\/jpeg"}],"twitter_card":"summary_large_image","twitter_misc":{"Est. reading time":"1 minute"},"schema":{"@context":"https:\/\/schema.org","@graph":[{"@type":"WebPage","@id":"https:\/\/serafinozani.it\/en\/catalogo\/philanthropos-serafino-zani\/","url":"https:\/\/serafinozani.it\/en\/catalogo\/philanthropos-serafino-zani\/","name":"PHILANTHROPOS - SERAFINO ZANI - SerafinoZani","isPartOf":{"@id":"https:\/\/serafinozani.it\/en\/#website"},"primaryImageOfPage":{"@id":"https:\/\/serafinozani.it\/en\/catalogo\/philanthropos-serafino-zani\/#primaryimage"},"image":{"@id":"https:\/\/serafinozani.it\/en\/catalogo\/philanthropos-serafino-zani\/#primaryimage"},"thumbnailUrl":"https:\/\/serafinozani.it\/wp-content\/uploads\/2023\/05\/KA9PH6P.jpg","datePublished":"2023-04-17T21:37:26+00:00","dateModified":"2023-05-22T21:39:16+00:00","breadcrumb":{"@id":"https:\/\/serafinozani.it\/en\/catalogo\/philanthropos-serafino-zani\/#breadcrumb"},"inLanguage":"en-US","potentialAction":[{"@type":"ReadAction","target":["https:\/\/serafinozani.it\/en\/catalogo\/philanthropos-serafino-zani\/"]}]},{"@type":"ImageObject","inLanguage":"en-US","@id":"https:\/\/serafinozani.it\/en\/catalogo\/philanthropos-serafino-zani\/#primaryimage","url":"https:\/\/serafinozani.it\/wp-content\/uploads\/2023\/05\/KA9PH6P.jpg","contentUrl":"https:\/\/serafinozani.it\/wp-content\/uploads\/2023\/05\/KA9PH6P.jpg","width":1200,"height":1200},{"@type":"BreadcrumbList","@id":"https:\/\/serafinozani.it\/en\/catalogo\/philanthropos-serafino-zani\/#breadcrumb","itemListElement":[{"@type":"ListItem","position":1,"name":"Home","item":"https:\/\/serafinozani.it\/shop\/"},{"@type":"ListItem","position":2,"name":"PHILANTHROPOS &#8211; SERAFINO ZANI"}]},{"@type":"WebSite","@id":"https:\/\/serafinozani.it\/en\/#website","url":"https:\/\/serafinozani.it\/en\/","name":"SerafinoZani","description":"Le pentole fabbricate in Italia","publisher":{"@id":"https:\/\/serafinozani.it\/en\/#organization"},"alternateName":"Le pentole fabbricate in Italia","potentialAction":[{"@type":"SearchAction","target":{"@type":"EntryPoint","urlTemplate":"https:\/\/serafinozani.it\/en\/?s={search_term_string}"},"query-input":{"@type":"PropertyValueSpecification","valueRequired":true,"valueName":"search_term_string"}}],"inLanguage":"en-US"},{"@type":"Organization","@id":"https:\/\/serafinozani.it\/en\/#organization","name":"SerafinoZani","url":"https:\/\/serafinozani.it\/en\/","logo":{"@type":"ImageObject","inLanguage":"en-US","@id":"https:\/\/serafinozani.it\/en\/#\/schema\/logo\/image\/","url":"https:\/\/serafinozani.it\/wp-content\/uploads\/2021\/03\/KA7VMPE20A.jpg","contentUrl":"https:\/\/serafinozani.it\/wp-content\/uploads\/2021\/03\/KA7VMPE20A.jpg","width":1,"height":1,"caption":"SerafinoZani"},"image":{"@id":"https:\/\/serafinozani.it\/en\/#\/schema\/logo\/image\/"},"sameAs":["https:\/\/www.facebook.com\/SerafinoZani.Italy"]}]}},"_links":{"self":[{"href":"https:\/\/serafinozani.it\/en\/wp-json\/wp\/v2\/product\/18945","targetHints":{"allow":["GET"]}}],"collection":[{"href":"https:\/\/serafinozani.it\/en\/wp-json\/wp\/v2\/product"}],"about":[{"href":"https:\/\/serafinozani.it\/en\/wp-json\/wp\/v2\/types\/product"}],"wp:featuredmedia":[{"embeddable":true,"href":"https:\/\/serafinozani.it\/en\/wp-json\/wp\/v2\/media\/18946"}],"wp:attachment":[{"href":"https:\/\/serafinozani.it\/en\/wp-json\/wp\/v2\/media?parent=18945"}],"wp:term":[{"taxonomy":"product_cat","embeddable":true,"href":"https:\/\/serafinozani.it\/en\/wp-json\/wp\/v2\/product_cat?post=18945"},{"taxonomy":"product_tag","embeddable":true,"href":"https:\/\/serafinozani.it\/en\/wp-json\/wp\/v2\/product_tag?post=18945"}],"curies":[{"name":"wp","href":"https:\/\/api.w.org\/{rel}","templated":true}]}}