{"id":18928,"date":"2023-04-17T23:31:38","date_gmt":"2023-04-17T21:31:38","guid":{"rendered":"https:\/\/serafinozani.it\/?post_type=product&#038;p=18928"},"modified":"2023-05-23T01:02:12","modified_gmt":"2023-05-22T23:02:12","slug":"tuareg-alzata-con-piatto-in-vetro-serafino-zani","status":"publish","type":"product","link":"https:\/\/serafinozani.it\/en\/catalogo\/tuareg-alzata-con-piatto-in-vetro-serafino-zani\/","title":{"rendered":"TUAREG &#8211; ALZATA CON PIATTO IN VETRO &#8211; SERAFINO ZANI"},"content":{"rendered":"<p>\u201cOfferta\u201d, il nome voluto da Sottsass stesso, vuole sottolineare la dimensione di dono contenuta negli oggetti e rimanda alla stesso tempo, con una buona dose di ironia, all&#8217;idea di un design volutamente lontano dal glamour delle grandi occasioni.  Gli spessori importanti e le proporzioni architettoniche disegnate su geometrie semplici, tratti che Ettore Sottsass predilige nel proprio linguaggio, fanno degli oggetti della collezione \u201cOfferta\u201d  nuovi archetipi della tavola contemporanea dedicati a chi ama la quieta normalit\u00e0 delle cose semplici, che funzionano bene e di grande qualit\u00e0, di cui sa essere interprete il design di pi\u00f9 alto livello.<\/p>\n<p>\u201cOfferta\u201c \u00e8 la collezione per la tavola disegnata da Ettore Sottsass e facente porta di \u201cLa cucina sapiente e la tavola contenta\u201d, progetto iniziato nel 2004 che esplora il piacere quieto degli oggetti personali con i quali porgere sulla tavola il pane, un dolce appena preparato, il vino, pochi squisiti datteri. Una collezione di 6 pezzi composta da un centrotavola, una alzata e quattro cestini di differenti formati e uso che, in continuit\u00e0 con il programma avviato con Sottsass Associati, ripropone l&#8217;acciaio come materiale protagonista del paesaggio domestico.<\/p>\n<p>\u201cOfferta\u201d prosegue la ricerca che Sottsass ha condotto con Serafino Zani sulla riscoperta delle forme della tradizione quotidiana secondo linguaggi attuali, a partire da un materiale concreto e duraturo come l&#8217;acciaio. Un acciaio che in \u201cOfferta\u201d diventa prezioso nell&#8217;accostamento inconsueto con il vetro dell&#8217;alzata \u201cTuareg\u201d e in quello fra lucido e brunito di \u201cOfferta Frutta\u201d.<\/p>\n<p><b><\/b><\/p>\n<p><b>La confezione include<\/b><br \/>\n1 alzata, 1 piatto in vetro colorato<\/p>\n","protected":false},"excerpt":{"rendered":"<p>Alzata \/ porta frutta in acciaio lucido con piatto in vetro colorato. \u00d8 29 H. 170 mm. Il nome della collezione \u00abOfferta\u00bb, voluto dallo stesso Ettore Sottsass, vuole sottolineare la dimensione di dono contenuta nell\u2019oggetto e rimanda alla stesso tempo, con una buona dose di ironia, all&#8217;idea di un design volutamente lontano dal glamour delle grandi occasioni. Offerta prosegue la ricerca che Ettore Sottsass ha condotto con Serafino Zani sulla riscoperta delle forme della tradizione quotidiana secondo linguaggi attuali, a partire da un materiale concreto e duraturo come l&#8217;acciaio. Un acciaio che diventa prezioso nell&#8217;accostamento inconsueto con il vetro colorato dell&#8217;alzata \u00abTuareg\u00bb, proposto in questa riedizione nel colore Arancio.<\/p>\n","protected":false},"featured_media":0,"template":"","meta":[],"product_cat":[400,602],"product_tag":[1108,1053],"class_list":["post-18928","product","type-product","status-publish","hentry","product_cat-servire-tavola","product_cat-serafino-zani","product_tag-serafino-zaniservewareoffertaorange","product_tag-arancio","pa_designer-ettore-sottsass","pa_linea-offerta","pa_materiale-acciaio-inox-vetro"],"yoast_head":"<!-- This site is optimized with the Yoast SEO plugin v26.3 - https:\/\/yoast.com\/wordpress\/plugins\/seo\/ -->\n<title>TUAREG - ALZATA CON PIATTO IN VETRO - SERAFINO ZANI - SerafinoZani<\/title>\n<meta name=\"robots\" content=\"index, follow, max-snippet:-1, max-image-preview:large, max-video-preview:-1\" \/>\n<link rel=\"canonical\" href=\"https:\/\/serafinozani.it\/en\/catalogo\/tuareg-alzata-con-piatto-in-vetro-serafino-zani\/\" \/>\n<meta property=\"og:locale\" content=\"en_US\" \/>\n<meta property=\"og:type\" content=\"article\" \/>\n<meta property=\"og:title\" content=\"TUAREG - ALZATA CON PIATTO IN VETRO - SERAFINO ZANI - SerafinoZani\" \/>\n<meta property=\"og:description\" content=\"Alzata \/ porta frutta in acciaio lucido con piatto in vetro colorato. \u00d8 29 H. 170 mm. Il nome della collezione \u00abOfferta\u00bb, voluto dallo stesso Ettore Sottsass, vuole sottolineare la dimensione di dono contenuta nell\u2019oggetto e rimanda alla stesso tempo, con una buona dose di ironia, all&#039;idea di un design volutamente lontano dal glamour delle grandi occasioni. Offerta prosegue la ricerca che Ettore Sottsass ha condotto con Serafino Zani sulla riscoperta delle forme della tradizione quotidiana secondo linguaggi attuali, a partire da un materiale concreto e duraturo come l&#039;acciaio. Un acciaio che diventa prezioso nell&#039;accostamento inconsueto con il vetro colorato dell&#039;alzata \u00abTuareg\u00bb, proposto in questa riedizione nel colore Arancio.\" \/>\n<meta property=\"og:url\" content=\"https:\/\/serafinozani.it\/en\/catalogo\/tuareg-alzata-con-piatto-in-vetro-serafino-zani\/\" \/>\n<meta property=\"og:site_name\" content=\"SerafinoZani\" \/>\n<meta property=\"article:publisher\" content=\"https:\/\/www.facebook.com\/SerafinoZani.Italy\" \/>\n<meta property=\"article:modified_time\" content=\"2023-05-22T23:02:12+00:00\" \/>\n<meta property=\"og:image\" content=\"https:\/\/serafinozani.it\/wp-content\/uploads\/2023\/02\/olimpia_slide_home.jpg\" \/>\n\t<meta property=\"og:image:width\" content=\"2200\" \/>\n\t<meta property=\"og:image:height\" content=\"1459\" \/>\n\t<meta property=\"og:image:type\" content=\"image\/jpeg\" \/>\n<meta name=\"twitter:card\" content=\"summary_large_image\" \/>\n<meta name=\"twitter:label1\" content=\"Est. reading time\" \/>\n\t<meta name=\"twitter:data1\" content=\"1 minute\" \/>\n<script type=\"application\/ld+json\" class=\"yoast-schema-graph\">{\"@context\":\"https:\/\/schema.org\",\"@graph\":[{\"@type\":\"WebPage\",\"@id\":\"https:\/\/serafinozani.it\/en\/catalogo\/tuareg-alzata-con-piatto-in-vetro-serafino-zani\/\",\"url\":\"https:\/\/serafinozani.it\/en\/catalogo\/tuareg-alzata-con-piatto-in-vetro-serafino-zani\/\",\"name\":\"TUAREG - ALZATA CON PIATTO IN VETRO - SERAFINO ZANI - SerafinoZani\",\"isPartOf\":{\"@id\":\"https:\/\/serafinozani.it\/en\/#website\"},\"datePublished\":\"2023-04-17T21:31:38+00:00\",\"dateModified\":\"2023-05-22T23:02:12+00:00\",\"breadcrumb\":{\"@id\":\"https:\/\/serafinozani.it\/en\/catalogo\/tuareg-alzata-con-piatto-in-vetro-serafino-zani\/#breadcrumb\"},\"inLanguage\":\"en-US\",\"potentialAction\":[{\"@type\":\"ReadAction\",\"target\":[\"https:\/\/serafinozani.it\/en\/catalogo\/tuareg-alzata-con-piatto-in-vetro-serafino-zani\/\"]}]},{\"@type\":\"BreadcrumbList\",\"@id\":\"https:\/\/serafinozani.it\/en\/catalogo\/tuareg-alzata-con-piatto-in-vetro-serafino-zani\/#breadcrumb\",\"itemListElement\":[{\"@type\":\"ListItem\",\"position\":1,\"name\":\"Home\",\"item\":\"https:\/\/serafinozani.it\/shop\/\"},{\"@type\":\"ListItem\",\"position\":2,\"name\":\"TUAREG &#8211; ALZATA CON PIATTO IN VETRO &#8211; SERAFINO ZANI\"}]},{\"@type\":\"WebSite\",\"@id\":\"https:\/\/serafinozani.it\/en\/#website\",\"url\":\"https:\/\/serafinozani.it\/en\/\",\"name\":\"SerafinoZani\",\"description\":\"Le pentole fabbricate in Italia\",\"publisher\":{\"@id\":\"https:\/\/serafinozani.it\/en\/#organization\"},\"alternateName\":\"Le pentole fabbricate in Italia\",\"potentialAction\":[{\"@type\":\"SearchAction\",\"target\":{\"@type\":\"EntryPoint\",\"urlTemplate\":\"https:\/\/serafinozani.it\/en\/?s={search_term_string}\"},\"query-input\":{\"@type\":\"PropertyValueSpecification\",\"valueRequired\":true,\"valueName\":\"search_term_string\"}}],\"inLanguage\":\"en-US\"},{\"@type\":\"Organization\",\"@id\":\"https:\/\/serafinozani.it\/en\/#organization\",\"name\":\"SerafinoZani\",\"url\":\"https:\/\/serafinozani.it\/en\/\",\"logo\":{\"@type\":\"ImageObject\",\"inLanguage\":\"en-US\",\"@id\":\"https:\/\/serafinozani.it\/en\/#\/schema\/logo\/image\/\",\"url\":\"https:\/\/serafinozani.it\/wp-content\/uploads\/2021\/03\/KA7VMPE20A.jpg\",\"contentUrl\":\"https:\/\/serafinozani.it\/wp-content\/uploads\/2021\/03\/KA7VMPE20A.jpg\",\"width\":1,\"height\":1,\"caption\":\"SerafinoZani\"},\"image\":{\"@id\":\"https:\/\/serafinozani.it\/en\/#\/schema\/logo\/image\/\"},\"sameAs\":[\"https:\/\/www.facebook.com\/SerafinoZani.Italy\"]}]}<\/script>\n<!-- \/ Yoast SEO plugin. -->","yoast_head_json":{"title":"TUAREG - ALZATA CON PIATTO IN VETRO - SERAFINO ZANI - SerafinoZani","robots":{"index":"index","follow":"follow","max-snippet":"max-snippet:-1","max-image-preview":"max-image-preview:large","max-video-preview":"max-video-preview:-1"},"canonical":"https:\/\/serafinozani.it\/en\/catalogo\/tuareg-alzata-con-piatto-in-vetro-serafino-zani\/","og_locale":"en_US","og_type":"article","og_title":"TUAREG - ALZATA CON PIATTO IN VETRO - SERAFINO ZANI - SerafinoZani","og_description":"Alzata \/ porta frutta in acciaio lucido con piatto in vetro colorato. \u00d8 29 H. 170 mm. Il nome della collezione \u00abOfferta\u00bb, voluto dallo stesso Ettore Sottsass, vuole sottolineare la dimensione di dono contenuta nell\u2019oggetto e rimanda alla stesso tempo, con una buona dose di ironia, all'idea di un design volutamente lontano dal glamour delle grandi occasioni. Offerta prosegue la ricerca che Ettore Sottsass ha condotto con Serafino Zani sulla riscoperta delle forme della tradizione quotidiana secondo linguaggi attuali, a partire da un materiale concreto e duraturo come l'acciaio. Un acciaio che diventa prezioso nell'accostamento inconsueto con il vetro colorato dell'alzata \u00abTuareg\u00bb, proposto in questa riedizione nel colore Arancio.","og_url":"https:\/\/serafinozani.it\/en\/catalogo\/tuareg-alzata-con-piatto-in-vetro-serafino-zani\/","og_site_name":"SerafinoZani","article_publisher":"https:\/\/www.facebook.com\/SerafinoZani.Italy","article_modified_time":"2023-05-22T23:02:12+00:00","og_image":[{"width":2200,"height":1459,"url":"https:\/\/serafinozani.it\/wp-content\/uploads\/2023\/02\/olimpia_slide_home.jpg","type":"image\/jpeg"}],"twitter_card":"summary_large_image","twitter_misc":{"Est. reading time":"1 minute"},"schema":{"@context":"https:\/\/schema.org","@graph":[{"@type":"WebPage","@id":"https:\/\/serafinozani.it\/en\/catalogo\/tuareg-alzata-con-piatto-in-vetro-serafino-zani\/","url":"https:\/\/serafinozani.it\/en\/catalogo\/tuareg-alzata-con-piatto-in-vetro-serafino-zani\/","name":"TUAREG - ALZATA CON PIATTO IN VETRO - SERAFINO ZANI - SerafinoZani","isPartOf":{"@id":"https:\/\/serafinozani.it\/en\/#website"},"datePublished":"2023-04-17T21:31:38+00:00","dateModified":"2023-05-22T23:02:12+00:00","breadcrumb":{"@id":"https:\/\/serafinozani.it\/en\/catalogo\/tuareg-alzata-con-piatto-in-vetro-serafino-zani\/#breadcrumb"},"inLanguage":"en-US","potentialAction":[{"@type":"ReadAction","target":["https:\/\/serafinozani.it\/en\/catalogo\/tuareg-alzata-con-piatto-in-vetro-serafino-zani\/"]}]},{"@type":"BreadcrumbList","@id":"https:\/\/serafinozani.it\/en\/catalogo\/tuareg-alzata-con-piatto-in-vetro-serafino-zani\/#breadcrumb","itemListElement":[{"@type":"ListItem","position":1,"name":"Home","item":"https:\/\/serafinozani.it\/shop\/"},{"@type":"ListItem","position":2,"name":"TUAREG &#8211; ALZATA CON PIATTO IN VETRO &#8211; SERAFINO ZANI"}]},{"@type":"WebSite","@id":"https:\/\/serafinozani.it\/en\/#website","url":"https:\/\/serafinozani.it\/en\/","name":"SerafinoZani","description":"Le pentole fabbricate in Italia","publisher":{"@id":"https:\/\/serafinozani.it\/en\/#organization"},"alternateName":"Le pentole fabbricate in Italia","potentialAction":[{"@type":"SearchAction","target":{"@type":"EntryPoint","urlTemplate":"https:\/\/serafinozani.it\/en\/?s={search_term_string}"},"query-input":{"@type":"PropertyValueSpecification","valueRequired":true,"valueName":"search_term_string"}}],"inLanguage":"en-US"},{"@type":"Organization","@id":"https:\/\/serafinozani.it\/en\/#organization","name":"SerafinoZani","url":"https:\/\/serafinozani.it\/en\/","logo":{"@type":"ImageObject","inLanguage":"en-US","@id":"https:\/\/serafinozani.it\/en\/#\/schema\/logo\/image\/","url":"https:\/\/serafinozani.it\/wp-content\/uploads\/2021\/03\/KA7VMPE20A.jpg","contentUrl":"https:\/\/serafinozani.it\/wp-content\/uploads\/2021\/03\/KA7VMPE20A.jpg","width":1,"height":1,"caption":"SerafinoZani"},"image":{"@id":"https:\/\/serafinozani.it\/en\/#\/schema\/logo\/image\/"},"sameAs":["https:\/\/www.facebook.com\/SerafinoZani.Italy"]}]}},"_links":{"self":[{"href":"https:\/\/serafinozani.it\/en\/wp-json\/wp\/v2\/product\/18928","targetHints":{"allow":["GET"]}}],"collection":[{"href":"https:\/\/serafinozani.it\/en\/wp-json\/wp\/v2\/product"}],"about":[{"href":"https:\/\/serafinozani.it\/en\/wp-json\/wp\/v2\/types\/product"}],"wp:attachment":[{"href":"https:\/\/serafinozani.it\/en\/wp-json\/wp\/v2\/media?parent=18928"}],"wp:term":[{"taxonomy":"product_cat","embeddable":true,"href":"https:\/\/serafinozani.it\/en\/wp-json\/wp\/v2\/product_cat?post=18928"},{"taxonomy":"product_tag","embeddable":true,"href":"https:\/\/serafinozani.it\/en\/wp-json\/wp\/v2\/product_tag?post=18928"}],"curies":[{"name":"wp","href":"https:\/\/api.w.org\/{rel}","templated":true}]}}