{"id":18886,"date":"2023-04-17T23:21:32","date_gmt":"2023-04-17T21:21:32","guid":{"rendered":"https:\/\/serafinozani.it\/?post_type=product&#038;p=18886"},"modified":"2023-05-22T23:38:14","modified_gmt":"2023-05-22T21:38:14","slug":"asso-24-pezzi-servizio-per-6-persone-serafino-zani","status":"publish","type":"product","link":"https:\/\/serafinozani.it\/en\/catalogo\/asso-24-pezzi-servizio-per-6-persone-serafino-zani\/","title":{"rendered":"ASSO 24 PEZZI \u2022 Servizio per 6 Persone &#8211; SERAFINO ZANI"},"content":{"rendered":"<p>Serafino Zani propone posate per tutti i modi e gli stili di vivere la tavola. Tutte le serie sono adatte sia all\u2019uso quotidiano che alla tavola elegante delle grandi occasioni: comprendono sia i coperti individuali (incluse le posate specializzate e le varie taglie di cucchiaini) che la serie da portata. Le posate mantengono la qualit\u00e0 di disegno e di produzione tipiche di tutti i prodotti Serafino Zani: sono perfettamente equilibrate e piacevoli al tatto, costruite con acciaio inox di qualit\u00e0 18\/10 di grande spessore, perfettamente lucidate e rifinite a mano.<br \/>\nSlim nasce nel cuore dell\u2019azienda italiana Serafino Zani.\u00a0I designers del team vi lavorano per rendere visibile la bellezza\u00a0 attraverso l\u2019innovazione, la qualit\u00e0 dei materiali,\u00a0 l\u2019accuratezza dei dettagli, l\u2019esecuzione tecnica e la capacit\u00e0 di\u00a0lavorazione, consapevoli che ogni oggetto prodotto entrer\u00e0 a far parte del nostro micro cosmo\u00a0 quotidiano.<\/p>\n<p><b><\/b><\/p>\n<p><b>La confezione include<\/b><br \/>\n6 forchette tavola, 6 cucchiai, 6 coltelli, 6 chucchiaini caff\u00e8<\/p>\n","protected":false},"excerpt":{"rendered":"<p>Confezione di posate in acciao 24 pezzi Asso. Servizio da sei posti tavola.Posto tavola composto da coltello, forchetta, cucchiaio e cucchiaino caff\u00e8. Dal design sofisticato e minimale, le posate Asso rispecchiano in pieno la volont\u00e0 di Serafino Zani di unire la funzionalit\u00e0 a una fine ed elegante lavorazione del metallo. Realizzate in acciaio inox 18\/10 di altissima qualit\u00e0, sono sinonimo di igiene e durevolezza nel tempo. Grazie alla classica e impeccabile finitura lucida si adattano magistralmente a tutte le tavole, da quelle contemporanee ed essenziali, a quelle pi\u00f9 ricercate delle grandi occasioni.<br \/>\nPosate in Acciaio Inox, finitura lucida. Lavabili in lavastoviglie. Linee perfettamente equilibrate e piacevoli al tatto. Confezione in imballo serigrafato bianco e nero Serafino Zani.<\/p>\n","protected":false},"featured_media":0,"template":"","meta":[],"product_cat":[301,721,602],"product_tag":[722,655],"class_list":["post-18886","product","type-product","status-publish","hentry","product_cat-posate","product_cat-asso","product_cat-serafino-zani","product_tag-serafino-zanicutleryassopolished-steel","product_tag-acciaio","pa_designer-serafino-zani-design-studio","pa_linea-asso","pa_materiale-acciaio-inox"],"yoast_head":"<!-- This site is optimized with the Yoast SEO plugin v26.3 - https:\/\/yoast.com\/wordpress\/plugins\/seo\/ -->\n<title>ASSO 24 PEZZI \u2022 Servizio per 6 Persone - SERAFINO ZANI - SerafinoZani<\/title>\n<meta name=\"robots\" content=\"index, follow, max-snippet:-1, max-image-preview:large, max-video-preview:-1\" \/>\n<link rel=\"canonical\" href=\"https:\/\/serafinozani.it\/en\/catalogo\/asso-24-pezzi-servizio-per-6-persone-serafino-zani\/\" \/>\n<meta property=\"og:locale\" content=\"en_US\" \/>\n<meta property=\"og:type\" content=\"article\" \/>\n<meta property=\"og:title\" content=\"ASSO 24 PEZZI \u2022 Servizio per 6 Persone - SERAFINO ZANI - SerafinoZani\" \/>\n<meta property=\"og:description\" content=\"Confezione di posate in acciao 24 pezzi Asso. Servizio da sei posti tavola.Posto tavola composto da coltello, forchetta, cucchiaio e cucchiaino caff\u00e8. Dal design sofisticato e minimale, le posate Asso rispecchiano in pieno la volont\u00e0 di Serafino Zani di unire la funzionalit\u00e0 a una fine ed elegante lavorazione del metallo. Realizzate in acciaio inox 18\/10 di altissima qualit\u00e0, sono sinonimo di igiene e durevolezza nel tempo. Grazie alla classica e impeccabile finitura lucida si adattano magistralmente a tutte le tavole, da quelle contemporanee ed essenziali, a quelle pi\u00f9 ricercate delle grandi occasioni. Posate in Acciaio Inox, finitura lucida. Lavabili in lavastoviglie. Linee perfettamente equilibrate e piacevoli al tatto. Confezione in imballo serigrafato bianco e nero Serafino Zani.\" \/>\n<meta property=\"og:url\" content=\"https:\/\/serafinozani.it\/en\/catalogo\/asso-24-pezzi-servizio-per-6-persone-serafino-zani\/\" \/>\n<meta property=\"og:site_name\" content=\"SerafinoZani\" \/>\n<meta property=\"article:publisher\" content=\"https:\/\/www.facebook.com\/SerafinoZani.Italy\" \/>\n<meta property=\"article:modified_time\" content=\"2023-05-22T21:38:14+00:00\" \/>\n<meta property=\"og:image\" content=\"https:\/\/serafinozani.it\/wp-content\/uploads\/2023\/02\/olimpia_slide_home.jpg\" \/>\n\t<meta property=\"og:image:width\" content=\"2200\" \/>\n\t<meta property=\"og:image:height\" content=\"1459\" \/>\n\t<meta property=\"og:image:type\" content=\"image\/jpeg\" \/>\n<meta name=\"twitter:card\" content=\"summary_large_image\" \/>\n<meta name=\"twitter:label1\" content=\"Est. reading time\" \/>\n\t<meta name=\"twitter:data1\" content=\"1 minute\" \/>\n<script type=\"application\/ld+json\" class=\"yoast-schema-graph\">{\"@context\":\"https:\/\/schema.org\",\"@graph\":[{\"@type\":\"WebPage\",\"@id\":\"https:\/\/serafinozani.it\/en\/catalogo\/asso-24-pezzi-servizio-per-6-persone-serafino-zani\/\",\"url\":\"https:\/\/serafinozani.it\/en\/catalogo\/asso-24-pezzi-servizio-per-6-persone-serafino-zani\/\",\"name\":\"ASSO 24 PEZZI \u2022 Servizio per 6 Persone - SERAFINO ZANI - SerafinoZani\",\"isPartOf\":{\"@id\":\"https:\/\/serafinozani.it\/en\/#website\"},\"datePublished\":\"2023-04-17T21:21:32+00:00\",\"dateModified\":\"2023-05-22T21:38:14+00:00\",\"breadcrumb\":{\"@id\":\"https:\/\/serafinozani.it\/en\/catalogo\/asso-24-pezzi-servizio-per-6-persone-serafino-zani\/#breadcrumb\"},\"inLanguage\":\"en-US\",\"potentialAction\":[{\"@type\":\"ReadAction\",\"target\":[\"https:\/\/serafinozani.it\/en\/catalogo\/asso-24-pezzi-servizio-per-6-persone-serafino-zani\/\"]}]},{\"@type\":\"BreadcrumbList\",\"@id\":\"https:\/\/serafinozani.it\/en\/catalogo\/asso-24-pezzi-servizio-per-6-persone-serafino-zani\/#breadcrumb\",\"itemListElement\":[{\"@type\":\"ListItem\",\"position\":1,\"name\":\"Home\",\"item\":\"https:\/\/serafinozani.it\/shop\/\"},{\"@type\":\"ListItem\",\"position\":2,\"name\":\"ASSO 24 PEZZI \u2022 Servizio per 6 Persone &#8211; SERAFINO ZANI\"}]},{\"@type\":\"WebSite\",\"@id\":\"https:\/\/serafinozani.it\/en\/#website\",\"url\":\"https:\/\/serafinozani.it\/en\/\",\"name\":\"SerafinoZani\",\"description\":\"Le pentole fabbricate in Italia\",\"publisher\":{\"@id\":\"https:\/\/serafinozani.it\/en\/#organization\"},\"alternateName\":\"Le pentole fabbricate in Italia\",\"potentialAction\":[{\"@type\":\"SearchAction\",\"target\":{\"@type\":\"EntryPoint\",\"urlTemplate\":\"https:\/\/serafinozani.it\/en\/?s={search_term_string}\"},\"query-input\":{\"@type\":\"PropertyValueSpecification\",\"valueRequired\":true,\"valueName\":\"search_term_string\"}}],\"inLanguage\":\"en-US\"},{\"@type\":\"Organization\",\"@id\":\"https:\/\/serafinozani.it\/en\/#organization\",\"name\":\"SerafinoZani\",\"url\":\"https:\/\/serafinozani.it\/en\/\",\"logo\":{\"@type\":\"ImageObject\",\"inLanguage\":\"en-US\",\"@id\":\"https:\/\/serafinozani.it\/en\/#\/schema\/logo\/image\/\",\"url\":\"https:\/\/serafinozani.it\/wp-content\/uploads\/2021\/03\/KA7VMPE20A.jpg\",\"contentUrl\":\"https:\/\/serafinozani.it\/wp-content\/uploads\/2021\/03\/KA7VMPE20A.jpg\",\"width\":1,\"height\":1,\"caption\":\"SerafinoZani\"},\"image\":{\"@id\":\"https:\/\/serafinozani.it\/en\/#\/schema\/logo\/image\/\"},\"sameAs\":[\"https:\/\/www.facebook.com\/SerafinoZani.Italy\"]}]}<\/script>\n<!-- \/ Yoast SEO plugin. -->","yoast_head_json":{"title":"ASSO 24 PEZZI \u2022 Servizio per 6 Persone - SERAFINO ZANI - SerafinoZani","robots":{"index":"index","follow":"follow","max-snippet":"max-snippet:-1","max-image-preview":"max-image-preview:large","max-video-preview":"max-video-preview:-1"},"canonical":"https:\/\/serafinozani.it\/en\/catalogo\/asso-24-pezzi-servizio-per-6-persone-serafino-zani\/","og_locale":"en_US","og_type":"article","og_title":"ASSO 24 PEZZI \u2022 Servizio per 6 Persone - SERAFINO ZANI - SerafinoZani","og_description":"Confezione di posate in acciao 24 pezzi Asso. Servizio da sei posti tavola.Posto tavola composto da coltello, forchetta, cucchiaio e cucchiaino caff\u00e8. Dal design sofisticato e minimale, le posate Asso rispecchiano in pieno la volont\u00e0 di Serafino Zani di unire la funzionalit\u00e0 a una fine ed elegante lavorazione del metallo. Realizzate in acciaio inox 18\/10 di altissima qualit\u00e0, sono sinonimo di igiene e durevolezza nel tempo. Grazie alla classica e impeccabile finitura lucida si adattano magistralmente a tutte le tavole, da quelle contemporanee ed essenziali, a quelle pi\u00f9 ricercate delle grandi occasioni. Posate in Acciaio Inox, finitura lucida. Lavabili in lavastoviglie. Linee perfettamente equilibrate e piacevoli al tatto. Confezione in imballo serigrafato bianco e nero Serafino Zani.","og_url":"https:\/\/serafinozani.it\/en\/catalogo\/asso-24-pezzi-servizio-per-6-persone-serafino-zani\/","og_site_name":"SerafinoZani","article_publisher":"https:\/\/www.facebook.com\/SerafinoZani.Italy","article_modified_time":"2023-05-22T21:38:14+00:00","og_image":[{"width":2200,"height":1459,"url":"https:\/\/serafinozani.it\/wp-content\/uploads\/2023\/02\/olimpia_slide_home.jpg","type":"image\/jpeg"}],"twitter_card":"summary_large_image","twitter_misc":{"Est. reading time":"1 minute"},"schema":{"@context":"https:\/\/schema.org","@graph":[{"@type":"WebPage","@id":"https:\/\/serafinozani.it\/en\/catalogo\/asso-24-pezzi-servizio-per-6-persone-serafino-zani\/","url":"https:\/\/serafinozani.it\/en\/catalogo\/asso-24-pezzi-servizio-per-6-persone-serafino-zani\/","name":"ASSO 24 PEZZI \u2022 Servizio per 6 Persone - SERAFINO ZANI - SerafinoZani","isPartOf":{"@id":"https:\/\/serafinozani.it\/en\/#website"},"datePublished":"2023-04-17T21:21:32+00:00","dateModified":"2023-05-22T21:38:14+00:00","breadcrumb":{"@id":"https:\/\/serafinozani.it\/en\/catalogo\/asso-24-pezzi-servizio-per-6-persone-serafino-zani\/#breadcrumb"},"inLanguage":"en-US","potentialAction":[{"@type":"ReadAction","target":["https:\/\/serafinozani.it\/en\/catalogo\/asso-24-pezzi-servizio-per-6-persone-serafino-zani\/"]}]},{"@type":"BreadcrumbList","@id":"https:\/\/serafinozani.it\/en\/catalogo\/asso-24-pezzi-servizio-per-6-persone-serafino-zani\/#breadcrumb","itemListElement":[{"@type":"ListItem","position":1,"name":"Home","item":"https:\/\/serafinozani.it\/shop\/"},{"@type":"ListItem","position":2,"name":"ASSO 24 PEZZI \u2022 Servizio per 6 Persone &#8211; SERAFINO ZANI"}]},{"@type":"WebSite","@id":"https:\/\/serafinozani.it\/en\/#website","url":"https:\/\/serafinozani.it\/en\/","name":"SerafinoZani","description":"Le pentole fabbricate in Italia","publisher":{"@id":"https:\/\/serafinozani.it\/en\/#organization"},"alternateName":"Le pentole fabbricate in Italia","potentialAction":[{"@type":"SearchAction","target":{"@type":"EntryPoint","urlTemplate":"https:\/\/serafinozani.it\/en\/?s={search_term_string}"},"query-input":{"@type":"PropertyValueSpecification","valueRequired":true,"valueName":"search_term_string"}}],"inLanguage":"en-US"},{"@type":"Organization","@id":"https:\/\/serafinozani.it\/en\/#organization","name":"SerafinoZani","url":"https:\/\/serafinozani.it\/en\/","logo":{"@type":"ImageObject","inLanguage":"en-US","@id":"https:\/\/serafinozani.it\/en\/#\/schema\/logo\/image\/","url":"https:\/\/serafinozani.it\/wp-content\/uploads\/2021\/03\/KA7VMPE20A.jpg","contentUrl":"https:\/\/serafinozani.it\/wp-content\/uploads\/2021\/03\/KA7VMPE20A.jpg","width":1,"height":1,"caption":"SerafinoZani"},"image":{"@id":"https:\/\/serafinozani.it\/en\/#\/schema\/logo\/image\/"},"sameAs":["https:\/\/www.facebook.com\/SerafinoZani.Italy"]}]}},"_links":{"self":[{"href":"https:\/\/serafinozani.it\/en\/wp-json\/wp\/v2\/product\/18886","targetHints":{"allow":["GET"]}}],"collection":[{"href":"https:\/\/serafinozani.it\/en\/wp-json\/wp\/v2\/product"}],"about":[{"href":"https:\/\/serafinozani.it\/en\/wp-json\/wp\/v2\/types\/product"}],"wp:attachment":[{"href":"https:\/\/serafinozani.it\/en\/wp-json\/wp\/v2\/media?parent=18886"}],"wp:term":[{"taxonomy":"product_cat","embeddable":true,"href":"https:\/\/serafinozani.it\/en\/wp-json\/wp\/v2\/product_cat?post=18886"},{"taxonomy":"product_tag","embeddable":true,"href":"https:\/\/serafinozani.it\/en\/wp-json\/wp\/v2\/product_tag?post=18886"}],"curies":[{"name":"wp","href":"https:\/\/api.w.org\/{rel}","templated":true}]}}