{"id":18745,"date":"2023-04-17T23:04:12","date_gmt":"2023-04-17T21:04:12","guid":{"rendered":"https:\/\/serafinozani.it\/?post_type=product&#038;p=18745"},"modified":"2023-05-25T11:32:59","modified_gmt":"2023-05-25T09:32:59","slug":"karen-tegame-o-18-cm-con-coperchio-serafino-zani","status":"publish","type":"product","link":"https:\/\/serafinozani.it\/en\/catalogo\/karen-tegame-o-18-cm-con-coperchio-serafino-zani\/","title":{"rendered":"KAREN \u2022 Tegame \u00f8 18 cm con Coperchio &#8211; SERAFINO ZANI"},"content":{"rendered":"<p>Amore per le cose fatte bene, attenzione al rapporto fra bellezza e funzionalit\u00e0 dell\u2019oggetto, ricerca di un design innovativo e originale: questo si percepisce nel cucinare con una pentola fabbricata in Italia da Serafino Zani.<br \/>\nSerafino Zani fabbrica ancora le sue pentole nell\u2019azienda di Lumezzane, a Brescia, utilizzando esclusivamente acciaio inox di alta qualit\u00e0 (inox 18\/10). Questo materiale \u00e8 l\u2019unico che garantisce massima igiene a contatto con gli alimenti, durata quasi eterna ed estrema facilit\u00e0 di pulizia e manutenzione.<br \/>\nL\u2019acciaio \u00e8 utilizzato in tutti i componenti e dettagli, ed \u00e8 sempre applicato in spessori generosi che garantiscono una ottima distribuzione del calore e l\u2019indeformabilit\u00e0 nel tempo. Tutti i pezzi da fuoco in acciaio sono dotati di uno speciale fondo termodiffusore brevettato da Tarcisio Zani &#8211; USA patent 4204607 \u2013 composto da un\u2019anima di alluminio puro \u2018imprigionata\u2019 dentro un doppio fondo in acciaio inox. L\u2019impiego di questo fondo permette una ottimale distribuzione del calore sul corpo della pentola con un minimo dispendio di energia, e la possibilit\u00e0 di utilizzare gli utensili su gas, piastra elettrica, vetroceramica e induzione.<br \/>\nTutte le manicature sono progettate in modo da rallentare la trasmissione del calore, prestando attenzione ai materiali, alle forme, alle superfici di contatto con il corpo della pentola.<br \/>\nIl coperchio alloggia in una coniatura che gli impedisce di saltare durante la cottura dei cibi, e di far uscire il vapore disperdendo inutilmente calore.<br \/>\nLa filosofia di progetto di Serafino Zani si fonda, da sempre, sulla ricerca estetico-tecnologica e sul soddisfacimento massimo dell\u2019utente finale, tramite la realizzazione di oggetti di uso quotidiano che siano di alta qualit\u00e0, piacevoli da usare e che non creino disagi e difficolt\u00e0 di manutenzione. Le pentole prodotte da Serafino Zani sono cos\u00ec oggetti di alto design, con elevati spessori (sinonimo di resistenza e durata), di ottime e accurate finiture, che consentono facilit\u00e0 d\u2019impiego e pulizia.<\/p>\n<p>&nbsp;<\/p>\n<p><b>La confezione include<\/b><br \/>\n1 Tegame diametro 18 cm, 1 coperchio \u00f8 18 cm<\/p>\n","protected":false},"excerpt":{"rendered":"<p>Tegamino diametro 18 cm Karen, completa di coperchio. Stile essenziale dal design classico adatto a tutte le case, Karen \u00e8 sinonimo di praticit\u00e0 in cucina. Perfetta per l\u2019uso su tutti i piani di cottura a induzione, gas, piastre elettriche e vetroceramica. Realizzata in acciaio inox 18\/10 ad alto spessore, lucidata a specchio esternamente e satinata internamente per una pulizia quotidiana facilitata, Karen ha tutte le caratteristiche tipiche della produzione Serafino Zani: utilizzo di materiali di alta qualita\u0300 e di forte spessore, grande attenzione ai particolari e alle finiture, dotazione del fondo termo-diffusore brevettato Zani, garanzia di una omogenea e ottimale trasmissione del calore e di una conseguente riduzione dei consumi.<br \/>\nLa forma cilindrica a del corpo e quella delle maniglie, perfettamente perpendicolare ad esso, fanno in modo che le pentole di questa linea possano essere impilate l\u2019una dentro l\u2019altra, risparmiando cos\u00ec dello spazio prezioso. La linea piacevole e l\u2019accurata lucidatura accompagnano e sottolineano, tra gli altri, alcuni elementi caratterizzanti la linea Karen: i singolarissimi manici delle pentole e dei coperchi concepiti in modo da appoggiare con sicurezza le pentole in tavola, reggere i coperchi e prestarsi ad ogni altro uso che esigenza ed inventiva del momento possano suggerire all\u2019utilizzatore accorto.<br \/>\nSe pentole, casseruole e tegami sono impilabili, per un miglior utilizzo dello spazio, il coperchio Karen pu\u00f2 essere infatti utilizzato come sottopentola o pu\u00f2 essere agganciato alla maniglia, cos\u00ec da poterlo poggiare durante l\u2019utilizzo. La particolare forma della maniglia, permette poi di reggere una casseruola, un tegame o una pentola Karen con l\u2019uso di una sola mano.<br \/>\nOltre ad essere una serie ricca di oggetti, Karen rappresenta un vero e proprio sistema di cottura dietetico completo. Diversi pezzi nei loro vari tipi (diametri, capienze, unititi agli accessori coordinati tra loro) consentono di soddisfar ogni esigenza in cucina, fino al trattamento contemporaneo di pi\u00f9 vivande con diversi metodi di cottura, risparmiando energia, conservando nello stesso tempo le vitamine e, vantaggio non ultimo, rispettando i singoli sapori. Karen: bellezza e funzionalit\u00e0 in casa.<\/p>\n","protected":false},"featured_media":5199,"template":"","meta":[],"product_cat":[71,462,602],"product_tag":[666,655],"class_list":["post-18745","product","type-product","status-publish","has-post-thumbnail","hentry","product_cat-pentole","product_cat-karen-pentole","product_cat-serafino-zani","product_tag-serafino-zanikitchenwarekarensteel","product_tag-acciaio","pa_designer-tarcisio-zani","pa_linea-karen","pa_materiale-acciaio-inox-18-10"],"yoast_head":"<!-- This site is optimized with the Yoast SEO plugin v26.3 - https:\/\/yoast.com\/wordpress\/plugins\/seo\/ -->\n<title>KAREN \u2022 Tegame \u00f8 18 cm con Coperchio - SERAFINO ZANI - SerafinoZani<\/title>\n<meta name=\"robots\" content=\"index, follow, max-snippet:-1, max-image-preview:large, max-video-preview:-1\" \/>\n<link rel=\"canonical\" href=\"https:\/\/serafinozani.it\/en\/catalogo\/karen-tegame-o-18-cm-con-coperchio-serafino-zani\/\" \/>\n<meta property=\"og:locale\" content=\"en_US\" \/>\n<meta property=\"og:type\" content=\"article\" \/>\n<meta property=\"og:title\" content=\"KAREN \u2022 Tegame \u00f8 18 cm con Coperchio - SERAFINO ZANI - SerafinoZani\" \/>\n<meta property=\"og:description\" content=\"Tegamino diametro 18 cm Karen, completa di coperchio. Stile essenziale dal design classico adatto a tutte le case, Karen \u00e8 sinonimo di praticit\u00e0 in cucina. Perfetta per l\u2019uso su tutti i piani di cottura a induzione, gas, piastre elettriche e vetroceramica. Realizzata in acciaio inox 18\/10 ad alto spessore, lucidata a specchio esternamente e satinata internamente per una pulizia quotidiana facilitata, Karen ha tutte le caratteristiche tipiche della produzione Serafino Zani: utilizzo di materiali di alta qualita\u0300 e di forte spessore, grande attenzione ai particolari e alle finiture, dotazione del fondo termo-diffusore brevettato Zani, garanzia di una omogenea e ottimale trasmissione del calore e di una conseguente riduzione dei consumi. La forma cilindrica a del corpo e quella delle maniglie, perfettamente perpendicolare ad esso, fanno in modo che le pentole di questa linea possano essere impilate l\u2019una dentro l\u2019altra, risparmiando cos\u00ec dello spazio prezioso. La linea piacevole e l\u2019accurata lucidatura accompagnano e sottolineano, tra gli altri, alcuni elementi caratterizzanti la linea Karen: i singolarissimi manici delle pentole e dei coperchi concepiti in modo da appoggiare con sicurezza le pentole in tavola, reggere i coperchi e prestarsi ad ogni altro uso che esigenza ed inventiva del momento possano suggerire all\u2019utilizzatore accorto. Se pentole, casseruole e tegami sono impilabili, per un miglior utilizzo dello spazio, il coperchio Karen pu\u00f2 essere infatti utilizzato come sottopentola o pu\u00f2 essere agganciato alla maniglia, cos\u00ec da poterlo poggiare durante l\u2019utilizzo. La particolare forma della maniglia, permette poi di reggere una casseruola, un tegame o una pentola Karen con l\u2019uso di una sola mano. Oltre ad essere una serie ricca di oggetti, Karen rappresenta un vero e proprio sistema di cottura dietetico completo. Diversi pezzi nei loro vari tipi (diametri, capienze, unititi agli accessori coordinati tra loro) consentono di soddisfar ogni esigenza in cucina, fino al trattamento contemporaneo di pi\u00f9 vivande con diversi metodi di cottura, risparmiando energia, conservando nello stesso tempo le vitamine e, vantaggio non ultimo, rispettando i singoli sapori. Karen: bellezza e funzionalit\u00e0 in casa.\" \/>\n<meta property=\"og:url\" content=\"https:\/\/serafinozani.it\/en\/catalogo\/karen-tegame-o-18-cm-con-coperchio-serafino-zani\/\" \/>\n<meta property=\"og:site_name\" content=\"SerafinoZani\" \/>\n<meta property=\"article:publisher\" content=\"https:\/\/www.facebook.com\/SerafinoZani.Italy\" \/>\n<meta property=\"article:modified_time\" content=\"2023-05-25T09:32:59+00:00\" \/>\n<meta property=\"og:image\" content=\"https:\/\/serafinozani.it\/wp-content\/uploads\/2021\/03\/KA3TE16.jpg\" \/>\n\t<meta property=\"og:image:width\" content=\"1200\" \/>\n\t<meta property=\"og:image:height\" content=\"1200\" \/>\n\t<meta property=\"og:image:type\" content=\"image\/jpeg\" \/>\n<meta name=\"twitter:card\" content=\"summary_large_image\" \/>\n<meta name=\"twitter:label1\" content=\"Est. reading time\" \/>\n\t<meta name=\"twitter:data1\" content=\"2 minutes\" \/>\n<script type=\"application\/ld+json\" class=\"yoast-schema-graph\">{\"@context\":\"https:\/\/schema.org\",\"@graph\":[{\"@type\":\"WebPage\",\"@id\":\"https:\/\/serafinozani.it\/en\/catalogo\/karen-tegame-o-18-cm-con-coperchio-serafino-zani\/\",\"url\":\"https:\/\/serafinozani.it\/en\/catalogo\/karen-tegame-o-18-cm-con-coperchio-serafino-zani\/\",\"name\":\"KAREN \u2022 Tegame \u00f8 18 cm con Coperchio - SERAFINO ZANI - SerafinoZani\",\"isPartOf\":{\"@id\":\"https:\/\/serafinozani.it\/en\/#website\"},\"primaryImageOfPage\":{\"@id\":\"https:\/\/serafinozani.it\/en\/catalogo\/karen-tegame-o-18-cm-con-coperchio-serafino-zani\/#primaryimage\"},\"image\":{\"@id\":\"https:\/\/serafinozani.it\/en\/catalogo\/karen-tegame-o-18-cm-con-coperchio-serafino-zani\/#primaryimage\"},\"thumbnailUrl\":\"https:\/\/serafinozani.it\/wp-content\/uploads\/2021\/03\/KA3TE16.jpg\",\"datePublished\":\"2023-04-17T21:04:12+00:00\",\"dateModified\":\"2023-05-25T09:32:59+00:00\",\"breadcrumb\":{\"@id\":\"https:\/\/serafinozani.it\/en\/catalogo\/karen-tegame-o-18-cm-con-coperchio-serafino-zani\/#breadcrumb\"},\"inLanguage\":\"en-US\",\"potentialAction\":[{\"@type\":\"ReadAction\",\"target\":[\"https:\/\/serafinozani.it\/en\/catalogo\/karen-tegame-o-18-cm-con-coperchio-serafino-zani\/\"]}]},{\"@type\":\"ImageObject\",\"inLanguage\":\"en-US\",\"@id\":\"https:\/\/serafinozani.it\/en\/catalogo\/karen-tegame-o-18-cm-con-coperchio-serafino-zani\/#primaryimage\",\"url\":\"https:\/\/serafinozani.it\/wp-content\/uploads\/2021\/03\/KA3TE16.jpg\",\"contentUrl\":\"https:\/\/serafinozani.it\/wp-content\/uploads\/2021\/03\/KA3TE16.jpg\",\"width\":1200,\"height\":1200,\"caption\":\"Karen - Tegame \/ Casseruola bassa\"},{\"@type\":\"BreadcrumbList\",\"@id\":\"https:\/\/serafinozani.it\/en\/catalogo\/karen-tegame-o-18-cm-con-coperchio-serafino-zani\/#breadcrumb\",\"itemListElement\":[{\"@type\":\"ListItem\",\"position\":1,\"name\":\"Home\",\"item\":\"https:\/\/serafinozani.it\/shop\/\"},{\"@type\":\"ListItem\",\"position\":2,\"name\":\"KAREN \u2022 Tegame \u00f8 18 cm con Coperchio &#8211; SERAFINO ZANI\"}]},{\"@type\":\"WebSite\",\"@id\":\"https:\/\/serafinozani.it\/en\/#website\",\"url\":\"https:\/\/serafinozani.it\/en\/\",\"name\":\"SerafinoZani\",\"description\":\"Le pentole fabbricate in Italia\",\"publisher\":{\"@id\":\"https:\/\/serafinozani.it\/en\/#organization\"},\"alternateName\":\"Le pentole fabbricate in Italia\",\"potentialAction\":[{\"@type\":\"SearchAction\",\"target\":{\"@type\":\"EntryPoint\",\"urlTemplate\":\"https:\/\/serafinozani.it\/en\/?s={search_term_string}\"},\"query-input\":{\"@type\":\"PropertyValueSpecification\",\"valueRequired\":true,\"valueName\":\"search_term_string\"}}],\"inLanguage\":\"en-US\"},{\"@type\":\"Organization\",\"@id\":\"https:\/\/serafinozani.it\/en\/#organization\",\"name\":\"SerafinoZani\",\"url\":\"https:\/\/serafinozani.it\/en\/\",\"logo\":{\"@type\":\"ImageObject\",\"inLanguage\":\"en-US\",\"@id\":\"https:\/\/serafinozani.it\/en\/#\/schema\/logo\/image\/\",\"url\":\"https:\/\/serafinozani.it\/wp-content\/uploads\/2021\/03\/KA7VMPE20A.jpg\",\"contentUrl\":\"https:\/\/serafinozani.it\/wp-content\/uploads\/2021\/03\/KA7VMPE20A.jpg\",\"width\":1,\"height\":1,\"caption\":\"SerafinoZani\"},\"image\":{\"@id\":\"https:\/\/serafinozani.it\/en\/#\/schema\/logo\/image\/\"},\"sameAs\":[\"https:\/\/www.facebook.com\/SerafinoZani.Italy\"]}]}<\/script>\n<!-- \/ Yoast SEO plugin. -->","yoast_head_json":{"title":"KAREN \u2022 Tegame \u00f8 18 cm con Coperchio - SERAFINO ZANI - SerafinoZani","robots":{"index":"index","follow":"follow","max-snippet":"max-snippet:-1","max-image-preview":"max-image-preview:large","max-video-preview":"max-video-preview:-1"},"canonical":"https:\/\/serafinozani.it\/en\/catalogo\/karen-tegame-o-18-cm-con-coperchio-serafino-zani\/","og_locale":"en_US","og_type":"article","og_title":"KAREN \u2022 Tegame \u00f8 18 cm con Coperchio - SERAFINO ZANI - SerafinoZani","og_description":"Tegamino diametro 18 cm Karen, completa di coperchio. Stile essenziale dal design classico adatto a tutte le case, Karen \u00e8 sinonimo di praticit\u00e0 in cucina. Perfetta per l\u2019uso su tutti i piani di cottura a induzione, gas, piastre elettriche e vetroceramica. Realizzata in acciaio inox 18\/10 ad alto spessore, lucidata a specchio esternamente e satinata internamente per una pulizia quotidiana facilitata, Karen ha tutte le caratteristiche tipiche della produzione Serafino Zani: utilizzo di materiali di alta qualita\u0300 e di forte spessore, grande attenzione ai particolari e alle finiture, dotazione del fondo termo-diffusore brevettato Zani, garanzia di una omogenea e ottimale trasmissione del calore e di una conseguente riduzione dei consumi. La forma cilindrica a del corpo e quella delle maniglie, perfettamente perpendicolare ad esso, fanno in modo che le pentole di questa linea possano essere impilate l\u2019una dentro l\u2019altra, risparmiando cos\u00ec dello spazio prezioso. La linea piacevole e l\u2019accurata lucidatura accompagnano e sottolineano, tra gli altri, alcuni elementi caratterizzanti la linea Karen: i singolarissimi manici delle pentole e dei coperchi concepiti in modo da appoggiare con sicurezza le pentole in tavola, reggere i coperchi e prestarsi ad ogni altro uso che esigenza ed inventiva del momento possano suggerire all\u2019utilizzatore accorto. Se pentole, casseruole e tegami sono impilabili, per un miglior utilizzo dello spazio, il coperchio Karen pu\u00f2 essere infatti utilizzato come sottopentola o pu\u00f2 essere agganciato alla maniglia, cos\u00ec da poterlo poggiare durante l\u2019utilizzo. La particolare forma della maniglia, permette poi di reggere una casseruola, un tegame o una pentola Karen con l\u2019uso di una sola mano. Oltre ad essere una serie ricca di oggetti, Karen rappresenta un vero e proprio sistema di cottura dietetico completo. Diversi pezzi nei loro vari tipi (diametri, capienze, unititi agli accessori coordinati tra loro) consentono di soddisfar ogni esigenza in cucina, fino al trattamento contemporaneo di pi\u00f9 vivande con diversi metodi di cottura, risparmiando energia, conservando nello stesso tempo le vitamine e, vantaggio non ultimo, rispettando i singoli sapori. Karen: bellezza e funzionalit\u00e0 in casa.","og_url":"https:\/\/serafinozani.it\/en\/catalogo\/karen-tegame-o-18-cm-con-coperchio-serafino-zani\/","og_site_name":"SerafinoZani","article_publisher":"https:\/\/www.facebook.com\/SerafinoZani.Italy","article_modified_time":"2023-05-25T09:32:59+00:00","og_image":[{"width":1200,"height":1200,"url":"https:\/\/serafinozani.it\/wp-content\/uploads\/2021\/03\/KA3TE16.jpg","type":"image\/jpeg"}],"twitter_card":"summary_large_image","twitter_misc":{"Est. reading time":"2 minutes"},"schema":{"@context":"https:\/\/schema.org","@graph":[{"@type":"WebPage","@id":"https:\/\/serafinozani.it\/en\/catalogo\/karen-tegame-o-18-cm-con-coperchio-serafino-zani\/","url":"https:\/\/serafinozani.it\/en\/catalogo\/karen-tegame-o-18-cm-con-coperchio-serafino-zani\/","name":"KAREN \u2022 Tegame \u00f8 18 cm con Coperchio - SERAFINO ZANI - SerafinoZani","isPartOf":{"@id":"https:\/\/serafinozani.it\/en\/#website"},"primaryImageOfPage":{"@id":"https:\/\/serafinozani.it\/en\/catalogo\/karen-tegame-o-18-cm-con-coperchio-serafino-zani\/#primaryimage"},"image":{"@id":"https:\/\/serafinozani.it\/en\/catalogo\/karen-tegame-o-18-cm-con-coperchio-serafino-zani\/#primaryimage"},"thumbnailUrl":"https:\/\/serafinozani.it\/wp-content\/uploads\/2021\/03\/KA3TE16.jpg","datePublished":"2023-04-17T21:04:12+00:00","dateModified":"2023-05-25T09:32:59+00:00","breadcrumb":{"@id":"https:\/\/serafinozani.it\/en\/catalogo\/karen-tegame-o-18-cm-con-coperchio-serafino-zani\/#breadcrumb"},"inLanguage":"en-US","potentialAction":[{"@type":"ReadAction","target":["https:\/\/serafinozani.it\/en\/catalogo\/karen-tegame-o-18-cm-con-coperchio-serafino-zani\/"]}]},{"@type":"ImageObject","inLanguage":"en-US","@id":"https:\/\/serafinozani.it\/en\/catalogo\/karen-tegame-o-18-cm-con-coperchio-serafino-zani\/#primaryimage","url":"https:\/\/serafinozani.it\/wp-content\/uploads\/2021\/03\/KA3TE16.jpg","contentUrl":"https:\/\/serafinozani.it\/wp-content\/uploads\/2021\/03\/KA3TE16.jpg","width":1200,"height":1200,"caption":"Karen - Tegame \/ Casseruola bassa"},{"@type":"BreadcrumbList","@id":"https:\/\/serafinozani.it\/en\/catalogo\/karen-tegame-o-18-cm-con-coperchio-serafino-zani\/#breadcrumb","itemListElement":[{"@type":"ListItem","position":1,"name":"Home","item":"https:\/\/serafinozani.it\/shop\/"},{"@type":"ListItem","position":2,"name":"KAREN \u2022 Tegame \u00f8 18 cm con Coperchio &#8211; SERAFINO ZANI"}]},{"@type":"WebSite","@id":"https:\/\/serafinozani.it\/en\/#website","url":"https:\/\/serafinozani.it\/en\/","name":"SerafinoZani","description":"Le pentole fabbricate in Italia","publisher":{"@id":"https:\/\/serafinozani.it\/en\/#organization"},"alternateName":"Le pentole fabbricate in Italia","potentialAction":[{"@type":"SearchAction","target":{"@type":"EntryPoint","urlTemplate":"https:\/\/serafinozani.it\/en\/?s={search_term_string}"},"query-input":{"@type":"PropertyValueSpecification","valueRequired":true,"valueName":"search_term_string"}}],"inLanguage":"en-US"},{"@type":"Organization","@id":"https:\/\/serafinozani.it\/en\/#organization","name":"SerafinoZani","url":"https:\/\/serafinozani.it\/en\/","logo":{"@type":"ImageObject","inLanguage":"en-US","@id":"https:\/\/serafinozani.it\/en\/#\/schema\/logo\/image\/","url":"https:\/\/serafinozani.it\/wp-content\/uploads\/2021\/03\/KA7VMPE20A.jpg","contentUrl":"https:\/\/serafinozani.it\/wp-content\/uploads\/2021\/03\/KA7VMPE20A.jpg","width":1,"height":1,"caption":"SerafinoZani"},"image":{"@id":"https:\/\/serafinozani.it\/en\/#\/schema\/logo\/image\/"},"sameAs":["https:\/\/www.facebook.com\/SerafinoZani.Italy"]}]}},"_links":{"self":[{"href":"https:\/\/serafinozani.it\/en\/wp-json\/wp\/v2\/product\/18745","targetHints":{"allow":["GET"]}}],"collection":[{"href":"https:\/\/serafinozani.it\/en\/wp-json\/wp\/v2\/product"}],"about":[{"href":"https:\/\/serafinozani.it\/en\/wp-json\/wp\/v2\/types\/product"}],"wp:featuredmedia":[{"embeddable":true,"href":"https:\/\/serafinozani.it\/en\/wp-json\/wp\/v2\/media\/5199"}],"wp:attachment":[{"href":"https:\/\/serafinozani.it\/en\/wp-json\/wp\/v2\/media?parent=18745"}],"wp:term":[{"taxonomy":"product_cat","embeddable":true,"href":"https:\/\/serafinozani.it\/en\/wp-json\/wp\/v2\/product_cat?post=18745"},{"taxonomy":"product_tag","embeddable":true,"href":"https:\/\/serafinozani.it\/en\/wp-json\/wp\/v2\/product_tag?post=18745"}],"curies":[{"name":"wp","href":"https:\/\/api.w.org\/{rel}","templated":true}]}}