{"id":18583,"date":"2023-04-18T00:17:47","date_gmt":"2023-04-17T22:17:47","guid":{"rendered":"https:\/\/serafinozani.it\/?post_type=product&#038;p=18583"},"modified":"2023-05-23T01:07:15","modified_gmt":"2023-05-22T23:07:15","slug":"nivis-tegame-o-32-cm-serafino-zani","status":"publish","type":"product","link":"https:\/\/serafinozani.it\/en\/catalogo\/nivis-tegame-o-32-cm-serafino-zani\/","title":{"rendered":"NIVIS \u2022 TEGAME \u00f8 32 cm &#8211; SERAFINO ZANI"},"content":{"rendered":"<p>Linea cookware Nivis. Rimanda alla tradizione francese questa linea di pentole Masterpro in alluminio pressofuso capace di portare un sapore di autenticit\u00e0 ad ogni pasto e a ogni tavola. Per cucinare il meglio ovunque sia la vostra cucina.<\/p>\n<p><b>I prodotti di cottura possono andare in lavastoviglie. \u00c8 consigliabile comunque il lavaggio a mano per prolungare la vita media del prodotto.<\/b><\/p>\n<p><b>La confezione include<\/b><br \/>\n1 tegame \u00f8 32 cm, 1 coperchio<\/p>\n","protected":false},"excerpt":{"rendered":"<p>Tegame diametro 32 cm, con coperchio. Altezza 7,2 cm. Capacit\u00e0 5,5 litri. Il tegame con coperchio NIVIS di Serafino Zani \u00e8 sicuramente lo strumento ideale per innumerevoli preparazioni. Tuttavia, \u00e8 nella preparazione degli stufati, stracotti, spezzatini e brasati di carne della tradizione italiana che regala il meglio di s\u00e9. O delle zuppe di pesce, come i brodetti o la bouillabaisse, che diventano pi\u00f9 gustosi e succulenti grazie alla lenta cottura, alla diffusione uniforme del calore. Realizzato in alluminio pressofuso, lo speciale rivestimento interno antiaderente MARBLE  garantisce una resistenza impareggiabile da graffi e usura. Grazie al rivestimento esterno in lacca base acqua nell\u2019elegante colore bianco e al pomolo effetto oro satinato, il tegame NIVIS fa bella mostra di s\u00e9 anche a tavola.<br \/>\nLo speciale Fondo \u201cDot Induction\u201d consente di cucinare risparmiando energia e senza il rischio di bruciature dei cibi. Il tegame NIVIS \u00e8 nato per l\u2019induzione, ma \u00e8 adatto anche a tutti gli altri piani cottura.<\/p>\n","protected":false},"featured_media":18584,"template":"","meta":[],"product_cat":[400,761,602],"product_tag":[763,764,776,777,713,778,780],"class_list":["post-18583","product","type-product","status-publish","has-post-thumbnail","hentry","product_cat-servire-tavola","product_cat-nivis","product_cat-serafino-zani","product_tag-serafino-zanikitchenwareniviswhite","product_tag-bianco","product_tag-black","product_tag-gold","product_tag-nero","product_tag-oro","product_tag-tegame"],"yoast_head":"<!-- This site is optimized with the Yoast SEO plugin v26.3 - https:\/\/yoast.com\/wordpress\/plugins\/seo\/ -->\n<title>NIVIS \u2022 TEGAME \u00f8 32 cm - SERAFINO ZANI - SerafinoZani<\/title>\n<meta name=\"robots\" content=\"index, follow, max-snippet:-1, max-image-preview:large, max-video-preview:-1\" \/>\n<link rel=\"canonical\" href=\"https:\/\/serafinozani.it\/en\/catalogo\/nivis-tegame-o-32-cm-serafino-zani\/\" \/>\n<meta property=\"og:locale\" content=\"en_US\" \/>\n<meta property=\"og:type\" content=\"article\" \/>\n<meta property=\"og:title\" content=\"NIVIS \u2022 TEGAME \u00f8 32 cm - SERAFINO ZANI - SerafinoZani\" \/>\n<meta property=\"og:description\" content=\"Tegame diametro 32 cm, con coperchio. Altezza 7,2 cm. Capacit\u00e0 5,5 litri. Il tegame con coperchio NIVIS di Serafino Zani \u00e8 sicuramente lo strumento ideale per innumerevoli preparazioni. Tuttavia, \u00e8 nella preparazione degli stufati, stracotti, spezzatini e brasati di carne della tradizione italiana che regala il meglio di s\u00e9. O delle zuppe di pesce, come i brodetti o la bouillabaisse, che diventano pi\u00f9 gustosi e succulenti grazie alla lenta cottura, alla diffusione uniforme del calore. Realizzato in alluminio pressofuso, lo speciale rivestimento interno antiaderente MARBLE garantisce una resistenza impareggiabile da graffi e usura. Grazie al rivestimento esterno in lacca base acqua nell\u2019elegante colore bianco e al pomolo effetto oro satinato, il tegame NIVIS fa bella mostra di s\u00e9 anche a tavola. Lo speciale Fondo \u201cDot Induction\u201d consente di cucinare risparmiando energia e senza il rischio di bruciature dei cibi. Il tegame NIVIS \u00e8 nato per l\u2019induzione, ma \u00e8 adatto anche a tutti gli altri piani cottura.\" \/>\n<meta property=\"og:url\" content=\"https:\/\/serafinozani.it\/en\/catalogo\/nivis-tegame-o-32-cm-serafino-zani\/\" \/>\n<meta property=\"og:site_name\" content=\"SerafinoZani\" \/>\n<meta property=\"article:publisher\" content=\"https:\/\/www.facebook.com\/SerafinoZani.Italy\" \/>\n<meta property=\"article:modified_time\" content=\"2023-05-22T23:07:15+00:00\" \/>\n<meta property=\"og:image\" content=\"https:\/\/serafinozani.it\/wp-content\/uploads\/2023\/05\/2023-02-03-NIVE-2204-IT-TEGAME-32--scaled.jpg\" \/>\n\t<meta property=\"og:image:width\" content=\"2560\" \/>\n\t<meta property=\"og:image:height\" content=\"1707\" \/>\n\t<meta property=\"og:image:type\" content=\"image\/jpeg\" \/>\n<meta name=\"twitter:card\" content=\"summary_large_image\" \/>\n<script type=\"application\/ld+json\" class=\"yoast-schema-graph\">{\"@context\":\"https:\/\/schema.org\",\"@graph\":[{\"@type\":\"WebPage\",\"@id\":\"https:\/\/serafinozani.it\/en\/catalogo\/nivis-tegame-o-32-cm-serafino-zani\/\",\"url\":\"https:\/\/serafinozani.it\/en\/catalogo\/nivis-tegame-o-32-cm-serafino-zani\/\",\"name\":\"NIVIS \u2022 TEGAME \u00f8 32 cm - SERAFINO ZANI - SerafinoZani\",\"isPartOf\":{\"@id\":\"https:\/\/serafinozani.it\/en\/#website\"},\"primaryImageOfPage\":{\"@id\":\"https:\/\/serafinozani.it\/en\/catalogo\/nivis-tegame-o-32-cm-serafino-zani\/#primaryimage\"},\"image\":{\"@id\":\"https:\/\/serafinozani.it\/en\/catalogo\/nivis-tegame-o-32-cm-serafino-zani\/#primaryimage\"},\"thumbnailUrl\":\"https:\/\/serafinozani.it\/wp-content\/uploads\/2023\/05\/2023-02-03-NIVE-2204-IT-TEGAME-32--scaled.jpg\",\"datePublished\":\"2023-04-17T22:17:47+00:00\",\"dateModified\":\"2023-05-22T23:07:15+00:00\",\"breadcrumb\":{\"@id\":\"https:\/\/serafinozani.it\/en\/catalogo\/nivis-tegame-o-32-cm-serafino-zani\/#breadcrumb\"},\"inLanguage\":\"en-US\",\"potentialAction\":[{\"@type\":\"ReadAction\",\"target\":[\"https:\/\/serafinozani.it\/en\/catalogo\/nivis-tegame-o-32-cm-serafino-zani\/\"]}]},{\"@type\":\"ImageObject\",\"inLanguage\":\"en-US\",\"@id\":\"https:\/\/serafinozani.it\/en\/catalogo\/nivis-tegame-o-32-cm-serafino-zani\/#primaryimage\",\"url\":\"https:\/\/serafinozani.it\/wp-content\/uploads\/2023\/05\/2023-02-03-NIVE-2204-IT-TEGAME-32--scaled.jpg\",\"contentUrl\":\"https:\/\/serafinozani.it\/wp-content\/uploads\/2023\/05\/2023-02-03-NIVE-2204-IT-TEGAME-32--scaled.jpg\",\"width\":2560,\"height\":1707},{\"@type\":\"BreadcrumbList\",\"@id\":\"https:\/\/serafinozani.it\/en\/catalogo\/nivis-tegame-o-32-cm-serafino-zani\/#breadcrumb\",\"itemListElement\":[{\"@type\":\"ListItem\",\"position\":1,\"name\":\"Home\",\"item\":\"https:\/\/serafinozani.it\/shop\/\"},{\"@type\":\"ListItem\",\"position\":2,\"name\":\"NIVIS \u2022 TEGAME \u00f8 32 cm &#8211; SERAFINO ZANI\"}]},{\"@type\":\"WebSite\",\"@id\":\"https:\/\/serafinozani.it\/en\/#website\",\"url\":\"https:\/\/serafinozani.it\/en\/\",\"name\":\"SerafinoZani\",\"description\":\"Le pentole fabbricate in Italia\",\"publisher\":{\"@id\":\"https:\/\/serafinozani.it\/en\/#organization\"},\"alternateName\":\"Le pentole fabbricate in Italia\",\"potentialAction\":[{\"@type\":\"SearchAction\",\"target\":{\"@type\":\"EntryPoint\",\"urlTemplate\":\"https:\/\/serafinozani.it\/en\/?s={search_term_string}\"},\"query-input\":{\"@type\":\"PropertyValueSpecification\",\"valueRequired\":true,\"valueName\":\"search_term_string\"}}],\"inLanguage\":\"en-US\"},{\"@type\":\"Organization\",\"@id\":\"https:\/\/serafinozani.it\/en\/#organization\",\"name\":\"SerafinoZani\",\"url\":\"https:\/\/serafinozani.it\/en\/\",\"logo\":{\"@type\":\"ImageObject\",\"inLanguage\":\"en-US\",\"@id\":\"https:\/\/serafinozani.it\/en\/#\/schema\/logo\/image\/\",\"url\":\"https:\/\/serafinozani.it\/wp-content\/uploads\/2021\/03\/KA7VMPE20A.jpg\",\"contentUrl\":\"https:\/\/serafinozani.it\/wp-content\/uploads\/2021\/03\/KA7VMPE20A.jpg\",\"width\":1,\"height\":1,\"caption\":\"SerafinoZani\"},\"image\":{\"@id\":\"https:\/\/serafinozani.it\/en\/#\/schema\/logo\/image\/\"},\"sameAs\":[\"https:\/\/www.facebook.com\/SerafinoZani.Italy\"]}]}<\/script>\n<!-- \/ Yoast SEO plugin. -->","yoast_head_json":{"title":"NIVIS \u2022 TEGAME \u00f8 32 cm - SERAFINO ZANI - SerafinoZani","robots":{"index":"index","follow":"follow","max-snippet":"max-snippet:-1","max-image-preview":"max-image-preview:large","max-video-preview":"max-video-preview:-1"},"canonical":"https:\/\/serafinozani.it\/en\/catalogo\/nivis-tegame-o-32-cm-serafino-zani\/","og_locale":"en_US","og_type":"article","og_title":"NIVIS \u2022 TEGAME \u00f8 32 cm - SERAFINO ZANI - SerafinoZani","og_description":"Tegame diametro 32 cm, con coperchio. Altezza 7,2 cm. Capacit\u00e0 5,5 litri. Il tegame con coperchio NIVIS di Serafino Zani \u00e8 sicuramente lo strumento ideale per innumerevoli preparazioni. Tuttavia, \u00e8 nella preparazione degli stufati, stracotti, spezzatini e brasati di carne della tradizione italiana che regala il meglio di s\u00e9. O delle zuppe di pesce, come i brodetti o la bouillabaisse, che diventano pi\u00f9 gustosi e succulenti grazie alla lenta cottura, alla diffusione uniforme del calore. Realizzato in alluminio pressofuso, lo speciale rivestimento interno antiaderente MARBLE garantisce una resistenza impareggiabile da graffi e usura. Grazie al rivestimento esterno in lacca base acqua nell\u2019elegante colore bianco e al pomolo effetto oro satinato, il tegame NIVIS fa bella mostra di s\u00e9 anche a tavola. Lo speciale Fondo \u201cDot Induction\u201d consente di cucinare risparmiando energia e senza il rischio di bruciature dei cibi. Il tegame NIVIS \u00e8 nato per l\u2019induzione, ma \u00e8 adatto anche a tutti gli altri piani cottura.","og_url":"https:\/\/serafinozani.it\/en\/catalogo\/nivis-tegame-o-32-cm-serafino-zani\/","og_site_name":"SerafinoZani","article_publisher":"https:\/\/www.facebook.com\/SerafinoZani.Italy","article_modified_time":"2023-05-22T23:07:15+00:00","og_image":[{"width":2560,"height":1707,"url":"https:\/\/serafinozani.it\/wp-content\/uploads\/2023\/05\/2023-02-03-NIVE-2204-IT-TEGAME-32--scaled.jpg","type":"image\/jpeg"}],"twitter_card":"summary_large_image","schema":{"@context":"https:\/\/schema.org","@graph":[{"@type":"WebPage","@id":"https:\/\/serafinozani.it\/en\/catalogo\/nivis-tegame-o-32-cm-serafino-zani\/","url":"https:\/\/serafinozani.it\/en\/catalogo\/nivis-tegame-o-32-cm-serafino-zani\/","name":"NIVIS \u2022 TEGAME \u00f8 32 cm - SERAFINO ZANI - SerafinoZani","isPartOf":{"@id":"https:\/\/serafinozani.it\/en\/#website"},"primaryImageOfPage":{"@id":"https:\/\/serafinozani.it\/en\/catalogo\/nivis-tegame-o-32-cm-serafino-zani\/#primaryimage"},"image":{"@id":"https:\/\/serafinozani.it\/en\/catalogo\/nivis-tegame-o-32-cm-serafino-zani\/#primaryimage"},"thumbnailUrl":"https:\/\/serafinozani.it\/wp-content\/uploads\/2023\/05\/2023-02-03-NIVE-2204-IT-TEGAME-32--scaled.jpg","datePublished":"2023-04-17T22:17:47+00:00","dateModified":"2023-05-22T23:07:15+00:00","breadcrumb":{"@id":"https:\/\/serafinozani.it\/en\/catalogo\/nivis-tegame-o-32-cm-serafino-zani\/#breadcrumb"},"inLanguage":"en-US","potentialAction":[{"@type":"ReadAction","target":["https:\/\/serafinozani.it\/en\/catalogo\/nivis-tegame-o-32-cm-serafino-zani\/"]}]},{"@type":"ImageObject","inLanguage":"en-US","@id":"https:\/\/serafinozani.it\/en\/catalogo\/nivis-tegame-o-32-cm-serafino-zani\/#primaryimage","url":"https:\/\/serafinozani.it\/wp-content\/uploads\/2023\/05\/2023-02-03-NIVE-2204-IT-TEGAME-32--scaled.jpg","contentUrl":"https:\/\/serafinozani.it\/wp-content\/uploads\/2023\/05\/2023-02-03-NIVE-2204-IT-TEGAME-32--scaled.jpg","width":2560,"height":1707},{"@type":"BreadcrumbList","@id":"https:\/\/serafinozani.it\/en\/catalogo\/nivis-tegame-o-32-cm-serafino-zani\/#breadcrumb","itemListElement":[{"@type":"ListItem","position":1,"name":"Home","item":"https:\/\/serafinozani.it\/shop\/"},{"@type":"ListItem","position":2,"name":"NIVIS \u2022 TEGAME \u00f8 32 cm &#8211; SERAFINO ZANI"}]},{"@type":"WebSite","@id":"https:\/\/serafinozani.it\/en\/#website","url":"https:\/\/serafinozani.it\/en\/","name":"SerafinoZani","description":"Le pentole fabbricate in Italia","publisher":{"@id":"https:\/\/serafinozani.it\/en\/#organization"},"alternateName":"Le pentole fabbricate in Italia","potentialAction":[{"@type":"SearchAction","target":{"@type":"EntryPoint","urlTemplate":"https:\/\/serafinozani.it\/en\/?s={search_term_string}"},"query-input":{"@type":"PropertyValueSpecification","valueRequired":true,"valueName":"search_term_string"}}],"inLanguage":"en-US"},{"@type":"Organization","@id":"https:\/\/serafinozani.it\/en\/#organization","name":"SerafinoZani","url":"https:\/\/serafinozani.it\/en\/","logo":{"@type":"ImageObject","inLanguage":"en-US","@id":"https:\/\/serafinozani.it\/en\/#\/schema\/logo\/image\/","url":"https:\/\/serafinozani.it\/wp-content\/uploads\/2021\/03\/KA7VMPE20A.jpg","contentUrl":"https:\/\/serafinozani.it\/wp-content\/uploads\/2021\/03\/KA7VMPE20A.jpg","width":1,"height":1,"caption":"SerafinoZani"},"image":{"@id":"https:\/\/serafinozani.it\/en\/#\/schema\/logo\/image\/"},"sameAs":["https:\/\/www.facebook.com\/SerafinoZani.Italy"]}]}},"_links":{"self":[{"href":"https:\/\/serafinozani.it\/en\/wp-json\/wp\/v2\/product\/18583","targetHints":{"allow":["GET"]}}],"collection":[{"href":"https:\/\/serafinozani.it\/en\/wp-json\/wp\/v2\/product"}],"about":[{"href":"https:\/\/serafinozani.it\/en\/wp-json\/wp\/v2\/types\/product"}],"wp:featuredmedia":[{"embeddable":true,"href":"https:\/\/serafinozani.it\/en\/wp-json\/wp\/v2\/media\/18584"}],"wp:attachment":[{"href":"https:\/\/serafinozani.it\/en\/wp-json\/wp\/v2\/media?parent=18583"}],"wp:term":[{"taxonomy":"product_cat","embeddable":true,"href":"https:\/\/serafinozani.it\/en\/wp-json\/wp\/v2\/product_cat?post=18583"},{"taxonomy":"product_tag","embeddable":true,"href":"https:\/\/serafinozani.it\/en\/wp-json\/wp\/v2\/product_tag?post=18583"}],"curies":[{"name":"wp","href":"https:\/\/api.w.org\/{rel}","templated":true}]}}